{"id":17678,"date":"2021-03-11T10:41:25","date_gmt":"2021-03-11T02:41:25","guid":{"rendered":"https:\/\/www.fjpremium.com\/?post_type=product&#038;p=17678"},"modified":"2023-11-02T14:07:53","modified_gmt":"2023-11-02T06:07:53","slug":"3-5mm-male-to-3rca-male-plug-stereo-audio-video-aux-cable","status":"publish","type":"product","link":"https:\/\/www.fjpremium.com\/de\/product\/3-5mm-male-to-3rca-male-plug-stereo-audio-video-aux-cable\/","title":{"rendered":"3.5mm Stecker auf 3RCA Stecker Stereo Audio Video AUX Kabel"},"content":{"rendered":"<p>Egal, ob es sich um ein Smartphone (au\u00dfer iPhones), einen MP3-Player wie einen iPod oder Walkman oder ein Tablet wie ein iPad, Galaxy oder Fire handelt, dieses Audio-Video-AUX-Kabel ist Ihre L\u00f6sung f\u00fcr den Anschluss dieser Ger\u00e4te an einen Fernseher (au\u00dfer Sony-Fernseher), AV-Receiver, Verst\u00e4rker, Projektor oder ein anderes RCA-f\u00e4higes Ger\u00e4t.<\/p>\n<p>Es wird mit einem 3,5-mm-Stecker-auf-3-Cinch-Stecker-Audiokabel, vergoldeten Steckern, die korrosionsbest\u00e4ndig sind und eine zuverl\u00e4ssige Verbindung gew\u00e4hrleisten, und einem Kupferleiter f\u00fcr maximale Leitf\u00e4higkeit und Haltbarkeit geliefert.<\/p>\n<p>Der weiche, flexible PVC-Mantel sorgt f\u00fcr eine einfache Handhabung, und die blanken Kupferleiter verbessern die Leistung.<\/p>\n<p>Bitte beachten Sie jedoch, dass dieses Kabel keine Sony-Fernseher wie Sony XBV TV\/Bra Via TV und andere Sony-Modelle sowie keine Sony-Camcorder unterst\u00fctzt.<\/p>\n<p>Dar\u00fcber hinaus ist unser Audio-Video-AUX-Kabel in einer Spritzgussform untergebracht und hat einen Au\u00dfendurchmesser von 2,6\u00d77,8 mm. Und es entspricht den RoHS- und REACH-Normen.<\/p>\n<p>Erh\u00f6hen Sie also Ihr Audio-Video-Erlebnis mit diesem Kabel, einer zuverl\u00e4ssigen und hochwertigen Verbindung f\u00fcr Ihre Unterhaltungsbed\u00fcrfnisse.<\/p>\n<h2>Herunterladen:<\/h2>\n<ul>\n<li>Datenblatt f\u00fcr 3.5mm Stecker auf 3RCA Stecker Stereo Audio Adapter Koaxialkabel<\/li>\n<\/ul>\n<h2>Informationen zur Bestellung:<\/h2>\n<ul>\n<li>FS18010-010: 1.0M<\/li>\n<li>FS18010-018: 1,8 M<\/li>\n<li>FS18010-030: 3,0M<\/li>\n<li>FS18010-050: 5,0M<\/li>\n<\/ul>","protected":false},"excerpt":{"rendered":"<p>Dieses 3,5-mm-Stecker-auf-3RCA-Stecker-Stereo-Audio-Video-AUX-Kabel ist ein vielseitiger Stecker, der Ihre tragbaren Audioger\u00e4te mit Heim-Audiosystemen verbindet.<\/p>","protected":false},"featured_media":17679,"template":"","meta":{"_acf_changed":false,"_seopress_robots_primary_cat":"","_seopress_titles_title":"3.5mm Male to 3RCA Male Plug Stereo Audio Video AUX Cable - Farsince","_seopress_titles_desc":"Connect your audio and video devices with Farsince&#039;s 3.5mm Male to 3RCA Male Plug Stereo Audio Video AUX Cable. Our cable provides reliable and seamless connection for high-quality audio and video transfer. ","_seopress_robots_index":"","site-sidebar-layout":"default","site-content-layout":"default","ast-site-content-layout":"default","site-content-style":"default","site-sidebar-style":"default","ast-global-header-display":"","ast-banner-title-visibility":"","ast-main-header-display":"","ast-hfb-above-header-display":"","ast-hfb-below-header-display":"","ast-hfb-mobile-header-display":"","site-post-title":"","ast-breadcrumbs-content":"","ast-featured-img":"","footer-sml-layout":"","ast-disable-related-posts":"","theme-transparent-header-meta":"default","adv-header-id-meta":"","stick-header-meta":"","header-above-stick-meta":"","header-main-stick-meta":"","header-below-stick-meta":"","astra-migrate-meta-layouts":"set","ast-page-background-enabled":"default","ast-page-background-meta":{"desktop":{"background-color":"","background-image":"","background-repeat":"repeat","background-position":"center center","background-size":"auto","background-attachment":"scroll","background-type":"","background-media":"","overlay-type":"","overlay-color":"","overlay-opacity":"","overlay-gradient":""},"tablet":{"background-color":"","background-image":"","background-repeat":"repeat","background-position":"center center","background-size":"auto","background-attachment":"scroll","background-type":"","background-media":"","overlay-type":"","overlay-color":"","overlay-opacity":"","overlay-gradient":""},"mobile":{"background-color":"","background-image":"","background-repeat":"repeat","background-position":"center center","background-size":"auto","background-attachment":"scroll","background-type":"","background-media":"","overlay-type":"","overlay-color":"","overlay-opacity":"","overlay-gradient":""}},"ast-content-background-meta":{"desktop":{"background-color":"var(--ast-global-color-5)","background-image":"","background-repeat":"repeat","background-position":"center center","background-size":"auto","background-attachment":"scroll","background-type":"","background-media":"","overlay-type":"","overlay-color":"","overlay-opacity":"","overlay-gradient":""},"tablet":{"background-color":"var(--ast-global-color-5)","background-image":"","background-repeat":"repeat","background-position":"center center","background-size":"auto","background-attachment":"scroll","background-type":"","background-media":"","overlay-type":"","overlay-color":"","overlay-opacity":"","overlay-gradient":""},"mobile":{"background-color":"var(--ast-global-color-5)","background-image":"","background-repeat":"repeat","background-position":"center center","background-size":"auto","background-attachment":"scroll","background-type":"","background-media":"","overlay-type":"","overlay-color":"","overlay-opacity":"","overlay-gradient":""}},"iawp_total_views":9},"product_brand":[],"product_cat":[219],"product_tag":[],"class_list":{"0":"post-17678","1":"product","2":"type-product","3":"status-publish","4":"has-post-thumbnail","6":"product_cat-audio-video","7":"desktop-align-left","8":"tablet-align-left","9":"mobile-align-left","11":"first","12":"instock","13":"shipping-taxable","14":"purchasable","15":"product-type-simple"},"acf":[],"_links":{"self":[{"href":"https:\/\/www.fjpremium.com\/de\/wp-json\/wp\/v2\/product\/17678","targetHints":{"allow":["GET"]}}],"collection":[{"href":"https:\/\/www.fjpremium.com\/de\/wp-json\/wp\/v2\/product"}],"about":[{"href":"https:\/\/www.fjpremium.com\/de\/wp-json\/wp\/v2\/types\/product"}],"wp:featuredmedia":[{"embeddable":true,"href":"https:\/\/www.fjpremium.com\/de\/wp-json\/wp\/v2\/media\/17679"}],"wp:attachment":[{"href":"https:\/\/www.fjpremium.com\/de\/wp-json\/wp\/v2\/media?parent=17678"}],"wp:term":[{"taxonomy":"product_brand","embeddable":true,"href":"https:\/\/www.fjpremium.com\/de\/wp-json\/wp\/v2\/product_brand?post=17678"},{"taxonomy":"product_cat","embeddable":true,"href":"https:\/\/www.fjpremium.com\/de\/wp-json\/wp\/v2\/product_cat?post=17678"},{"taxonomy":"product_tag","embeddable":true,"href":"https:\/\/www.fjpremium.com\/de\/wp-json\/wp\/v2\/product_tag?post=17678"}],"curies":[{"name":"wp","href":"https:\/\/api.w.org\/{rel}","templated":true}]}}