{"id":17669,"date":"2021-03-11T10:39:39","date_gmt":"2021-03-11T02:39:39","guid":{"rendered":"https:\/\/www.fjpremium.com\/?post_type=product&#038;p=17669"},"modified":"2023-05-24T15:10:52","modified_gmt":"2023-05-24T07:10:52","slug":"high-quality-3-5mm-male-to-2rca-male-stereo-audio-cable-with-metal-housing","status":"publish","type":"product","link":"https:\/\/www.fjpremium.com\/de\/product\/high-quality-3-5mm-male-to-2rca-male-stereo-audio-cable-with-metal-housing\/","title":{"rendered":"Hochwertiges 3,5-mm-Stecker-auf-2RCA-Stecker-Stereo-Audiokabel mit Metallgeh\u00e4use"},"content":{"rendered":"<p>Dieses Premium-Stereo-Audiokabel sorgt f\u00fcr ein reichhaltiges Klangerlebnis, da es \u00fcber einen 3,5-mm-Anschluss verf\u00fcgt, der mit der Kopfh\u00f6rerbuchse jedes Ger\u00e4ts kompatibel ist, sowie \u00fcber zwei Cinch-Stecker, die zu den linken und rechten Hilfseing\u00e4ngen Ihres Soundsystems passen.<\/p>\n<p>Ein weiterer Vorteil ist, dass Sie es an Ihr Quellger\u00e4t anschlie\u00dfen k\u00f6nnen, ohne das Geh\u00e4use Ihres Telefons abnehmen zu m\u00fcssen, dank des kompakten Metallgeh\u00e4uses.<\/p>\n<p>Unser hochwertiges Stereo-Audiokabel besteht aus Kupfer f\u00fcr optimale Leitf\u00e4higkeit und Langlebigkeit, vergoldeten Anschl\u00fcssen, die Korrosion verhindern und eine zuverl\u00e4ssige Verbindung gew\u00e4hrleisten, und einer 3,5-mm-Stecker-auf-2-Cinch-Stecker-Audiokabelkonstruktion.<\/p>\n<p>Au\u00dferdem ist das Kabel mit einem weichen, flexiblen PVC-Mantel umh\u00fcllt, um seine Langlebigkeit und einfache Handhabung zu erh\u00f6hen.<\/p>\n<p>Dar\u00fcber hinaus besteht der Kabelleiter entweder aus blankem Kupfer oder CCS mit einem Drahtdurchmesser von 28AWG 10\/0,1mm.<\/p>\n<p>Er hat einen Au\u00dfendurchmesser von 2,6\u00d75,2 mm, ein Spritzgussgeh\u00e4use und entspricht den RoHS- und REACH-Vorschriften.<\/p>\n<p>Vertrauen Sie auf dieses Kabel, wenn es um eine insgesamt bessere Audioqualit\u00e4t geht. Es dient als zuverl\u00e4ssige, hochwertige Verbindung f\u00fcr alle Ihre Stereo-Audio-Anforderungen.<\/p>\n<h2>Herunterladen:<\/h2>\n<ul>\n<li>Datenblatt f\u00fcr Hochwertiges 3.5mm Stecker auf 2RCA Stecker Stereo Audio Adapter Koaxialkabel<\/li>\n<\/ul>\n<h2>Informationen zur Bestellung:<\/h2>\n<ul>\n<li>FS18009A-010: 1.0M<\/li>\n<li>FS18009A-018: 1,8 M<\/li>\n<li>FS18009A-030: 3,0M<\/li>\n<li>FS18009A-050: 5,0M<\/li>\n<\/ul>","protected":false},"excerpt":{"rendered":"<p>Erleben Sie den besten Klang mit unserem Stereo-Audiokabel, einer optimalen L\u00f6sung f\u00fcr den Anschluss Ihres Handys, MP3-Players oder PCs an Ihr Heim-Audiosystem<\/p>","protected":false},"featured_media":17670,"template":"","meta":{"_acf_changed":false,"_seopress_robots_primary_cat":"","_seopress_titles_title":"3.5mm Male to 2RCA Male Stereo Audio Cable - Farsince","_seopress_titles_desc":"","_seopress_robots_index":"","site-sidebar-layout":"default","site-content-layout":"default","ast-site-content-layout":"default","site-content-style":"default","site-sidebar-style":"default","ast-global-header-display":"","ast-banner-title-visibility":"","ast-main-header-display":"","ast-hfb-above-header-display":"","ast-hfb-below-header-display":"","ast-hfb-mobile-header-display":"","site-post-title":"","ast-breadcrumbs-content":"","ast-featured-img":"","footer-sml-layout":"","ast-disable-related-posts":"","theme-transparent-header-meta":"default","adv-header-id-meta":"","stick-header-meta":"","header-above-stick-meta":"","header-main-stick-meta":"","header-below-stick-meta":"","astra-migrate-meta-layouts":"default","ast-page-background-enabled":"default","ast-page-background-meta":{"desktop":{"background-color":"","background-image":"","background-repeat":"repeat","background-position":"center center","background-size":"auto","background-attachment":"scroll","background-type":"","background-media":"","overlay-type":"","overlay-color":"","overlay-opacity":"","overlay-gradient":""},"tablet":{"background-color":"","background-image":"","background-repeat":"repeat","background-position":"center center","background-size":"auto","background-attachment":"scroll","background-type":"","background-media":"","overlay-type":"","overlay-color":"","overlay-opacity":"","overlay-gradient":""},"mobile":{"background-color":"","background-image":"","background-repeat":"repeat","background-position":"center center","background-size":"auto","background-attachment":"scroll","background-type":"","background-media":"","overlay-type":"","overlay-color":"","overlay-opacity":"","overlay-gradient":""}},"ast-content-background-meta":{"desktop":{"background-color":"var(--ast-global-color-5)","background-image":"","background-repeat":"repeat","background-position":"center center","background-size":"auto","background-attachment":"scroll","background-type":"","background-media":"","overlay-type":"","overlay-color":"","overlay-opacity":"","overlay-gradient":""},"tablet":{"background-color":"var(--ast-global-color-5)","background-image":"","background-repeat":"repeat","background-position":"center center","background-size":"auto","background-attachment":"scroll","background-type":"","background-media":"","overlay-type":"","overlay-color":"","overlay-opacity":"","overlay-gradient":""},"mobile":{"background-color":"var(--ast-global-color-5)","background-image":"","background-repeat":"repeat","background-position":"center center","background-size":"auto","background-attachment":"scroll","background-type":"","background-media":"","overlay-type":"","overlay-color":"","overlay-opacity":"","overlay-gradient":""}},"iawp_total_views":2},"product_brand":[],"product_cat":[219],"product_tag":[],"class_list":{"0":"post-17669","1":"product","2":"type-product","3":"status-publish","4":"has-post-thumbnail","6":"product_cat-audio-video","7":"desktop-align-left","8":"tablet-align-left","9":"mobile-align-left","11":"first","12":"instock","13":"shipping-taxable","14":"purchasable","15":"product-type-simple"},"acf":[],"_links":{"self":[{"href":"https:\/\/www.fjpremium.com\/de\/wp-json\/wp\/v2\/product\/17669","targetHints":{"allow":["GET"]}}],"collection":[{"href":"https:\/\/www.fjpremium.com\/de\/wp-json\/wp\/v2\/product"}],"about":[{"href":"https:\/\/www.fjpremium.com\/de\/wp-json\/wp\/v2\/types\/product"}],"wp:featuredmedia":[{"embeddable":true,"href":"https:\/\/www.fjpremium.com\/de\/wp-json\/wp\/v2\/media\/17670"}],"wp:attachment":[{"href":"https:\/\/www.fjpremium.com\/de\/wp-json\/wp\/v2\/media?parent=17669"}],"wp:term":[{"taxonomy":"product_brand","embeddable":true,"href":"https:\/\/www.fjpremium.com\/de\/wp-json\/wp\/v2\/product_brand?post=17669"},{"taxonomy":"product_cat","embeddable":true,"href":"https:\/\/www.fjpremium.com\/de\/wp-json\/wp\/v2\/product_cat?post=17669"},{"taxonomy":"product_tag","embeddable":true,"href":"https:\/\/www.fjpremium.com\/de\/wp-json\/wp\/v2\/product_tag?post=17669"}],"curies":[{"name":"wp","href":"https:\/\/api.w.org\/{rel}","templated":true}]}}