{"id":17659,"date":"2021-03-11T10:37:50","date_gmt":"2021-03-11T02:37:50","guid":{"rendered":"https:\/\/www.fjpremium.com\/?post_type=product&#038;p=17659"},"modified":"2023-05-24T15:12:16","modified_gmt":"2023-05-24T07:12:16","slug":"3-5mm-male-to-2rca-male-stereo-audio-adapter-coaxial-cable","status":"publish","type":"product","link":"https:\/\/www.fjpremium.com\/de\/product\/3-5mm-male-to-2rca-male-stereo-audio-adapter-coaxial-cable\/","title":{"rendered":"3,5-mm-Stecker auf 2RCA-Stecker Stereo-Audio-Koaxialkabel-Adapter"},"content":{"rendered":"<p>Mit unserem Koaxialkabel-Adapter k\u00f6nnen Sie Ihr Handy, Ihren iPod, MP3-Player, Ihr Tablet oder Ihren PC an Ihr Heim-Audiosystem anschlie\u00dfen und so die Vielseitigkeit und Funktionalit\u00e4t Ihrer Audioger\u00e4te erh\u00f6hen.<\/p>\n<p>Es besteht aus einem 3,5 mm (1\/8\u2033 Kopfh\u00f6rerstecker) auf 2 RCA (rechts\/links) Stereo-Patchkabel.<\/p>\n<p>Er ist so konzipiert, dass der 3,5-mm-Stecker in die Kopfh\u00f6rerbuchse Ihres Ger\u00e4ts oder Computers und die 2 RCA-Stecker in den linken und rechten AUX-Eingang Ihres Soundsystems eingesteckt werden.<\/p>\n<p>Hervorragende Audioqualit\u00e4t ist eines der Hauptmerkmale dieses High-End-Koaxialkabeladapters.<\/p>\n<p>Es liefert eine gleichbleibende Leistung \u00fcber die gesamte L\u00e4nge und bietet eine vielseitige Verbindung zwischen Hardware f\u00fcr alle Ihre Stereo-Audio-Anforderungen.<\/p>\n<p>Und der schlanke Metallstecker ist so konzipiert, dass Sie ihn an Ihr Quellger\u00e4t anschlie\u00dfen k\u00f6nnen, ohne die Handyh\u00fclle abnehmen zu m\u00fcssen.<\/p>\n<p>Unser Koaxialkabeladapter verf\u00fcgt \u00fcber vergoldete Stecker f\u00fcr Korrosionsbest\u00e4ndigkeit und zuverl\u00e4ssige Verbindungen sowie Kupfer f\u00fcr maximale Leitf\u00e4higkeit und Haltbarkeit.<\/p>\n<p>Der weiche, flexible PVC-Mantel und die blanken Kupferleiter sorgen f\u00fcr bessere Leistung und einfaches Kabelmanagement.<\/p>\n<p>Dar\u00fcber hinaus besteht der Kabelleiter entweder aus blankem Kupfer oder aus CCS, mit einem Drahtdurchmesser von 28AWG 10\/0,1mm.<\/p>\n<p>Das Geh\u00e4use besteht aus einer Spritzgussform und hat einen Au\u00dfendurchmesser von 2,6\u00d75,2 mm, was den Anforderungen von RoHS und REACH entspricht.<\/p>\n<p>Alles in allem ist dieser Adapter eine erstklassige Wahl f\u00fcr Sie, wenn Sie Ihre Audioprojekte aufwerten m\u00f6chten.<\/p>\n<h2>Herunterladen:<\/h2>\n<ul>\n<li>Datenblatt f\u00fcr 3.5mm Stecker auf 2RCA Stecker Stereo Audio Adapter Koaxialkabel<\/li>\n<\/ul>\n<h2>Informationen zur Bestellung:<\/h2>\n<ul>\n<li>FS18009-010: 1.0M<\/li>\n<li>FS18009-018: 1,8 M<\/li>\n<li>FS18009-030: 3,0M<\/li>\n<li>FS18009-050: 5,0M<\/li>\n<\/ul>","protected":false},"excerpt":{"rendered":"<p>Dieser Farsince 3,5-mm-Stecker-zu-2RCA-Stecker-Stereo-Audio-Koaxialkabel-Adapter ist eine zuverl\u00e4ssige und hochwertige Wahl f\u00fcr die Verbesserung Ihrer Audio-Erlebnisse.<\/p>","protected":false},"featured_media":17660,"template":"","meta":{"_acf_changed":false,"_seopress_robots_primary_cat":"","_seopress_titles_title":"Stereo Audio Coaxial Cable Adapter - Farsince","_seopress_titles_desc":"","_seopress_robots_index":"","site-sidebar-layout":"default","site-content-layout":"default","ast-site-content-layout":"default","site-content-style":"default","site-sidebar-style":"default","ast-global-header-display":"","ast-banner-title-visibility":"","ast-main-header-display":"","ast-hfb-above-header-display":"","ast-hfb-below-header-display":"","ast-hfb-mobile-header-display":"","site-post-title":"","ast-breadcrumbs-content":"","ast-featured-img":"","footer-sml-layout":"","ast-disable-related-posts":"","theme-transparent-header-meta":"default","adv-header-id-meta":"","stick-header-meta":"","header-above-stick-meta":"","header-main-stick-meta":"","header-below-stick-meta":"","astra-migrate-meta-layouts":"default","ast-page-background-enabled":"default","ast-page-background-meta":{"desktop":{"background-color":"","background-image":"","background-repeat":"repeat","background-position":"center center","background-size":"auto","background-attachment":"scroll","background-type":"","background-media":"","overlay-type":"","overlay-color":"","overlay-opacity":"","overlay-gradient":""},"tablet":{"background-color":"","background-image":"","background-repeat":"repeat","background-position":"center center","background-size":"auto","background-attachment":"scroll","background-type":"","background-media":"","overlay-type":"","overlay-color":"","overlay-opacity":"","overlay-gradient":""},"mobile":{"background-color":"","background-image":"","background-repeat":"repeat","background-position":"center center","background-size":"auto","background-attachment":"scroll","background-type":"","background-media":"","overlay-type":"","overlay-color":"","overlay-opacity":"","overlay-gradient":""}},"ast-content-background-meta":{"desktop":{"background-color":"var(--ast-global-color-5)","background-image":"","background-repeat":"repeat","background-position":"center center","background-size":"auto","background-attachment":"scroll","background-type":"","background-media":"","overlay-type":"","overlay-color":"","overlay-opacity":"","overlay-gradient":""},"tablet":{"background-color":"var(--ast-global-color-5)","background-image":"","background-repeat":"repeat","background-position":"center center","background-size":"auto","background-attachment":"scroll","background-type":"","background-media":"","overlay-type":"","overlay-color":"","overlay-opacity":"","overlay-gradient":""},"mobile":{"background-color":"var(--ast-global-color-5)","background-image":"","background-repeat":"repeat","background-position":"center center","background-size":"auto","background-attachment":"scroll","background-type":"","background-media":"","overlay-type":"","overlay-color":"","overlay-opacity":"","overlay-gradient":""}},"iawp_total_views":12},"product_brand":[],"product_cat":[219],"product_tag":[],"class_list":{"0":"post-17659","1":"product","2":"type-product","3":"status-publish","4":"has-post-thumbnail","6":"product_cat-audio-video","7":"desktop-align-left","8":"tablet-align-left","9":"mobile-align-left","11":"first","12":"instock","13":"shipping-taxable","14":"purchasable","15":"product-type-simple"},"acf":[],"_links":{"self":[{"href":"https:\/\/www.fjpremium.com\/de\/wp-json\/wp\/v2\/product\/17659","targetHints":{"allow":["GET"]}}],"collection":[{"href":"https:\/\/www.fjpremium.com\/de\/wp-json\/wp\/v2\/product"}],"about":[{"href":"https:\/\/www.fjpremium.com\/de\/wp-json\/wp\/v2\/types\/product"}],"wp:featuredmedia":[{"embeddable":true,"href":"https:\/\/www.fjpremium.com\/de\/wp-json\/wp\/v2\/media\/17660"}],"wp:attachment":[{"href":"https:\/\/www.fjpremium.com\/de\/wp-json\/wp\/v2\/media?parent=17659"}],"wp:term":[{"taxonomy":"product_brand","embeddable":true,"href":"https:\/\/www.fjpremium.com\/de\/wp-json\/wp\/v2\/product_brand?post=17659"},{"taxonomy":"product_cat","embeddable":true,"href":"https:\/\/www.fjpremium.com\/de\/wp-json\/wp\/v2\/product_cat?post=17659"},{"taxonomy":"product_tag","embeddable":true,"href":"https:\/\/www.fjpremium.com\/de\/wp-json\/wp\/v2\/product_tag?post=17659"}],"curies":[{"name":"wp","href":"https:\/\/api.w.org\/{rel}","templated":true}]}}