{"id":17649,"date":"2021-03-11T10:36:21","date_gmt":"2021-03-11T02:36:21","guid":{"rendered":"https:\/\/www.fjpremium.com\/?post_type=product&#038;p=17649"},"modified":"2023-05-24T15:13:39","modified_gmt":"2023-05-24T07:13:39","slug":"3-5mm-female-to-2-dual-3-5mm-male-headphone-mic-audio-y-splitter-cable","status":"publish","type":"product","link":"https:\/\/www.fjpremium.com\/de\/product\/3-5mm-female-to-2-dual-3-5mm-male-headphone-mic-audio-y-splitter-cable\/","title":{"rendered":"3,5-mm-Buchse auf 2 duale 3,5-mm-Stecker Kopfh\u00f6rer-Mikrofon-Audio-Y-Splitterkabel"},"content":{"rendered":"<p>Mit diesem Y-Splitterkabel k\u00f6nnen Sie Ihre modernen Headsets, die sowohl mit Audio- als auch mit Mikrofonfunktionen ausgestattet sind, an einem PC oder Laptop f\u00fcr eine Vielzahl von VOIP-Anwendungen wie Skype, MSN Messenger, Yahoo, Google Voice und mehr verwenden.<\/p>\n<p>Er wurde entwickelt, um die Verbindungen zu vereinfachen, und verbindet Ihr Stereo-Headset und Ihr Mikrofon gleichzeitig mit einem Audio- und Mikrofonanschluss des PCs.<\/p>\n<p>Der 3,5-mm-Audioanschluss erm\u00f6glicht den Anschluss eines Mono-Mikrofoneingangs und eines Stereoausgangs an Ihren PC oder Laptop.<\/p>\n<p>Die 24-kar\u00e4tige Goldbeschichtung unseres Kabels verbessert die Klangqualit\u00e4t und minimiert Verluste, w\u00e4hrend die Kupferleiter f\u00fcr maximale Leitf\u00e4higkeit und Haltbarkeit sorgen.<\/p>\n<p>Der flexible PVC-Mantel und die blanken Kupferleiter verbessern die Leistung zus\u00e4tzlich.<\/p>\n<p>Dar\u00fcber hinaus verf\u00fcgt das Kabel \u00fcber zwei 3,5-mm-Stereo-Stecker und eine 3,5-mm-Stereo-Buchse, alle mit vergoldeten Kontakten und Geh\u00e4usen f\u00fcr optimale Leistung.<\/p>\n<p>Er ist in einem Spritzgussgeh\u00e4use untergebracht, hat einen Au\u00dfendurchmesser von 2,6\u00d75,2 mm und eine Drahtst\u00e4rke von 30 AWG und entspricht den RoHS- und REACH-Vorschriften.<\/p>\n<p>W\u00e4hlen Sie daher dieses Y-Splitterkabel f\u00fcr ein nahtloses, hochwertiges Audioerlebnis.<\/p>\n<h2>Herunterladen:<\/h2>\n<ul>\n<li>Datenblatt f\u00fcr 3.5mm Buchse auf 2 Dual 3.5mm Stecker Kopfh\u00f6rer Mikrofon Audio Y Splitter Kabel<\/li>\n<\/ul>\n<h2>Informationen zur Bestellung:<\/h2>\n<ul>\n<li>FS18005: 0,2 m<\/li>\n<\/ul>","protected":false},"excerpt":{"rendered":"<p>Erweitern Sie Ihre Audiom\u00f6glichkeiten mit dem vielseitigen 3,5-mm-Buchsen-zu-2-Dual-3,5-mm-Stecker-Kopfh\u00f6rer-Mic-Audio-Y-Splitterkabel von Farsince.<\/p>","protected":false},"featured_media":17650,"template":"","meta":{"_acf_changed":false,"_seopress_robots_primary_cat":"","_seopress_titles_title":"Headphone Mic Audio Y Splitter Cable - Farsince","_seopress_titles_desc":"","_seopress_robots_index":"","site-sidebar-layout":"default","site-content-layout":"default","ast-site-content-layout":"default","site-content-style":"default","site-sidebar-style":"default","ast-global-header-display":"","ast-banner-title-visibility":"","ast-main-header-display":"","ast-hfb-above-header-display":"","ast-hfb-below-header-display":"","ast-hfb-mobile-header-display":"","site-post-title":"","ast-breadcrumbs-content":"","ast-featured-img":"","footer-sml-layout":"","ast-disable-related-posts":"","theme-transparent-header-meta":"default","adv-header-id-meta":"","stick-header-meta":"","header-above-stick-meta":"","header-main-stick-meta":"","header-below-stick-meta":"","astra-migrate-meta-layouts":"default","ast-page-background-enabled":"default","ast-page-background-meta":{"desktop":{"background-color":"","background-image":"","background-repeat":"repeat","background-position":"center center","background-size":"auto","background-attachment":"scroll","background-type":"","background-media":"","overlay-type":"","overlay-color":"","overlay-opacity":"","overlay-gradient":""},"tablet":{"background-color":"","background-image":"","background-repeat":"repeat","background-position":"center center","background-size":"auto","background-attachment":"scroll","background-type":"","background-media":"","overlay-type":"","overlay-color":"","overlay-opacity":"","overlay-gradient":""},"mobile":{"background-color":"","background-image":"","background-repeat":"repeat","background-position":"center center","background-size":"auto","background-attachment":"scroll","background-type":"","background-media":"","overlay-type":"","overlay-color":"","overlay-opacity":"","overlay-gradient":""}},"ast-content-background-meta":{"desktop":{"background-color":"var(--ast-global-color-5)","background-image":"","background-repeat":"repeat","background-position":"center center","background-size":"auto","background-attachment":"scroll","background-type":"","background-media":"","overlay-type":"","overlay-color":"","overlay-opacity":"","overlay-gradient":""},"tablet":{"background-color":"var(--ast-global-color-5)","background-image":"","background-repeat":"repeat","background-position":"center center","background-size":"auto","background-attachment":"scroll","background-type":"","background-media":"","overlay-type":"","overlay-color":"","overlay-opacity":"","overlay-gradient":""},"mobile":{"background-color":"var(--ast-global-color-5)","background-image":"","background-repeat":"repeat","background-position":"center center","background-size":"auto","background-attachment":"scroll","background-type":"","background-media":"","overlay-type":"","overlay-color":"","overlay-opacity":"","overlay-gradient":""}},"iawp_total_views":5},"product_brand":[],"product_cat":[219],"product_tag":[],"class_list":{"0":"post-17649","1":"product","2":"type-product","3":"status-publish","4":"has-post-thumbnail","6":"product_cat-audio-video","7":"desktop-align-left","8":"tablet-align-left","9":"mobile-align-left","11":"first","12":"instock","13":"shipping-taxable","14":"purchasable","15":"product-type-simple"},"acf":[],"_links":{"self":[{"href":"https:\/\/www.fjpremium.com\/de\/wp-json\/wp\/v2\/product\/17649","targetHints":{"allow":["GET"]}}],"collection":[{"href":"https:\/\/www.fjpremium.com\/de\/wp-json\/wp\/v2\/product"}],"about":[{"href":"https:\/\/www.fjpremium.com\/de\/wp-json\/wp\/v2\/types\/product"}],"wp:featuredmedia":[{"embeddable":true,"href":"https:\/\/www.fjpremium.com\/de\/wp-json\/wp\/v2\/media\/17650"}],"wp:attachment":[{"href":"https:\/\/www.fjpremium.com\/de\/wp-json\/wp\/v2\/media?parent=17649"}],"wp:term":[{"taxonomy":"product_brand","embeddable":true,"href":"https:\/\/www.fjpremium.com\/de\/wp-json\/wp\/v2\/product_brand?post=17649"},{"taxonomy":"product_cat","embeddable":true,"href":"https:\/\/www.fjpremium.com\/de\/wp-json\/wp\/v2\/product_cat?post=17649"},{"taxonomy":"product_tag","embeddable":true,"href":"https:\/\/www.fjpremium.com\/de\/wp-json\/wp\/v2\/product_tag?post=17649"}],"curies":[{"name":"wp","href":"https:\/\/api.w.org\/{rel}","templated":true}]}}