{"id":17642,"date":"2021-03-11T10:33:53","date_gmt":"2021-03-11T02:33:53","guid":{"rendered":"https:\/\/www.fjpremium.com\/?post_type=product&#038;p=17642"},"modified":"2023-11-02T14:12:59","modified_gmt":"2023-11-02T06:12:59","slug":"headset-y-splitter-cable-3-5mm-male-to-separate-stereo-microphone-female-jack-cable","status":"publish","type":"product","link":"https:\/\/www.fjpremium.com\/de\/product\/headset-y-splitter-cable-3-5mm-male-to-separate-stereo-microphone-female-jack-cable\/","title":{"rendered":"Y-Splitter-Headset-Adapter, 3,5-mm-Stecker auf separates Stereo- und Mikrofonbuchsenkabel"},"content":{"rendered":"<p>Der sorgf\u00e4ltig entworfene Y-Splitter-Headset-Adapter erm\u00f6glicht es Ihnen, Ihre Headsets mit separaten Kopfh\u00f6rer- und Mikrofonbuchsen nahtlos an Ihren Computer anzuschlie\u00dfen, wodurch die Barriere von Ger\u00e4ten mit nur einer Kopfh\u00f6rerbuchse beseitigt wird.<\/p>\n<p>Die 24-kar\u00e4tige Vergoldung verbessert die Klangqualit\u00e4t und reduziert gleichzeitig den Klangverlust, so dass ein unvergleichliches Klangerlebnis entsteht.<\/p>\n<p>Das robuste, blanke Kupfer maximiert die Leitf\u00e4higkeit und Haltbarkeit und verspricht eine lang anhaltende Leistung.<\/p>\n<p>Ein flexibler PVC-Mantel umgibt unser Kabel und gew\u00e4hrleistet seine Integrit\u00e4t unter allen Umst\u00e4nden.<\/p>\n<p>Seine Spezifikationen:<\/p>\n<ul>\n<li>Drahtst\u00e4rke: 30AWG<\/li>\n<li>Abschirmung: N\/A<\/li>\n<li>Geh\u00e4use: Spritzgussform<\/li>\n<li>Chip: N\/M<\/li>\n<li>\u00c4u\u00dferer Durchmesser: 2,6\u00d75,2mm<\/li>\n<\/ul>\n<p>Tauchen Sie mit ihm in ein Universum von hochwertigem Klang ein, das die RoHS- und REACH-Normen erf\u00fcllt. Kurzum, kontaktieren Sie uns noch heute und bestellen Sie es.<\/p>","protected":false},"excerpt":{"rendered":"<p>Entfesseln Sie \u00fcberragende Audioqualit\u00e4t mit dem Y-Splitter-Headset-Adapter von Farsince, der durch seine 24K-vergoldeten Komponenten klaren Sound liefert.<\/p>","protected":false},"featured_media":17645,"template":"","meta":{"_acf_changed":false,"_seopress_robots_primary_cat":"","_seopress_titles_title":"Y Splitter Headset Adapter Cable 3.5mm Male to Separate Stereo\/Microphone Female Jack Cable - Farsince","_seopress_titles_desc":"Connect your headset with Farsince&#039;s Y Splitter Headset Adapter Cable. Our cable features a 3.5mm male connector and separate stereo\/microphone female jacks, allowing you to use your headset with devices that have separate audio and microphone inputs. ","_seopress_robots_index":"","site-sidebar-layout":"default","site-content-layout":"default","ast-site-content-layout":"default","site-content-style":"default","site-sidebar-style":"default","ast-global-header-display":"","ast-banner-title-visibility":"","ast-main-header-display":"","ast-hfb-above-header-display":"","ast-hfb-below-header-display":"","ast-hfb-mobile-header-display":"","site-post-title":"","ast-breadcrumbs-content":"","ast-featured-img":"","footer-sml-layout":"","ast-disable-related-posts":"","theme-transparent-header-meta":"default","adv-header-id-meta":"","stick-header-meta":"","header-above-stick-meta":"","header-main-stick-meta":"","header-below-stick-meta":"","astra-migrate-meta-layouts":"set","ast-page-background-enabled":"default","ast-page-background-meta":{"desktop":{"background-color":"","background-image":"","background-repeat":"repeat","background-position":"center center","background-size":"auto","background-attachment":"scroll","background-type":"","background-media":"","overlay-type":"","overlay-color":"","overlay-opacity":"","overlay-gradient":""},"tablet":{"background-color":"","background-image":"","background-repeat":"repeat","background-position":"center center","background-size":"auto","background-attachment":"scroll","background-type":"","background-media":"","overlay-type":"","overlay-color":"","overlay-opacity":"","overlay-gradient":""},"mobile":{"background-color":"","background-image":"","background-repeat":"repeat","background-position":"center center","background-size":"auto","background-attachment":"scroll","background-type":"","background-media":"","overlay-type":"","overlay-color":"","overlay-opacity":"","overlay-gradient":""}},"ast-content-background-meta":{"desktop":{"background-color":"var(--ast-global-color-5)","background-image":"","background-repeat":"repeat","background-position":"center center","background-size":"auto","background-attachment":"scroll","background-type":"","background-media":"","overlay-type":"","overlay-color":"","overlay-opacity":"","overlay-gradient":""},"tablet":{"background-color":"var(--ast-global-color-5)","background-image":"","background-repeat":"repeat","background-position":"center center","background-size":"auto","background-attachment":"scroll","background-type":"","background-media":"","overlay-type":"","overlay-color":"","overlay-opacity":"","overlay-gradient":""},"mobile":{"background-color":"var(--ast-global-color-5)","background-image":"","background-repeat":"repeat","background-position":"center center","background-size":"auto","background-attachment":"scroll","background-type":"","background-media":"","overlay-type":"","overlay-color":"","overlay-opacity":"","overlay-gradient":""}},"iawp_total_views":7},"product_brand":[],"product_cat":[219],"product_tag":[],"class_list":{"0":"post-17642","1":"product","2":"type-product","3":"status-publish","4":"has-post-thumbnail","6":"product_cat-audio-video","7":"desktop-align-left","8":"tablet-align-left","9":"mobile-align-left","11":"first","12":"instock","13":"shipping-taxable","14":"purchasable","15":"product-type-simple"},"acf":[],"_links":{"self":[{"href":"https:\/\/www.fjpremium.com\/de\/wp-json\/wp\/v2\/product\/17642","targetHints":{"allow":["GET"]}}],"collection":[{"href":"https:\/\/www.fjpremium.com\/de\/wp-json\/wp\/v2\/product"}],"about":[{"href":"https:\/\/www.fjpremium.com\/de\/wp-json\/wp\/v2\/types\/product"}],"wp:featuredmedia":[{"embeddable":true,"href":"https:\/\/www.fjpremium.com\/de\/wp-json\/wp\/v2\/media\/17645"}],"wp:attachment":[{"href":"https:\/\/www.fjpremium.com\/de\/wp-json\/wp\/v2\/media?parent=17642"}],"wp:term":[{"taxonomy":"product_brand","embeddable":true,"href":"https:\/\/www.fjpremium.com\/de\/wp-json\/wp\/v2\/product_brand?post=17642"},{"taxonomy":"product_cat","embeddable":true,"href":"https:\/\/www.fjpremium.com\/de\/wp-json\/wp\/v2\/product_cat?post=17642"},{"taxonomy":"product_tag","embeddable":true,"href":"https:\/\/www.fjpremium.com\/de\/wp-json\/wp\/v2\/product_tag?post=17642"}],"curies":[{"name":"wp","href":"https:\/\/api.w.org\/{rel}","templated":true}]}}