{"id":17632,"date":"2021-03-11T10:31:05","date_gmt":"2021-03-11T02:31:05","guid":{"rendered":"https:\/\/www.fjpremium.com\/?post_type=product&#038;p=17632"},"modified":"2023-05-24T15:17:29","modified_gmt":"2023-05-24T07:17:29","slug":"90-degree-angle-3-5mm-male-to-male-aux-stereo-audio-cable","status":"publish","type":"product","link":"https:\/\/www.fjpremium.com\/de\/product\/90-degree-angle-3-5mm-male-to-male-aux-stereo-audio-cable\/","title":{"rendered":"90-Grad-Winkel 3,5-mm-Audiokabel, Stecker auf Stecker"},"content":{"rendered":"<p>Unser Stecker-zu-Stecker-Audiokabel ist mit einem 3,5-mm-Aux-Anschluss (AUX) ausgestattet, um ultimative Kompatibilit\u00e4t und Komfort zu gew\u00e4hrleisten.<\/p>\n<p>Sein herausragendes Merkmal ist der um 90 Grad abgewinkelte Anschluss.<\/p>\n<p>Dieses Design erm\u00f6glicht einen bequemen Zugang zu den Anschl\u00fcssen und verringert die Belastung an der Anschlussstelle, um Sch\u00e4den am Kabel und an den Anschl\u00fcssen Ihrer Ger\u00e4te zu vermeiden.<\/p>\n<p>Der weiche PVC-Mantel und die Formgebung verbessern die Flexibilit\u00e4t und Langlebigkeit des Kabels zus\u00e4tzlich und sorgen f\u00fcr eine robuste und langlebige Verbindung.<\/p>\n<p>Mit dem Audiokabel von Stecker zu Stecker k\u00f6nnen Sie nahtlos Stereoton \u00fcbertragen, um eine hohe Klangqualit\u00e4t zu gew\u00e4hrleisten und gleichzeitig Signalverluste und Rauschen zu reduzieren.<\/p>\n<p>Diese \u00fcberragende Leistung wird durch die Kombination von vergoldeten Anschl\u00fcssen und blanken Kupferleitern erm\u00f6glicht, die eine verlustfreie Audio\u00fcbertragung und ein beeindruckendes Klangerlebnis gew\u00e4hrleisten.<\/p>\n<p>Au\u00dferdem verf\u00fcgt dieses Audiokabel \u00fcber einen abgewinkelten 3,5-mm-Stereo-Stecker und einen 3,5-mm-Stereo-Stecker, beide mit vergoldeten Kontakten und Geh\u00e4usen.<\/p>\n<p>Der Kabelleiter kann CCS sein, mit einem Drahtdurchmesser von 30AWG.<\/p>\n<p>Und das Geh\u00e4use ist eine Spritzgussform mit einem Au\u00dfendurchmesser von 3,0\u00b10,2 mm. Die Einhaltung der RoHS- und REACH-Normen ist ein Beweis f\u00fcr die Qualit\u00e4t und Sicherheit des Kabels.<\/p>\n<p>Zusammenfassend l\u00e4sst sich sagen, dass unser Kabel eine zuverl\u00e4ssige und leistungsstarke L\u00f6sung f\u00fcr alle Ihre Anforderungen an Audioverbindungen darstellt.<\/p>\n<p>Genie\u00dfen Sie hervorragende Klangqualit\u00e4t und Langlebigkeit mit diesem vielseitigen Audiokabel von Stecker zu Stecker.<\/p>\n<h2>Herunterladen:<\/h2>\n<ul>\n<li>Datenblatt f\u00fcr 90-Grad-Winkel 3.5mm Stecker auf Stecker AUX Stereo-Audiokabel<\/li>\n<\/ul>\n<h2>Informationen zur Bestellung:<\/h2>\n<ul>\n<li>FS18002-010: 1.0M<\/li>\n<li>FS18002-018: 1,8 M<\/li>\n<li>FS18002-030: 3,0M<\/li>\n<li>FS18002-050: 5,0M<\/li>\n<\/ul>","protected":false},"excerpt":{"rendered":"<p>Dieses hochwertige Audiokabel von Stecker zu Stecker ist die perfekte L\u00f6sung f\u00fcr den Anschluss Ihrer Audioger\u00e4te an Kopfh\u00f6rer, Lautsprecher oder Auto-Stereoanlagen.<\/p>","protected":false},"featured_media":0,"template":"","meta":{"_acf_changed":false,"_seopress_robots_primary_cat":"","_seopress_titles_title":"90 Degree Angle 3.5mm Male to Male Audio Cable - Farsince","_seopress_titles_desc":"","_seopress_robots_index":"","site-sidebar-layout":"default","site-content-layout":"default","ast-site-content-layout":"default","site-content-style":"default","site-sidebar-style":"default","ast-global-header-display":"","ast-banner-title-visibility":"","ast-main-header-display":"","ast-hfb-above-header-display":"","ast-hfb-below-header-display":"","ast-hfb-mobile-header-display":"","site-post-title":"","ast-breadcrumbs-content":"","ast-featured-img":"","footer-sml-layout":"","ast-disable-related-posts":"","theme-transparent-header-meta":"default","adv-header-id-meta":"","stick-header-meta":"","header-above-stick-meta":"","header-main-stick-meta":"","header-below-stick-meta":"","astra-migrate-meta-layouts":"default","ast-page-background-enabled":"default","ast-page-background-meta":{"desktop":{"background-color":"","background-image":"","background-repeat":"repeat","background-position":"center center","background-size":"auto","background-attachment":"scroll","background-type":"","background-media":"","overlay-type":"","overlay-color":"","overlay-opacity":"","overlay-gradient":""},"tablet":{"background-color":"","background-image":"","background-repeat":"repeat","background-position":"center center","background-size":"auto","background-attachment":"scroll","background-type":"","background-media":"","overlay-type":"","overlay-color":"","overlay-opacity":"","overlay-gradient":""},"mobile":{"background-color":"","background-image":"","background-repeat":"repeat","background-position":"center center","background-size":"auto","background-attachment":"scroll","background-type":"","background-media":"","overlay-type":"","overlay-color":"","overlay-opacity":"","overlay-gradient":""}},"ast-content-background-meta":{"desktop":{"background-color":"var(--ast-global-color-5)","background-image":"","background-repeat":"repeat","background-position":"center center","background-size":"auto","background-attachment":"scroll","background-type":"","background-media":"","overlay-type":"","overlay-color":"","overlay-opacity":"","overlay-gradient":""},"tablet":{"background-color":"var(--ast-global-color-5)","background-image":"","background-repeat":"repeat","background-position":"center center","background-size":"auto","background-attachment":"scroll","background-type":"","background-media":"","overlay-type":"","overlay-color":"","overlay-opacity":"","overlay-gradient":""},"mobile":{"background-color":"var(--ast-global-color-5)","background-image":"","background-repeat":"repeat","background-position":"center center","background-size":"auto","background-attachment":"scroll","background-type":"","background-media":"","overlay-type":"","overlay-color":"","overlay-opacity":"","overlay-gradient":""}},"iawp_total_views":9},"product_brand":[],"product_cat":[219],"product_tag":[],"class_list":{"0":"post-17632","1":"product","2":"type-product","3":"status-publish","5":"product_cat-audio-video","6":"desktop-align-left","7":"tablet-align-left","8":"mobile-align-left","10":"first","11":"instock","12":"shipping-taxable","13":"purchasable","14":"product-type-simple"},"acf":[],"_links":{"self":[{"href":"https:\/\/www.fjpremium.com\/de\/wp-json\/wp\/v2\/product\/17632","targetHints":{"allow":["GET"]}}],"collection":[{"href":"https:\/\/www.fjpremium.com\/de\/wp-json\/wp\/v2\/product"}],"about":[{"href":"https:\/\/www.fjpremium.com\/de\/wp-json\/wp\/v2\/types\/product"}],"wp:attachment":[{"href":"https:\/\/www.fjpremium.com\/de\/wp-json\/wp\/v2\/media?parent=17632"}],"wp:term":[{"taxonomy":"product_brand","embeddable":true,"href":"https:\/\/www.fjpremium.com\/de\/wp-json\/wp\/v2\/product_brand?post=17632"},{"taxonomy":"product_cat","embeddable":true,"href":"https:\/\/www.fjpremium.com\/de\/wp-json\/wp\/v2\/product_cat?post=17632"},{"taxonomy":"product_tag","embeddable":true,"href":"https:\/\/www.fjpremium.com\/de\/wp-json\/wp\/v2\/product_tag?post=17632"}],"curies":[{"name":"wp","href":"https:\/\/api.w.org\/{rel}","templated":true}]}}