{"id":17618,"date":"2021-03-10T17:12:23","date_gmt":"2021-03-10T09:12:23","guid":{"rendered":"https:\/\/www.fjpremium.com\/?post_type=product&#038;p=17618"},"modified":"2023-09-18T14:35:03","modified_gmt":"2023-09-18T06:35:03","slug":"sata-15p-to-6p-cable-sata-cable-15-pin-to-6pin-sata-adapter","status":"publish","type":"product","link":"https:\/\/www.fjpremium.com\/de\/product\/sata-15p-to-6p-cable-sata-cable-15-pin-to-6pin-sata-adapter\/","title":{"rendered":"15 PIN auf 6PIN Sata Stromadapterkabel"},"content":{"rendered":"<p>Wenn Ihr Computernetzteil \u00fcber redundante Sata-Stromk\u00f6pfe verf\u00fcgt und Ihnen ein 6PIN-Grafikkartennetzteil fehlt, ist das Kabel das ideale Zubeh\u00f6r f\u00fcr Sie.<\/p>\n<p>Sie ist pr\u00e4zise gearbeitet und misst 20 cm in der Gesamtl\u00e4nge.<\/p>\n<p>Unser Kabel-Setup ist einfach. Sie k\u00f6nnen den SATA-Stromanschluss mit dem SATA-Netzteil des Computers und das 6-polige Ende mit dem 6-poligen Anschluss Ihrer Grafikkarte verbinden.<\/p>\n<p>Sein besonderes Merkmal ist das ma\u00dfgeschneiderte Design, an das nur sechs Anschl\u00fcsse angeschlossen werden k\u00f6nnen, wobei ein Anschluss absichtlich leer bleibt.<\/p>\n<p>Dies ist auf eine einzigartige Konfiguration zur\u00fcckzuf\u00fchren, bei der zwei Dr\u00e4hte mit einem einzigen Anschluss verbunden sind.<\/p>\n<p>Zusammenfassend l\u00e4sst sich sagen, dass Sie die Funktionalit\u00e4t Ihres Ger\u00e4ts mit unserem speziellen Sata-Stromadapterkabel verbessern k\u00f6nnen.<\/p>","protected":false},"excerpt":{"rendered":"<p>Wir pr\u00e4sentieren Farsinces 15-PIN-auf-6-PIN-Sata-Stromadapterkabel, dessen Funktionalit\u00e4t in seiner Anpassungsf\u00e4higkeit liegt, einer einzigartigen Hardwarel\u00f6sung.<\/p>","protected":false},"featured_media":17619,"template":"","meta":{"_acf_changed":false,"_seopress_robots_primary_cat":"","_seopress_titles_title":"Best 15 PIN to 6PIN Sata Power Adapter Cable - FARSINCE","_seopress_titles_desc":"","_seopress_robots_index":"","site-sidebar-layout":"default","site-content-layout":"default","ast-site-content-layout":"default","site-content-style":"default","site-sidebar-style":"default","ast-global-header-display":"","ast-banner-title-visibility":"","ast-main-header-display":"","ast-hfb-above-header-display":"","ast-hfb-below-header-display":"","ast-hfb-mobile-header-display":"","site-post-title":"","ast-breadcrumbs-content":"","ast-featured-img":"","footer-sml-layout":"","ast-disable-related-posts":"","theme-transparent-header-meta":"default","adv-header-id-meta":"","stick-header-meta":"","header-above-stick-meta":"","header-main-stick-meta":"","header-below-stick-meta":"","astra-migrate-meta-layouts":"set","ast-page-background-enabled":"default","ast-page-background-meta":{"desktop":{"background-color":"","background-image":"","background-repeat":"repeat","background-position":"center center","background-size":"auto","background-attachment":"scroll","background-type":"","background-media":"","overlay-type":"","overlay-color":"","overlay-opacity":"","overlay-gradient":""},"tablet":{"background-color":"","background-image":"","background-repeat":"repeat","background-position":"center center","background-size":"auto","background-attachment":"scroll","background-type":"","background-media":"","overlay-type":"","overlay-color":"","overlay-opacity":"","overlay-gradient":""},"mobile":{"background-color":"","background-image":"","background-repeat":"repeat","background-position":"center center","background-size":"auto","background-attachment":"scroll","background-type":"","background-media":"","overlay-type":"","overlay-color":"","overlay-opacity":"","overlay-gradient":""}},"ast-content-background-meta":{"desktop":{"background-color":"var(--ast-global-color-5)","background-image":"","background-repeat":"repeat","background-position":"center center","background-size":"auto","background-attachment":"scroll","background-type":"","background-media":"","overlay-type":"","overlay-color":"","overlay-opacity":"","overlay-gradient":""},"tablet":{"background-color":"var(--ast-global-color-5)","background-image":"","background-repeat":"repeat","background-position":"center center","background-size":"auto","background-attachment":"scroll","background-type":"","background-media":"","overlay-type":"","overlay-color":"","overlay-opacity":"","overlay-gradient":""},"mobile":{"background-color":"var(--ast-global-color-5)","background-image":"","background-repeat":"repeat","background-position":"center center","background-size":"auto","background-attachment":"scroll","background-type":"","background-media":"","overlay-type":"","overlay-color":"","overlay-opacity":"","overlay-gradient":""}},"iawp_total_views":21},"product_brand":[],"product_cat":[633],"product_tag":[],"class_list":{"0":"post-17618","1":"product","2":"type-product","3":"status-publish","4":"has-post-thumbnail","6":"product_cat-pc-cables","7":"desktop-align-left","8":"tablet-align-left","9":"mobile-align-left","11":"first","12":"instock","13":"shipping-taxable","14":"purchasable","15":"product-type-simple"},"acf":[],"_links":{"self":[{"href":"https:\/\/www.fjpremium.com\/de\/wp-json\/wp\/v2\/product\/17618","targetHints":{"allow":["GET"]}}],"collection":[{"href":"https:\/\/www.fjpremium.com\/de\/wp-json\/wp\/v2\/product"}],"about":[{"href":"https:\/\/www.fjpremium.com\/de\/wp-json\/wp\/v2\/types\/product"}],"wp:featuredmedia":[{"embeddable":true,"href":"https:\/\/www.fjpremium.com\/de\/wp-json\/wp\/v2\/media\/17619"}],"wp:attachment":[{"href":"https:\/\/www.fjpremium.com\/de\/wp-json\/wp\/v2\/media?parent=17618"}],"wp:term":[{"taxonomy":"product_brand","embeddable":true,"href":"https:\/\/www.fjpremium.com\/de\/wp-json\/wp\/v2\/product_brand?post=17618"},{"taxonomy":"product_cat","embeddable":true,"href":"https:\/\/www.fjpremium.com\/de\/wp-json\/wp\/v2\/product_cat?post=17618"},{"taxonomy":"product_tag","embeddable":true,"href":"https:\/\/www.fjpremium.com\/de\/wp-json\/wp\/v2\/product_tag?post=17618"}],"curies":[{"name":"wp","href":"https:\/\/api.w.org\/{rel}","templated":true}]}}