{"id":17609,"date":"2021-03-10T17:09:47","date_gmt":"2021-03-10T09:09:47","guid":{"rendered":"https:\/\/www.fjpremium.com\/?post_type=product&#038;p=17609"},"modified":"2023-09-26T15:23:40","modified_gmt":"2023-09-26T07:23:40","slug":"3-5mm-male-to-male-aux-stereo-audio-cable","status":"publish","type":"product","link":"https:\/\/www.fjpremium.com\/de\/product\/3-5mm-male-to-male-aux-stereo-audio-cable\/","title":{"rendered":"Aux-Stereo-Audiokabel 3,5 mm Stecker auf Stecker"},"content":{"rendered":"<p>Unser Kabel ist perfekt f\u00fcr den Anschluss Ihres MP3-Players, Smartphones, Tablets oder Computers an Ihren Kopfh\u00f6rer, Lautsprecher, Verst\u00e4rker, AV-Receiver oder Ihre Auto-Stereoanlage geeignet und bietet eine nahtlose Stereo-Audio\u00fcbertragung.<\/p>\n<p>Er sorgt f\u00fcr eine hervorragende Klangqualit\u00e4t, reduziert Signalverluste und Rauschen und bietet ein reines Klangerlebnis.<\/p>\n<p>Dieses Audiokabel mit flexiblem PVC-Mantel und blanken Kupferleitern (3,5 mm Stecker auf Stecker) zeichnet sich durch verbesserte Leistung und Haltbarkeit aus.<\/p>\n<p>Die vergoldeten Anschl\u00fcsse gew\u00e4hrleisten zudem eine un\u00fcbertroffene Audio\u00fcbertragung.<\/p>\n<p>Seine Spezifikationen:<\/p>\n<ul>\n<li>Drahtst\u00e4rke: 30AWG<\/li>\n<li>Abschirmung: N\/A<\/li>\n<li>Geh\u00e4use: Spritzgussform<\/li>\n<li>Chip: N\/M<\/li>\n<li>\u00c4u\u00dferer Durchmesser: 3,0\u00b10,2mm<\/li>\n<\/ul>\n<p>Dar\u00fcber hinaus ist es RoHS- und REACH-konform und verspricht damit eine sichere und nachhaltige Wahl f\u00fcr Ihren Bedarf an Audio-Konnektivit\u00e4t. Nehmen Sie noch heute Kontakt mit uns auf und investieren Sie in dieses Produkt.<\/p>","protected":false},"excerpt":{"rendered":"<p>Lernen Sie das Farsince AUX-Stereo-Audiokabel (Stecker auf Stecker) mit 3,5 mm kennen, Ihren Schl\u00fcssel zu einwandfreier Audiokonnektivit\u00e4t, das nahtlose \u00dcbertragung, geringeren Signalverlust und hochwertigen Klang gew\u00e4hrleistet.<\/p>","protected":false},"featured_media":17610,"template":"","meta":{"_acf_changed":false,"_seopress_robots_primary_cat":"","_seopress_titles_title":"Best Aux Stereo Audio Cable 3.5 mm Male to Male - FARSINCE","_seopress_titles_desc":"Meet the Farsince aux stereo audio cable 3.5 mm male to male, ensuring seamless transmission, reduced signal loss, and high-quality sound. ","_seopress_robots_index":"","site-sidebar-layout":"default","site-content-layout":"default","ast-site-content-layout":"default","site-content-style":"default","site-sidebar-style":"default","ast-global-header-display":"","ast-banner-title-visibility":"","ast-main-header-display":"","ast-hfb-above-header-display":"","ast-hfb-below-header-display":"","ast-hfb-mobile-header-display":"","site-post-title":"","ast-breadcrumbs-content":"","ast-featured-img":"","footer-sml-layout":"","ast-disable-related-posts":"","theme-transparent-header-meta":"default","adv-header-id-meta":"","stick-header-meta":"","header-above-stick-meta":"","header-main-stick-meta":"","header-below-stick-meta":"","astra-migrate-meta-layouts":"set","ast-page-background-enabled":"default","ast-page-background-meta":{"desktop":{"background-color":"","background-image":"","background-repeat":"repeat","background-position":"center center","background-size":"auto","background-attachment":"scroll","background-type":"","background-media":"","overlay-type":"","overlay-color":"","overlay-opacity":"","overlay-gradient":""},"tablet":{"background-color":"","background-image":"","background-repeat":"repeat","background-position":"center center","background-size":"auto","background-attachment":"scroll","background-type":"","background-media":"","overlay-type":"","overlay-color":"","overlay-opacity":"","overlay-gradient":""},"mobile":{"background-color":"","background-image":"","background-repeat":"repeat","background-position":"center center","background-size":"auto","background-attachment":"scroll","background-type":"","background-media":"","overlay-type":"","overlay-color":"","overlay-opacity":"","overlay-gradient":""}},"ast-content-background-meta":{"desktop":{"background-color":"var(--ast-global-color-5)","background-image":"","background-repeat":"repeat","background-position":"center center","background-size":"auto","background-attachment":"scroll","background-type":"","background-media":"","overlay-type":"","overlay-color":"","overlay-opacity":"","overlay-gradient":""},"tablet":{"background-color":"var(--ast-global-color-5)","background-image":"","background-repeat":"repeat","background-position":"center center","background-size":"auto","background-attachment":"scroll","background-type":"","background-media":"","overlay-type":"","overlay-color":"","overlay-opacity":"","overlay-gradient":""},"mobile":{"background-color":"var(--ast-global-color-5)","background-image":"","background-repeat":"repeat","background-position":"center center","background-size":"auto","background-attachment":"scroll","background-type":"","background-media":"","overlay-type":"","overlay-color":"","overlay-opacity":"","overlay-gradient":""}},"iawp_total_views":2},"product_brand":[],"product_cat":[219],"product_tag":[],"class_list":{"0":"post-17609","1":"product","2":"type-product","3":"status-publish","4":"has-post-thumbnail","6":"product_cat-audio-video","7":"desktop-align-left","8":"tablet-align-left","9":"mobile-align-left","11":"first","12":"instock","13":"shipping-taxable","14":"purchasable","15":"product-type-simple"},"acf":[],"_links":{"self":[{"href":"https:\/\/www.fjpremium.com\/de\/wp-json\/wp\/v2\/product\/17609","targetHints":{"allow":["GET"]}}],"collection":[{"href":"https:\/\/www.fjpremium.com\/de\/wp-json\/wp\/v2\/product"}],"about":[{"href":"https:\/\/www.fjpremium.com\/de\/wp-json\/wp\/v2\/types\/product"}],"wp:featuredmedia":[{"embeddable":true,"href":"https:\/\/www.fjpremium.com\/de\/wp-json\/wp\/v2\/media\/17610"}],"wp:attachment":[{"href":"https:\/\/www.fjpremium.com\/de\/wp-json\/wp\/v2\/media?parent=17609"}],"wp:term":[{"taxonomy":"product_brand","embeddable":true,"href":"https:\/\/www.fjpremium.com\/de\/wp-json\/wp\/v2\/product_brand?post=17609"},{"taxonomy":"product_cat","embeddable":true,"href":"https:\/\/www.fjpremium.com\/de\/wp-json\/wp\/v2\/product_cat?post=17609"},{"taxonomy":"product_tag","embeddable":true,"href":"https:\/\/www.fjpremium.com\/de\/wp-json\/wp\/v2\/product_tag?post=17609"}],"curies":[{"name":"wp","href":"https:\/\/api.w.org\/{rel}","templated":true}]}}