{"id":17583,"date":"2021-03-10T17:00:13","date_gmt":"2021-03-10T09:00:13","guid":{"rendered":"https:\/\/www.fjpremium.com\/?post_type=product&#038;p=17583"},"modified":"2023-09-18T14:29:53","modified_gmt":"2023-09-18T06:29:53","slug":"sata-15pin-to-5-25-male-5-25-female-internal-power-cable","status":"publish","type":"product","link":"https:\/\/www.fjpremium.com\/de\/product\/sata-15pin-to-5-25-male-5-25-female-internal-power-cable\/","title":{"rendered":"SATA-Stromversorgungskabel 15 Pin auf 5,25\" Stecker 5,25\u2033 Buchse"},"content":{"rendered":"<p>Mit seinem ausgekl\u00fcgelten 15-Pin-auf-5,25-Zoll-Stecker- und -Buchsen-Design ist das Stromkabel die ultimative L\u00f6sung f\u00fcr die Stromversorgung von Serial-ATA-Laufwerken mit internen Standardanschl\u00fcssen.<\/p>\n<p>Sein hochwertiges Design mit vergoldeten Kontakten und einem vernickelten Geh\u00e4use gew\u00e4hrleistet eine hohe Leitf\u00e4higkeit und Korrosionsbest\u00e4ndigkeit und verspricht dauerhafte Zuverl\u00e4ssigkeit.<\/p>\n<p>Unsere Kabel mit einem robusten 18AWG-Leiterquerschnitt und HDPE-Isolierung gew\u00e4hrleisten eine sichere und effiziente Stromversorgung.<\/p>\n<p>Mit ihren Ma\u00dfen von 15cm+30cm bieten sie viel Flexibilit\u00e4t f\u00fcr eine einfache Installation.<\/p>\n<p>Dar\u00fcber hinaus k\u00f6nnen Sie sich darauf verlassen, dass sie die RoHS- und REACH-Vorschriften einhalten und damit sowohl Sicherheit als auch Umweltvertr\u00e4glichkeit gew\u00e4hrleisten.<\/p>\n<p>Setzen Sie sich also noch heute mit uns in Verbindung und bestellen Sie dieses SATA-Stromversorgungskabel f\u00fcr eine problemlose, effiziente Stromversorgungsl\u00f6sung, die Ihre Gesch\u00e4ftsabl\u00e4ufe unterst\u00fctzt.<\/p>","protected":false},"excerpt":{"rendered":"<p>Versorgen Sie die SATA-Ger\u00e4te m\u00fchelos mit Strom mit dem SATA-Stromversorgungskabel von Farsince f\u00fcr \u00fcberragende Leitf\u00e4higkeit, hohe Zuverl\u00e4ssigkeit und einfaches Plug-and-Play.<\/p>","protected":false},"featured_media":17584,"template":"","meta":{"_acf_changed":false,"_seopress_robots_primary_cat":"","_seopress_titles_title":"Best SATA Power Supply Cable - Farsince","_seopress_titles_desc":"","_seopress_robots_index":"","site-sidebar-layout":"default","site-content-layout":"default","ast-site-content-layout":"default","site-content-style":"default","site-sidebar-style":"default","ast-global-header-display":"","ast-banner-title-visibility":"","ast-main-header-display":"","ast-hfb-above-header-display":"","ast-hfb-below-header-display":"","ast-hfb-mobile-header-display":"","site-post-title":"","ast-breadcrumbs-content":"","ast-featured-img":"","footer-sml-layout":"","ast-disable-related-posts":"","theme-transparent-header-meta":"default","adv-header-id-meta":"","stick-header-meta":"","header-above-stick-meta":"","header-main-stick-meta":"","header-below-stick-meta":"","astra-migrate-meta-layouts":"set","ast-page-background-enabled":"default","ast-page-background-meta":{"desktop":{"background-color":"","background-image":"","background-repeat":"repeat","background-position":"center center","background-size":"auto","background-attachment":"scroll","background-type":"","background-media":"","overlay-type":"","overlay-color":"","overlay-opacity":"","overlay-gradient":""},"tablet":{"background-color":"","background-image":"","background-repeat":"repeat","background-position":"center center","background-size":"auto","background-attachment":"scroll","background-type":"","background-media":"","overlay-type":"","overlay-color":"","overlay-opacity":"","overlay-gradient":""},"mobile":{"background-color":"","background-image":"","background-repeat":"repeat","background-position":"center center","background-size":"auto","background-attachment":"scroll","background-type":"","background-media":"","overlay-type":"","overlay-color":"","overlay-opacity":"","overlay-gradient":""}},"ast-content-background-meta":{"desktop":{"background-color":"var(--ast-global-color-5)","background-image":"","background-repeat":"repeat","background-position":"center center","background-size":"auto","background-attachment":"scroll","background-type":"","background-media":"","overlay-type":"","overlay-color":"","overlay-opacity":"","overlay-gradient":""},"tablet":{"background-color":"var(--ast-global-color-5)","background-image":"","background-repeat":"repeat","background-position":"center center","background-size":"auto","background-attachment":"scroll","background-type":"","background-media":"","overlay-type":"","overlay-color":"","overlay-opacity":"","overlay-gradient":""},"mobile":{"background-color":"var(--ast-global-color-5)","background-image":"","background-repeat":"repeat","background-position":"center center","background-size":"auto","background-attachment":"scroll","background-type":"","background-media":"","overlay-type":"","overlay-color":"","overlay-opacity":"","overlay-gradient":""}},"iawp_total_views":17},"product_brand":[],"product_cat":[633],"product_tag":[],"class_list":{"0":"post-17583","1":"product","2":"type-product","3":"status-publish","4":"has-post-thumbnail","6":"product_cat-pc-cables","7":"desktop-align-left","8":"tablet-align-left","9":"mobile-align-left","11":"first","12":"instock","13":"shipping-taxable","14":"purchasable","15":"product-type-simple"},"acf":[],"_links":{"self":[{"href":"https:\/\/www.fjpremium.com\/de\/wp-json\/wp\/v2\/product\/17583","targetHints":{"allow":["GET"]}}],"collection":[{"href":"https:\/\/www.fjpremium.com\/de\/wp-json\/wp\/v2\/product"}],"about":[{"href":"https:\/\/www.fjpremium.com\/de\/wp-json\/wp\/v2\/types\/product"}],"wp:featuredmedia":[{"embeddable":true,"href":"https:\/\/www.fjpremium.com\/de\/wp-json\/wp\/v2\/media\/17584"}],"wp:attachment":[{"href":"https:\/\/www.fjpremium.com\/de\/wp-json\/wp\/v2\/media?parent=17583"}],"wp:term":[{"taxonomy":"product_brand","embeddable":true,"href":"https:\/\/www.fjpremium.com\/de\/wp-json\/wp\/v2\/product_brand?post=17583"},{"taxonomy":"product_cat","embeddable":true,"href":"https:\/\/www.fjpremium.com\/de\/wp-json\/wp\/v2\/product_cat?post=17583"},{"taxonomy":"product_tag","embeddable":true,"href":"https:\/\/www.fjpremium.com\/de\/wp-json\/wp\/v2\/product_tag?post=17583"}],"curies":[{"name":"wp","href":"https:\/\/api.w.org\/{rel}","templated":true}]}}