{"id":17579,"date":"2021-03-10T16:58:44","date_gmt":"2021-03-10T08:58:44","guid":{"rendered":"https:\/\/www.fjpremium.com\/?post_type=product&#038;p=17579"},"modified":"2023-09-18T14:28:35","modified_gmt":"2023-09-18T06:28:35","slug":"one-5-25-to-two-5-25-female-internal-power-y-splitter-cable","status":"publish","type":"product","link":"https:\/\/www.fjpremium.com\/de\/product\/one-5-25-to-two-5-25-female-internal-power-y-splitter-cable\/","title":{"rendered":"Ein 5,25\u2033 auf zwei 5,25\u2033 Buchsen Interner Y-Splitter Stromkabel"},"content":{"rendered":"<p>Das unentbehrliche Tool wurde entwickelt, um die Stromverteilung innerhalb Ihres Systems zu optimieren und Ihre 5,25\u2033-Diskettenlaufwerke, optischen Laufwerke oder Festplattenlaufwerke m\u00fchelos mit Strom zu versorgen.<\/p>\n<p>Sie sind mit einem Stecker und zwei Buchsen ausgestattet und bieten somit h\u00f6chsten Komfort.<\/p>\n<p>Es geht uns nicht nur um Funktionalit\u00e4t, sondern auch um Qualit\u00e4t.<\/p>\n<p>Die vergoldeten Kontakte und das vernickelte Geh\u00e4use garantieren eine hervorragende Leitf\u00e4higkeit und Korrosionsbest\u00e4ndigkeit und gew\u00e4hrleisten eine zuverl\u00e4ssige Leistung \u00fcber einen langen Zeitraum.<\/p>\n<p>Mit vier Adern und einem Adernquerschnitt von 18AWG stehen unsere Kabel f\u00fcr Robustheit und Zuverl\u00e4ssigkeit. Das robuste Spritzgussgeh\u00e4use erh\u00f6ht die Langlebigkeit des Kabels.<\/p>\n<p>Dar\u00fcber hinaus gew\u00e4hrleisten sie dank ihrer RoHS- und REACH-Konformit\u00e4t Sicherheit und Umweltfreundlichkeit. Entscheiden Sie sich daher f\u00fcr unsere internen Y-Splitter-Stromkabel und statten Sie Ihr Unternehmen mit leistungsstarken L\u00f6sungen aus, die wirklich funktionieren.<\/p>","protected":false},"excerpt":{"rendered":"<p>Vereinfachen Sie die Stromversorgung mit diesen internen Y-Splitter-Stromkabeln, die eine saubere, zuverl\u00e4ssige Stromversorgung mit hervorragenden Anschlussm\u00f6glichkeiten bieten.<\/p>","protected":false},"featured_media":17580,"template":"","meta":{"_acf_changed":false,"_seopress_robots_primary_cat":"","_seopress_titles_title":"Best Internal Y splitter Power Cable - Farsince","_seopress_titles_desc":"","_seopress_robots_index":"","site-sidebar-layout":"default","site-content-layout":"default","ast-site-content-layout":"default","site-content-style":"default","site-sidebar-style":"default","ast-global-header-display":"","ast-banner-title-visibility":"","ast-main-header-display":"","ast-hfb-above-header-display":"","ast-hfb-below-header-display":"","ast-hfb-mobile-header-display":"","site-post-title":"","ast-breadcrumbs-content":"","ast-featured-img":"","footer-sml-layout":"","ast-disable-related-posts":"","theme-transparent-header-meta":"default","adv-header-id-meta":"","stick-header-meta":"","header-above-stick-meta":"","header-main-stick-meta":"","header-below-stick-meta":"","astra-migrate-meta-layouts":"set","ast-page-background-enabled":"default","ast-page-background-meta":{"desktop":{"background-color":"","background-image":"","background-repeat":"repeat","background-position":"center center","background-size":"auto","background-attachment":"scroll","background-type":"","background-media":"","overlay-type":"","overlay-color":"","overlay-opacity":"","overlay-gradient":""},"tablet":{"background-color":"","background-image":"","background-repeat":"repeat","background-position":"center center","background-size":"auto","background-attachment":"scroll","background-type":"","background-media":"","overlay-type":"","overlay-color":"","overlay-opacity":"","overlay-gradient":""},"mobile":{"background-color":"","background-image":"","background-repeat":"repeat","background-position":"center center","background-size":"auto","background-attachment":"scroll","background-type":"","background-media":"","overlay-type":"","overlay-color":"","overlay-opacity":"","overlay-gradient":""}},"ast-content-background-meta":{"desktop":{"background-color":"var(--ast-global-color-5)","background-image":"","background-repeat":"repeat","background-position":"center center","background-size":"auto","background-attachment":"scroll","background-type":"","background-media":"","overlay-type":"","overlay-color":"","overlay-opacity":"","overlay-gradient":""},"tablet":{"background-color":"var(--ast-global-color-5)","background-image":"","background-repeat":"repeat","background-position":"center center","background-size":"auto","background-attachment":"scroll","background-type":"","background-media":"","overlay-type":"","overlay-color":"","overlay-opacity":"","overlay-gradient":""},"mobile":{"background-color":"var(--ast-global-color-5)","background-image":"","background-repeat":"repeat","background-position":"center center","background-size":"auto","background-attachment":"scroll","background-type":"","background-media":"","overlay-type":"","overlay-color":"","overlay-opacity":"","overlay-gradient":""}},"iawp_total_views":4},"product_brand":[],"product_cat":[633],"product_tag":[],"class_list":{"0":"post-17579","1":"product","2":"type-product","3":"status-publish","4":"has-post-thumbnail","6":"product_cat-pc-cables","7":"desktop-align-left","8":"tablet-align-left","9":"mobile-align-left","11":"first","12":"instock","13":"shipping-taxable","14":"purchasable","15":"product-type-simple"},"acf":[],"_links":{"self":[{"href":"https:\/\/www.fjpremium.com\/de\/wp-json\/wp\/v2\/product\/17579","targetHints":{"allow":["GET"]}}],"collection":[{"href":"https:\/\/www.fjpremium.com\/de\/wp-json\/wp\/v2\/product"}],"about":[{"href":"https:\/\/www.fjpremium.com\/de\/wp-json\/wp\/v2\/types\/product"}],"wp:featuredmedia":[{"embeddable":true,"href":"https:\/\/www.fjpremium.com\/de\/wp-json\/wp\/v2\/media\/17580"}],"wp:attachment":[{"href":"https:\/\/www.fjpremium.com\/de\/wp-json\/wp\/v2\/media?parent=17579"}],"wp:term":[{"taxonomy":"product_brand","embeddable":true,"href":"https:\/\/www.fjpremium.com\/de\/wp-json\/wp\/v2\/product_brand?post=17579"},{"taxonomy":"product_cat","embeddable":true,"href":"https:\/\/www.fjpremium.com\/de\/wp-json\/wp\/v2\/product_cat?post=17579"},{"taxonomy":"product_tag","embeddable":true,"href":"https:\/\/www.fjpremium.com\/de\/wp-json\/wp\/v2\/product_tag?post=17579"}],"curies":[{"name":"wp","href":"https:\/\/api.w.org\/{rel}","templated":true}]}}