{"id":17571,"date":"2021-03-10T16:57:20","date_gmt":"2021-03-10T08:57:20","guid":{"rendered":"https:\/\/www.fjpremium.com\/?post_type=product&#038;p=17571"},"modified":"2023-09-18T14:25:21","modified_gmt":"2023-09-18T06:25:21","slug":"sata-15-pin-female-to-4-pin-male-lp4-5-25-power-cable-adapter","status":"publish","type":"product","link":"https:\/\/www.fjpremium.com\/de\/product\/sata-15-pin-female-to-4-pin-male-lp4-5-25-power-cable-adapter\/","title":{"rendered":"SATA 15-Pin-Buchse auf 4-Pin-Stecker LP4 5,25\u2033 Stromkabel-Adapter"},"content":{"rendered":"<p>Unser unentbehrliches Zubeh\u00f6r ist die Br\u00fccke zwischen modernen SATA-Ger\u00e4ten und Netzteilen mit herk\u00f6mmlichen Molex-LP4-Anschl\u00fcssen.<\/p>\n<p>Er ist perfekt f\u00fcr Heimwerker und IT-Techniker geeignet und hilft bei der nahtlosen Installation neuer oder ausgetauschter SATA-Festplatten oder DVD-Laufwerke.<\/p>\n<p>Au\u00dferdem verf\u00fcgt es \u00fcber vergoldete Kontakte und ein vernickeltes Geh\u00e4use f\u00fcr maximale Haltbarkeit und effiziente Leitf\u00e4higkeit.<\/p>\n<p>Dieser Netzkabeladapter ist f\u00fcr Sicherheit und Zuverl\u00e4ssigkeit mit einer HDPE-Isolierung umh\u00fcllt und verf\u00fcgt \u00fcber vier Adern, darunter eine rote, zwei schwarze und eine gelbe.<\/p>\n<p>Mit einer Kabelst\u00e4rke von 18 AWG und einem robusten Spritzgussgeh\u00e4use ist es auf Langlebigkeit ausgelegt.<\/p>\n<p>Dar\u00fcber hinaus legen wir gro\u00dfen Wert auf Sicherheit und Nachhaltigkeit und erf\u00fcllen die Anforderungen von RoHS und REACH. Kurzum, kontaktieren Sie uns noch heute und bestellen Sie den Adapter.<\/p>","protected":false},"excerpt":{"rendered":"<p>Verbinden Sie das Alte mit dem Neuen m\u00fchelos mit unserem SATA 15-Pin-Buchse auf 4-Pin-Stecker LP4 5,25\u2033 Stromkabeladapter, ideal f\u00fcr SATA-Festplatten und optische Laufwerke.<\/p>","protected":false},"featured_media":17572,"template":"","meta":{"_acf_changed":false,"_seopress_robots_primary_cat":"","_seopress_titles_title":"LP4 5.25&quot; Power Cable Adapter - Farsince","_seopress_titles_desc":"","_seopress_robots_index":"","site-sidebar-layout":"default","site-content-layout":"default","ast-site-content-layout":"default","site-content-style":"default","site-sidebar-style":"default","ast-global-header-display":"","ast-banner-title-visibility":"","ast-main-header-display":"","ast-hfb-above-header-display":"","ast-hfb-below-header-display":"","ast-hfb-mobile-header-display":"","site-post-title":"","ast-breadcrumbs-content":"","ast-featured-img":"","footer-sml-layout":"","ast-disable-related-posts":"","theme-transparent-header-meta":"default","adv-header-id-meta":"","stick-header-meta":"","header-above-stick-meta":"","header-main-stick-meta":"","header-below-stick-meta":"","astra-migrate-meta-layouts":"set","ast-page-background-enabled":"default","ast-page-background-meta":{"desktop":{"background-color":"","background-image":"","background-repeat":"repeat","background-position":"center center","background-size":"auto","background-attachment":"scroll","background-type":"","background-media":"","overlay-type":"","overlay-color":"","overlay-opacity":"","overlay-gradient":""},"tablet":{"background-color":"","background-image":"","background-repeat":"repeat","background-position":"center center","background-size":"auto","background-attachment":"scroll","background-type":"","background-media":"","overlay-type":"","overlay-color":"","overlay-opacity":"","overlay-gradient":""},"mobile":{"background-color":"","background-image":"","background-repeat":"repeat","background-position":"center center","background-size":"auto","background-attachment":"scroll","background-type":"","background-media":"","overlay-type":"","overlay-color":"","overlay-opacity":"","overlay-gradient":""}},"ast-content-background-meta":{"desktop":{"background-color":"var(--ast-global-color-5)","background-image":"","background-repeat":"repeat","background-position":"center center","background-size":"auto","background-attachment":"scroll","background-type":"","background-media":"","overlay-type":"","overlay-color":"","overlay-opacity":"","overlay-gradient":""},"tablet":{"background-color":"var(--ast-global-color-5)","background-image":"","background-repeat":"repeat","background-position":"center center","background-size":"auto","background-attachment":"scroll","background-type":"","background-media":"","overlay-type":"","overlay-color":"","overlay-opacity":"","overlay-gradient":""},"mobile":{"background-color":"var(--ast-global-color-5)","background-image":"","background-repeat":"repeat","background-position":"center center","background-size":"auto","background-attachment":"scroll","background-type":"","background-media":"","overlay-type":"","overlay-color":"","overlay-opacity":"","overlay-gradient":""}},"iawp_total_views":3},"product_brand":[],"product_cat":[633],"product_tag":[],"class_list":{"0":"post-17571","1":"product","2":"type-product","3":"status-publish","4":"has-post-thumbnail","6":"product_cat-pc-cables","7":"desktop-align-left","8":"tablet-align-left","9":"mobile-align-left","11":"first","12":"instock","13":"shipping-taxable","14":"purchasable","15":"product-type-simple"},"acf":[],"_links":{"self":[{"href":"https:\/\/www.fjpremium.com\/de\/wp-json\/wp\/v2\/product\/17571","targetHints":{"allow":["GET"]}}],"collection":[{"href":"https:\/\/www.fjpremium.com\/de\/wp-json\/wp\/v2\/product"}],"about":[{"href":"https:\/\/www.fjpremium.com\/de\/wp-json\/wp\/v2\/types\/product"}],"wp:featuredmedia":[{"embeddable":true,"href":"https:\/\/www.fjpremium.com\/de\/wp-json\/wp\/v2\/media\/17572"}],"wp:attachment":[{"href":"https:\/\/www.fjpremium.com\/de\/wp-json\/wp\/v2\/media?parent=17571"}],"wp:term":[{"taxonomy":"product_brand","embeddable":true,"href":"https:\/\/www.fjpremium.com\/de\/wp-json\/wp\/v2\/product_brand?post=17571"},{"taxonomy":"product_cat","embeddable":true,"href":"https:\/\/www.fjpremium.com\/de\/wp-json\/wp\/v2\/product_cat?post=17571"},{"taxonomy":"product_tag","embeddable":true,"href":"https:\/\/www.fjpremium.com\/de\/wp-json\/wp\/v2\/product_tag?post=17571"}],"curies":[{"name":"wp","href":"https:\/\/api.w.org\/{rel}","templated":true}]}}