{"id":17563,"date":"2021-03-10T16:55:35","date_gmt":"2021-03-10T08:55:35","guid":{"rendered":"https:\/\/www.fjpremium.com\/?post_type=product&#038;p=17563"},"modified":"2023-09-18T14:21:51","modified_gmt":"2023-09-18T06:21:51","slug":"sata-15-pin-male-to-4-pin-female-lp4-5-25-power-cable-adapter","status":"publish","type":"product","link":"https:\/\/www.fjpremium.com\/de\/product\/sata-15-pin-male-to-4-pin-female-lp4-5-25-power-cable-adapter\/","title":{"rendered":"SATA-Stromkabel-Adapter 15-poliger Stecker auf 4-polige Buchse"},"content":{"rendered":"<p>Unser Adapter wurde speziell f\u00fcr den Anschluss moderner Serial-ATA-Festplatten oder optischer Laufwerke an ein Netzteil mit herk\u00f6mmlichen Molex-LP4-Anschl\u00fcssen entwickelt und erweist sich damit als unverzichtbar f\u00fcr Sie.<\/p>\n<p>Die Installation neuer oder ausgetauschter SATA-Festplatten oder DVD-Laufwerke wird zum Kinderspiel, selbst wenn das Netzteil nur Molex-Stromanschl\u00fcsse bietet.<\/p>\n<p>Au\u00dferdem wird bei der Qualit\u00e4t keine Kompromisse gemacht: Die vergoldeten Kontakte und vernickelten Geh\u00e4use sorgen f\u00fcr eine dauerhafte und effiziente Verbindung.<\/p>\n<p>Der Adapter verf\u00fcgt \u00fcber rote, doppelt schwarze und gelbe Kerndr\u00e4hte, die f\u00fcr optimale Sicherheit mit robuster HDPE-Isolierung ummantelt sind. Seine 18AWG-Drahtst\u00e4rke gew\u00e4hrleistet eine solide, zuverl\u00e4ssige Verbindung in einem robusten Spritzgussgeh\u00e4use.<\/p>\n<p>Dar\u00fcber hinaus bietet es sicherheitsbewusste und nachhaltige L\u00f6sungen f\u00fcr Ihren Energiebedarf, da es die RoHS- und REACH-Richtlinien erf\u00fcllt.<\/p>\n<p>Nehmen Sie noch heute Kontakt mit uns auf und bestellen Sie unseren SATA-Stromkabeladapter.<\/p>","protected":false},"excerpt":{"rendered":"<p>Steigern Sie die Konnektivit\u00e4t Ihres SATA-Ger\u00e4ts mit dem SATA-Stromkabeladapter (15-poliger Stecker auf 4-polige Buchse) von Farsince, der f\u00fcr moderne Laufwerke und \u00e4ltere Netzteile entwickelt wurde.<\/p>","protected":false},"featured_media":17564,"template":"","meta":{"_acf_changed":false,"_seopress_robots_primary_cat":"","_seopress_titles_title":"Best SATA Power Cable Adapter - Farsince","_seopress_titles_desc":"","_seopress_robots_index":"","site-sidebar-layout":"default","site-content-layout":"default","ast-site-content-layout":"default","site-content-style":"default","site-sidebar-style":"default","ast-global-header-display":"","ast-banner-title-visibility":"","ast-main-header-display":"","ast-hfb-above-header-display":"","ast-hfb-below-header-display":"","ast-hfb-mobile-header-display":"","site-post-title":"","ast-breadcrumbs-content":"","ast-featured-img":"","footer-sml-layout":"","ast-disable-related-posts":"","theme-transparent-header-meta":"default","adv-header-id-meta":"","stick-header-meta":"","header-above-stick-meta":"","header-main-stick-meta":"","header-below-stick-meta":"","astra-migrate-meta-layouts":"set","ast-page-background-enabled":"default","ast-page-background-meta":{"desktop":{"background-color":"","background-image":"","background-repeat":"repeat","background-position":"center center","background-size":"auto","background-attachment":"scroll","background-type":"","background-media":"","overlay-type":"","overlay-color":"","overlay-opacity":"","overlay-gradient":""},"tablet":{"background-color":"","background-image":"","background-repeat":"repeat","background-position":"center center","background-size":"auto","background-attachment":"scroll","background-type":"","background-media":"","overlay-type":"","overlay-color":"","overlay-opacity":"","overlay-gradient":""},"mobile":{"background-color":"","background-image":"","background-repeat":"repeat","background-position":"center center","background-size":"auto","background-attachment":"scroll","background-type":"","background-media":"","overlay-type":"","overlay-color":"","overlay-opacity":"","overlay-gradient":""}},"ast-content-background-meta":{"desktop":{"background-color":"var(--ast-global-color-5)","background-image":"","background-repeat":"repeat","background-position":"center center","background-size":"auto","background-attachment":"scroll","background-type":"","background-media":"","overlay-type":"","overlay-color":"","overlay-opacity":"","overlay-gradient":""},"tablet":{"background-color":"var(--ast-global-color-5)","background-image":"","background-repeat":"repeat","background-position":"center center","background-size":"auto","background-attachment":"scroll","background-type":"","background-media":"","overlay-type":"","overlay-color":"","overlay-opacity":"","overlay-gradient":""},"mobile":{"background-color":"var(--ast-global-color-5)","background-image":"","background-repeat":"repeat","background-position":"center center","background-size":"auto","background-attachment":"scroll","background-type":"","background-media":"","overlay-type":"","overlay-color":"","overlay-opacity":"","overlay-gradient":""}},"iawp_total_views":4},"product_brand":[],"product_cat":[633],"product_tag":[],"class_list":{"0":"post-17563","1":"product","2":"type-product","3":"status-publish","4":"has-post-thumbnail","6":"product_cat-pc-cables","7":"desktop-align-left","8":"tablet-align-left","9":"mobile-align-left","11":"first","12":"instock","13":"shipping-taxable","14":"purchasable","15":"product-type-simple"},"acf":[],"_links":{"self":[{"href":"https:\/\/www.fjpremium.com\/de\/wp-json\/wp\/v2\/product\/17563","targetHints":{"allow":["GET"]}}],"collection":[{"href":"https:\/\/www.fjpremium.com\/de\/wp-json\/wp\/v2\/product"}],"about":[{"href":"https:\/\/www.fjpremium.com\/de\/wp-json\/wp\/v2\/types\/product"}],"wp:featuredmedia":[{"embeddable":true,"href":"https:\/\/www.fjpremium.com\/de\/wp-json\/wp\/v2\/media\/17564"}],"wp:attachment":[{"href":"https:\/\/www.fjpremium.com\/de\/wp-json\/wp\/v2\/media?parent=17563"}],"wp:term":[{"taxonomy":"product_brand","embeddable":true,"href":"https:\/\/www.fjpremium.com\/de\/wp-json\/wp\/v2\/product_brand?post=17563"},{"taxonomy":"product_cat","embeddable":true,"href":"https:\/\/www.fjpremium.com\/de\/wp-json\/wp\/v2\/product_cat?post=17563"},{"taxonomy":"product_tag","embeddable":true,"href":"https:\/\/www.fjpremium.com\/de\/wp-json\/wp\/v2\/product_tag?post=17563"}],"curies":[{"name":"wp","href":"https:\/\/api.w.org\/{rel}","templated":true}]}}