{"id":17553,"date":"2021-03-10T16:53:45","date_gmt":"2021-03-10T08:53:45","guid":{"rendered":"https:\/\/www.fjpremium.com\/?post_type=product&#038;p=17553"},"modified":"2023-09-18T14:19:44","modified_gmt":"2023-09-18T06:19:44","slug":"sata-iii-cable-90-degree-angle-sata-3-0-hdd-sdd-data-cable-with-locking-latch","status":"publish","type":"product","link":"https:\/\/www.fjpremium.com\/de\/product\/sata-iii-cable-90-degree-angle-sata-3-0-hdd-sdd-data-cable-with-locking-latch\/","title":{"rendered":"SATA III-Kabel, 90-Grad-Winkel SATA 3.0 HDD SDD-Datenkabel mit Verriegelungsklinke"},"content":{"rendered":"<p>Unser hochleistungsf\u00e4higes Verbindungskabel wurde f\u00fcr den Anschluss von Motherboards und Host-Controllern an interne Serial-ATA-Festplatten und DVD-Laufwerke entwickelt und ebnet den Weg f\u00fcr umfangreiche Speichererweiterungen in Ihrem Computer.<\/p>\n<p>Denken Sie aber bitte daran, dass Ihre Festplatte separat mit Strom versorgt werden muss.<\/p>\n<p>Sie werden die Leistung der neuesten SATA-Revision 3.0 erleben, die Daten\u00fcbertragungsgeschwindigkeiten von bis zu 6 Gbit\/s erm\u00f6glicht. Das ist doppelt so schnell wie SATA II und mit Abw\u00e4rtskompatibilit\u00e4t zu SATA I und II.<\/p>\n<p>Jedes Ende dieses Kabels ist mit einem Verriegelungsmechanismus ausgestattet, der eine sichere und zuverl\u00e4ssige Datei\u00fcbertragung gew\u00e4hrleistet. Und die Installation ist so einfach wie Plug-and-Play und erfordert keine zus\u00e4tzliche Software.<\/p>\n<p>Seine Spezifikationen:<\/p>\n<ul>\n<li>Kabelleitung: Blanke Kupfer 7 Adern<\/li>\n<li>Isolierung: Gesch\u00e4umte PE-Haut\/HDPE<\/li>\n<li>Kabelquerschnitt: 26AWG<\/li>\n<li>Abschirmung: Drahtseil<\/li>\n<li>Geh\u00e4use: Spritzgussform<\/li>\n<li>\u00c4u\u00dferer Durchmesser: 2,3\u00d78,3 mm<\/li>\n<li>Einhaltung der Vorschriften: RoHS, REACH<\/li>\n<\/ul>\n<p>Dar\u00fcber hinaus bietet unser SATA-III-Kabel, das in einen strapazierf\u00e4higen PVC-Mantel geh\u00fcllt ist, vergoldete Kontakte und eine vernickelte H\u00fclle f\u00fcr optimale Konnektivit\u00e4t.<\/p>\n<p>Wenden Sie sich also noch heute an uns und w\u00e4hlen Sie das Kabel f\u00fcr kompromisslose Geschwindigkeit und Zuverl\u00e4ssigkeit.<\/p>","protected":false},"excerpt":{"rendered":"<p>Dieses SATA III-Kabel bietet erweiterte Speicherm\u00f6glichkeiten und schnellere Daten\u00fcbertragungen mit Geschwindigkeiten von bis zu 6 Gbit\/s und ist abw\u00e4rtskompatibel.<\/p>","protected":false},"featured_media":17554,"template":"","meta":{"_acf_changed":false,"_seopress_robots_primary_cat":"","_seopress_titles_title":"Best SATA III Cable, 90 Degree Angle - Farsince","_seopress_titles_desc":"","_seopress_robots_index":"","site-sidebar-layout":"default","site-content-layout":"default","ast-site-content-layout":"default","site-content-style":"default","site-sidebar-style":"default","ast-global-header-display":"","ast-banner-title-visibility":"","ast-main-header-display":"","ast-hfb-above-header-display":"","ast-hfb-below-header-display":"","ast-hfb-mobile-header-display":"","site-post-title":"","ast-breadcrumbs-content":"","ast-featured-img":"","footer-sml-layout":"","ast-disable-related-posts":"","theme-transparent-header-meta":"default","adv-header-id-meta":"","stick-header-meta":"","header-above-stick-meta":"","header-main-stick-meta":"","header-below-stick-meta":"","astra-migrate-meta-layouts":"set","ast-page-background-enabled":"default","ast-page-background-meta":{"desktop":{"background-color":"","background-image":"","background-repeat":"repeat","background-position":"center center","background-size":"auto","background-attachment":"scroll","background-type":"","background-media":"","overlay-type":"","overlay-color":"","overlay-opacity":"","overlay-gradient":""},"tablet":{"background-color":"","background-image":"","background-repeat":"repeat","background-position":"center center","background-size":"auto","background-attachment":"scroll","background-type":"","background-media":"","overlay-type":"","overlay-color":"","overlay-opacity":"","overlay-gradient":""},"mobile":{"background-color":"","background-image":"","background-repeat":"repeat","background-position":"center center","background-size":"auto","background-attachment":"scroll","background-type":"","background-media":"","overlay-type":"","overlay-color":"","overlay-opacity":"","overlay-gradient":""}},"ast-content-background-meta":{"desktop":{"background-color":"var(--ast-global-color-5)","background-image":"","background-repeat":"repeat","background-position":"center center","background-size":"auto","background-attachment":"scroll","background-type":"","background-media":"","overlay-type":"","overlay-color":"","overlay-opacity":"","overlay-gradient":""},"tablet":{"background-color":"var(--ast-global-color-5)","background-image":"","background-repeat":"repeat","background-position":"center center","background-size":"auto","background-attachment":"scroll","background-type":"","background-media":"","overlay-type":"","overlay-color":"","overlay-opacity":"","overlay-gradient":""},"mobile":{"background-color":"var(--ast-global-color-5)","background-image":"","background-repeat":"repeat","background-position":"center center","background-size":"auto","background-attachment":"scroll","background-type":"","background-media":"","overlay-type":"","overlay-color":"","overlay-opacity":"","overlay-gradient":""}},"iawp_total_views":7},"product_brand":[],"product_cat":[633],"product_tag":[],"class_list":{"0":"post-17553","1":"product","2":"type-product","3":"status-publish","4":"has-post-thumbnail","6":"product_cat-pc-cables","7":"desktop-align-left","8":"tablet-align-left","9":"mobile-align-left","11":"first","12":"instock","13":"shipping-taxable","14":"purchasable","15":"product-type-simple"},"acf":[],"_links":{"self":[{"href":"https:\/\/www.fjpremium.com\/de\/wp-json\/wp\/v2\/product\/17553","targetHints":{"allow":["GET"]}}],"collection":[{"href":"https:\/\/www.fjpremium.com\/de\/wp-json\/wp\/v2\/product"}],"about":[{"href":"https:\/\/www.fjpremium.com\/de\/wp-json\/wp\/v2\/types\/product"}],"wp:featuredmedia":[{"embeddable":true,"href":"https:\/\/www.fjpremium.com\/de\/wp-json\/wp\/v2\/media\/17554"}],"wp:attachment":[{"href":"https:\/\/www.fjpremium.com\/de\/wp-json\/wp\/v2\/media?parent=17553"}],"wp:term":[{"taxonomy":"product_brand","embeddable":true,"href":"https:\/\/www.fjpremium.com\/de\/wp-json\/wp\/v2\/product_brand?post=17553"},{"taxonomy":"product_cat","embeddable":true,"href":"https:\/\/www.fjpremium.com\/de\/wp-json\/wp\/v2\/product_cat?post=17553"},{"taxonomy":"product_tag","embeddable":true,"href":"https:\/\/www.fjpremium.com\/de\/wp-json\/wp\/v2\/product_tag?post=17553"}],"curies":[{"name":"wp","href":"https:\/\/api.w.org\/{rel}","templated":true}]}}