{"id":17546,"date":"2021-03-10T16:52:07","date_gmt":"2021-03-10T08:52:07","guid":{"rendered":"https:\/\/www.fjpremium.com\/?post_type=product&#038;p=17546"},"modified":"2023-09-18T14:17:22","modified_gmt":"2023-09-18T06:17:22","slug":"sata-iii-cable-straight-sata-3-0-hdd-sdd-data-cable-with-locking-latch","status":"publish","type":"product","link":"https:\/\/www.fjpremium.com\/de\/product\/sata-iii-cable-straight-sata-3-0-hdd-sdd-data-cable-with-locking-latch\/","title":{"rendered":"SATA III Kabel, gerades SATA 3.0 HDD SSD Datenkabel mit Verriegelungsklinke"},"content":{"rendered":"<p>Unser Kabel wurde speziell f\u00fcr den Anschluss von Motherboards und Host-Controllern an interne Serial-ATA-Festplatten und DVD-Laufwerke entwickelt und ist die perfekte L\u00f6sung f\u00fcr schnelle Computer-Upgrades.<\/p>\n<p>Bitte beachten Sie jedoch, dass er der Daten\u00fcbertragung dient und Ihre Festplatte nicht mit Strom versorgt, die unabh\u00e4ngig davon betrieben werden muss.<\/p>\n<p>Dieses Kabel nutzt das Potenzial der neuesten SATA Revision 3.0-Technologie und erm\u00f6glicht beeindruckende Daten\u00fcbertragungsgeschwindigkeiten von bis zu 6 Gbit\/s, was der doppelten Geschwindigkeit von SATA II entspricht.<\/p>\n<p>Und dank der vollst\u00e4ndigen Abw\u00e4rtskompatibilit\u00e4t mit SATA I und II bietet es eine un\u00fcbertroffene Vielseitigkeit.<\/p>\n<p>Das SSD-Datenkabel verf\u00fcgt \u00fcber eine Verriegelung an beiden Enden, die sichere Verbindungen f\u00fcr schnelle und zuverl\u00e4ssige Datei\u00fcbertragungen erm\u00f6glicht. Es ist keine zus\u00e4tzliche Software erforderlich; es ist ein einfaches Plug-and-Play.<\/p>\n<p>Seine Spezifikationen:<\/p>\n<ul>\n<li>Kabelleitung: Blanke Kupfer 7 Adern<\/li>\n<li>Isolierung: Gesch\u00e4umte PE-Haut\/HDPE<\/li>\n<li>Kabelquerschnitt: 26AWG<\/li>\n<li>Abschirmung: Drahtseil<\/li>\n<li>Geh\u00e4use: Spritzgussform<\/li>\n<li>\u00c4u\u00dferer Durchmesser: 2,3\u00d78,3 mm<\/li>\n<li>Einhaltung der Vorschriften: RoHS, REACH<\/li>\n<\/ul>\n<p>Dar\u00fcber hinaus bietet es erstklassige Qualit\u00e4t und Leistung mit vergoldeten Kontakten, einem vernickelten Geh\u00e4use und einem haltbaren PVC-Mantel. Wenden Sie sich daher noch heute an uns und bestellen Sie es.<\/p>","protected":false},"excerpt":{"rendered":"<p>Erh\u00f6hen Sie Ihre Daten\u00fcbertragungsf\u00e4higkeiten und verbessern Sie Ihren Speicher mit dem Farsince SSD-Datenkabel mit Verriegelung, die ideale L\u00f6sung f\u00fcr Computer-Upgrades.<\/p>","protected":false},"featured_media":17547,"template":"","meta":{"_acf_changed":false,"_seopress_robots_primary_cat":"","_seopress_titles_title":"Best Straight SATA 3.0 HDD SSD Data Cable - Farsince","_seopress_titles_desc":"","_seopress_robots_index":"","site-sidebar-layout":"default","site-content-layout":"default","ast-site-content-layout":"default","site-content-style":"default","site-sidebar-style":"default","ast-global-header-display":"","ast-banner-title-visibility":"","ast-main-header-display":"","ast-hfb-above-header-display":"","ast-hfb-below-header-display":"","ast-hfb-mobile-header-display":"","site-post-title":"","ast-breadcrumbs-content":"","ast-featured-img":"","footer-sml-layout":"","ast-disable-related-posts":"","theme-transparent-header-meta":"default","adv-header-id-meta":"","stick-header-meta":"","header-above-stick-meta":"","header-main-stick-meta":"","header-below-stick-meta":"","astra-migrate-meta-layouts":"set","ast-page-background-enabled":"default","ast-page-background-meta":{"desktop":{"background-color":"","background-image":"","background-repeat":"repeat","background-position":"center center","background-size":"auto","background-attachment":"scroll","background-type":"","background-media":"","overlay-type":"","overlay-color":"","overlay-opacity":"","overlay-gradient":""},"tablet":{"background-color":"","background-image":"","background-repeat":"repeat","background-position":"center center","background-size":"auto","background-attachment":"scroll","background-type":"","background-media":"","overlay-type":"","overlay-color":"","overlay-opacity":"","overlay-gradient":""},"mobile":{"background-color":"","background-image":"","background-repeat":"repeat","background-position":"center center","background-size":"auto","background-attachment":"scroll","background-type":"","background-media":"","overlay-type":"","overlay-color":"","overlay-opacity":"","overlay-gradient":""}},"ast-content-background-meta":{"desktop":{"background-color":"var(--ast-global-color-5)","background-image":"","background-repeat":"repeat","background-position":"center center","background-size":"auto","background-attachment":"scroll","background-type":"","background-media":"","overlay-type":"","overlay-color":"","overlay-opacity":"","overlay-gradient":""},"tablet":{"background-color":"var(--ast-global-color-5)","background-image":"","background-repeat":"repeat","background-position":"center center","background-size":"auto","background-attachment":"scroll","background-type":"","background-media":"","overlay-type":"","overlay-color":"","overlay-opacity":"","overlay-gradient":""},"mobile":{"background-color":"var(--ast-global-color-5)","background-image":"","background-repeat":"repeat","background-position":"center center","background-size":"auto","background-attachment":"scroll","background-type":"","background-media":"","overlay-type":"","overlay-color":"","overlay-opacity":"","overlay-gradient":""}},"iawp_total_views":7},"product_brand":[],"product_cat":[633],"product_tag":[],"class_list":{"0":"post-17546","1":"product","2":"type-product","3":"status-publish","4":"has-post-thumbnail","6":"product_cat-pc-cables","7":"desktop-align-left","8":"tablet-align-left","9":"mobile-align-left","11":"first","12":"instock","13":"shipping-taxable","14":"purchasable","15":"product-type-simple"},"acf":[],"_links":{"self":[{"href":"https:\/\/www.fjpremium.com\/de\/wp-json\/wp\/v2\/product\/17546","targetHints":{"allow":["GET"]}}],"collection":[{"href":"https:\/\/www.fjpremium.com\/de\/wp-json\/wp\/v2\/product"}],"about":[{"href":"https:\/\/www.fjpremium.com\/de\/wp-json\/wp\/v2\/types\/product"}],"wp:featuredmedia":[{"embeddable":true,"href":"https:\/\/www.fjpremium.com\/de\/wp-json\/wp\/v2\/media\/17547"}],"wp:attachment":[{"href":"https:\/\/www.fjpremium.com\/de\/wp-json\/wp\/v2\/media?parent=17546"}],"wp:term":[{"taxonomy":"product_brand","embeddable":true,"href":"https:\/\/www.fjpremium.com\/de\/wp-json\/wp\/v2\/product_brand?post=17546"},{"taxonomy":"product_cat","embeddable":true,"href":"https:\/\/www.fjpremium.com\/de\/wp-json\/wp\/v2\/product_cat?post=17546"},{"taxonomy":"product_tag","embeddable":true,"href":"https:\/\/www.fjpremium.com\/de\/wp-json\/wp\/v2\/product_tag?post=17546"}],"curies":[{"name":"wp","href":"https:\/\/api.w.org\/{rel}","templated":true}]}}