{"id":17543,"date":"2021-03-10T16:50:32","date_gmt":"2021-03-10T08:50:32","guid":{"rendered":"https:\/\/www.fjpremium.com\/?post_type=product&#038;p=17543"},"modified":"2023-09-18T14:12:30","modified_gmt":"2023-09-18T06:12:30","slug":"sata-ii-cable-90-degree-angle-sata-2-0-hdd-sdd-data-cable-with-locking-latch","status":"publish","type":"product","link":"https:\/\/www.fjpremium.com\/de\/product\/sata-ii-cable-90-degree-angle-sata-2-0-hdd-sdd-data-cable-with-locking-latch\/","title":{"rendered":"SATA II Kabel, 90-Grad-Winkel SATA 2.0 HDD SSD Datenkabel mit Verriegelungsklinke"},"content":{"rendered":"<p>Das Kabel wurde f\u00fcr den Anschluss von Hauptplatinen und Host-Controllern an SATA-Festplatten und DVD-Laufwerke entwickelt und rationalisiert Ihren Computeraufr\u00fcstungsprozess.<\/p>\n<p>Das 90-Grad-Winkel-Design sorgt f\u00fcr ein einfacheres Kabelmanagement und einen besseren Luftstrom in Ihrem Computergeh\u00e4use. Au\u00dferdem bietet es schnelle Daten\u00fcbertragungsgeschwindigkeiten von bis zu 3 Gbit\/s und eine sichere Verriegelung an beiden Enden f\u00fcr sichere, zuverl\u00e4ssige Datei\u00fcbertragungen.<\/p>\n<p>Unser Kabel ist abw\u00e4rtskompatibel mit Full-Speed-USB 1.1 und Low-Speed-USB 1.0 und kann somit vielseitig f\u00fcr verschiedene Ger\u00e4te eingesetzt werden.<\/p>\n<p>Seine Spezifikationen:<\/p>\n<ul>\n<li>Vergoldeter Kontakt, vernickeltes Geh\u00e4use<\/li>\n<li>Kabelleitung: Blanke Kupfer 6 Adern<\/li>\n<li>Isolierung: Gesch\u00e4umte PE-Haut\/HDPE<\/li>\n<li>Kabelquerschnitt: 26AWG<\/li>\n<li>Abschirmung: Drahtseil<\/li>\n<li>Geh\u00e4use: Spritzgussform<\/li>\n<li>Mantel: PVC<\/li>\n<li>\u00c4u\u00dferer Durchmesser: 2,2\u00d77,8 mm<\/li>\n<li>Einhaltung der Vorschriften: RoHS, REACH<\/li>\n<\/ul>\n<p>Aber denken Sie daran, dass es sich um ein reines Datenkabel handelt; die Stromversorgung der Festplatte muss separat erfolgen. Kurzum, kontaktieren Sie uns noch heute und investieren Sie in dieses SATA II-Kabel.<\/p>","protected":false},"excerpt":{"rendered":"<p>Erm\u00f6glichen Sie eine effiziente und sichere Daten\u00fcbertragung mit dem Farsince SATA II-Kabel f\u00fcr 3 Gbps-Geschwindigkeiten, einem 90-Grad-Winkel und einem sicheren Verriegelungsmechanismus.<\/p>","protected":false},"featured_media":17544,"template":"","meta":{"_acf_changed":false,"_seopress_robots_primary_cat":"","_seopress_titles_title":"Best 90 Degree Angle SATA II Cable - Farsince","_seopress_titles_desc":"","_seopress_robots_index":"","site-sidebar-layout":"default","site-content-layout":"default","ast-site-content-layout":"default","site-content-style":"default","site-sidebar-style":"default","ast-global-header-display":"","ast-banner-title-visibility":"","ast-main-header-display":"","ast-hfb-above-header-display":"","ast-hfb-below-header-display":"","ast-hfb-mobile-header-display":"","site-post-title":"","ast-breadcrumbs-content":"","ast-featured-img":"","footer-sml-layout":"","ast-disable-related-posts":"","theme-transparent-header-meta":"default","adv-header-id-meta":"","stick-header-meta":"","header-above-stick-meta":"","header-main-stick-meta":"","header-below-stick-meta":"","astra-migrate-meta-layouts":"set","ast-page-background-enabled":"default","ast-page-background-meta":{"desktop":{"background-color":"","background-image":"","background-repeat":"repeat","background-position":"center center","background-size":"auto","background-attachment":"scroll","background-type":"","background-media":"","overlay-type":"","overlay-color":"","overlay-opacity":"","overlay-gradient":""},"tablet":{"background-color":"","background-image":"","background-repeat":"repeat","background-position":"center center","background-size":"auto","background-attachment":"scroll","background-type":"","background-media":"","overlay-type":"","overlay-color":"","overlay-opacity":"","overlay-gradient":""},"mobile":{"background-color":"","background-image":"","background-repeat":"repeat","background-position":"center center","background-size":"auto","background-attachment":"scroll","background-type":"","background-media":"","overlay-type":"","overlay-color":"","overlay-opacity":"","overlay-gradient":""}},"ast-content-background-meta":{"desktop":{"background-color":"var(--ast-global-color-5)","background-image":"","background-repeat":"repeat","background-position":"center center","background-size":"auto","background-attachment":"scroll","background-type":"","background-media":"","overlay-type":"","overlay-color":"","overlay-opacity":"","overlay-gradient":""},"tablet":{"background-color":"var(--ast-global-color-5)","background-image":"","background-repeat":"repeat","background-position":"center center","background-size":"auto","background-attachment":"scroll","background-type":"","background-media":"","overlay-type":"","overlay-color":"","overlay-opacity":"","overlay-gradient":""},"mobile":{"background-color":"var(--ast-global-color-5)","background-image":"","background-repeat":"repeat","background-position":"center center","background-size":"auto","background-attachment":"scroll","background-type":"","background-media":"","overlay-type":"","overlay-color":"","overlay-opacity":"","overlay-gradient":""}},"iawp_total_views":4},"product_brand":[],"product_cat":[633],"product_tag":[],"class_list":{"0":"post-17543","1":"product","2":"type-product","3":"status-publish","4":"has-post-thumbnail","6":"product_cat-pc-cables","7":"desktop-align-left","8":"tablet-align-left","9":"mobile-align-left","11":"first","12":"instock","13":"shipping-taxable","14":"purchasable","15":"product-type-simple"},"acf":[],"_links":{"self":[{"href":"https:\/\/www.fjpremium.com\/de\/wp-json\/wp\/v2\/product\/17543","targetHints":{"allow":["GET"]}}],"collection":[{"href":"https:\/\/www.fjpremium.com\/de\/wp-json\/wp\/v2\/product"}],"about":[{"href":"https:\/\/www.fjpremium.com\/de\/wp-json\/wp\/v2\/types\/product"}],"wp:featuredmedia":[{"embeddable":true,"href":"https:\/\/www.fjpremium.com\/de\/wp-json\/wp\/v2\/media\/17544"}],"wp:attachment":[{"href":"https:\/\/www.fjpremium.com\/de\/wp-json\/wp\/v2\/media?parent=17543"}],"wp:term":[{"taxonomy":"product_brand","embeddable":true,"href":"https:\/\/www.fjpremium.com\/de\/wp-json\/wp\/v2\/product_brand?post=17543"},{"taxonomy":"product_cat","embeddable":true,"href":"https:\/\/www.fjpremium.com\/de\/wp-json\/wp\/v2\/product_cat?post=17543"},{"taxonomy":"product_tag","embeddable":true,"href":"https:\/\/www.fjpremium.com\/de\/wp-json\/wp\/v2\/product_tag?post=17543"}],"curies":[{"name":"wp","href":"https:\/\/api.w.org\/{rel}","templated":true}]}}