{"id":17540,"date":"2021-03-10T16:48:30","date_gmt":"2021-03-10T08:48:30","guid":{"rendered":"https:\/\/www.fjpremium.com\/?post_type=product&#038;p=17540"},"modified":"2023-09-18T14:08:58","modified_gmt":"2023-09-18T06:08:58","slug":"sata-ii-cable-straight-sata-2-0-hdd-sdd-data-cable-with-locking-latch","status":"publish","type":"product","link":"https:\/\/www.fjpremium.com\/de\/product\/sata-ii-cable-straight-sata-2-0-hdd-sdd-data-cable-with-locking-latch\/","title":{"rendered":"Gerades HDD SSD SATA II Datenkabel mit Verriegelungsklinke"},"content":{"rendered":"<p>Dieses Kabel wurde f\u00fcr den schnellen Anschluss von Motherboards und Host-Controllern an SATA-HDDs, SSDs und optische Laufwerke entwickelt und ist die optimale Wahl f\u00fcr die schnelle Aufr\u00fcstung Ihrer Systeme.<\/p>\n<p>Sie erreichen Daten\u00fcbertragungsgeschwindigkeiten von bis zu 3 Gbit\/s und genie\u00dfen die Sicherheit einer Verriegelung an beiden Enden, die eine sichere und zuverl\u00e4ssige Datei\u00fcbertragung garantiert.<\/p>\n<p>Das Kabel ist abw\u00e4rtskompatibel mit Full-Speed-USB 1.1 und Low-Speed-USB 1.0, was seinen Nutzen f\u00fcr verschiedene Ger\u00e4te erh\u00f6ht.<\/p>\n<p>Seine Spezifikationen:<\/p>\n<ul>\n<li>Vergoldeter Kontakt, vernickeltes Geh\u00e4use<\/li>\n<li>Kabelleitung: Blanke Kupfer 6 Adern<\/li>\n<li>Isolierung: Gesch\u00e4umte PE-Haut\/HDPE<\/li>\n<li>Kabelquerschnitt: 26AWG<\/li>\n<li>Abschirmung: Drahtseil<\/li>\n<li>Geh\u00e4use: Spritzgussform<\/li>\n<li>Mantel: PVC<\/li>\n<li>\u00c4u\u00dferer Durchmesser: 2,2\u00d77,8 mm<\/li>\n<li>Einhaltung der Vorschriften: RoHS, REACH<\/li>\n<\/ul>\n<p>Beachten Sie au\u00dferdem, dass es nur f\u00fcr die Daten\u00fcbertragung konzipiert ist und eine separate Stromquelle f\u00fcr Ihre Festplatte ben\u00f6tigt. Kontaktieren Sie uns also noch heute und investieren Sie in unser SATA II-Datenkabel.<\/p>","protected":false},"excerpt":{"rendered":"<p>Beschleunigen Sie die Systemaufr\u00fcstung mit dem Farsince Straight SATA II-Datenkabel, mit \u00dcbertragungsgeschwindigkeiten von bis zu 3 Gbit\/s, sicheren Verbindungen und Abw\u00e4rtskompatibilit\u00e4t.<\/p>","protected":false},"featured_media":17541,"template":"","meta":{"_acf_changed":false,"_seopress_robots_primary_cat":"","_seopress_titles_title":"Best SATA II Data Cable with Locking Latch - Farsince","_seopress_titles_desc":"","_seopress_robots_index":"","site-sidebar-layout":"default","site-content-layout":"default","ast-site-content-layout":"default","site-content-style":"default","site-sidebar-style":"default","ast-global-header-display":"","ast-banner-title-visibility":"","ast-main-header-display":"","ast-hfb-above-header-display":"","ast-hfb-below-header-display":"","ast-hfb-mobile-header-display":"","site-post-title":"","ast-breadcrumbs-content":"","ast-featured-img":"","footer-sml-layout":"","ast-disable-related-posts":"","theme-transparent-header-meta":"default","adv-header-id-meta":"","stick-header-meta":"","header-above-stick-meta":"","header-main-stick-meta":"","header-below-stick-meta":"","astra-migrate-meta-layouts":"set","ast-page-background-enabled":"default","ast-page-background-meta":{"desktop":{"background-color":"","background-image":"","background-repeat":"repeat","background-position":"center center","background-size":"auto","background-attachment":"scroll","background-type":"","background-media":"","overlay-type":"","overlay-color":"","overlay-opacity":"","overlay-gradient":""},"tablet":{"background-color":"","background-image":"","background-repeat":"repeat","background-position":"center center","background-size":"auto","background-attachment":"scroll","background-type":"","background-media":"","overlay-type":"","overlay-color":"","overlay-opacity":"","overlay-gradient":""},"mobile":{"background-color":"","background-image":"","background-repeat":"repeat","background-position":"center center","background-size":"auto","background-attachment":"scroll","background-type":"","background-media":"","overlay-type":"","overlay-color":"","overlay-opacity":"","overlay-gradient":""}},"ast-content-background-meta":{"desktop":{"background-color":"var(--ast-global-color-5)","background-image":"","background-repeat":"repeat","background-position":"center center","background-size":"auto","background-attachment":"scroll","background-type":"","background-media":"","overlay-type":"","overlay-color":"","overlay-opacity":"","overlay-gradient":""},"tablet":{"background-color":"var(--ast-global-color-5)","background-image":"","background-repeat":"repeat","background-position":"center center","background-size":"auto","background-attachment":"scroll","background-type":"","background-media":"","overlay-type":"","overlay-color":"","overlay-opacity":"","overlay-gradient":""},"mobile":{"background-color":"var(--ast-global-color-5)","background-image":"","background-repeat":"repeat","background-position":"center center","background-size":"auto","background-attachment":"scroll","background-type":"","background-media":"","overlay-type":"","overlay-color":"","overlay-opacity":"","overlay-gradient":""}},"iawp_total_views":27},"product_brand":[],"product_cat":[633],"product_tag":[],"class_list":{"0":"post-17540","1":"product","2":"type-product","3":"status-publish","4":"has-post-thumbnail","6":"product_cat-pc-cables","7":"desktop-align-left","8":"tablet-align-left","9":"mobile-align-left","11":"first","12":"instock","13":"shipping-taxable","14":"purchasable","15":"product-type-simple"},"acf":[],"_links":{"self":[{"href":"https:\/\/www.fjpremium.com\/de\/wp-json\/wp\/v2\/product\/17540","targetHints":{"allow":["GET"]}}],"collection":[{"href":"https:\/\/www.fjpremium.com\/de\/wp-json\/wp\/v2\/product"}],"about":[{"href":"https:\/\/www.fjpremium.com\/de\/wp-json\/wp\/v2\/types\/product"}],"wp:featuredmedia":[{"embeddable":true,"href":"https:\/\/www.fjpremium.com\/de\/wp-json\/wp\/v2\/media\/17541"}],"wp:attachment":[{"href":"https:\/\/www.fjpremium.com\/de\/wp-json\/wp\/v2\/media?parent=17540"}],"wp:term":[{"taxonomy":"product_brand","embeddable":true,"href":"https:\/\/www.fjpremium.com\/de\/wp-json\/wp\/v2\/product_brand?post=17540"},{"taxonomy":"product_cat","embeddable":true,"href":"https:\/\/www.fjpremium.com\/de\/wp-json\/wp\/v2\/product_cat?post=17540"},{"taxonomy":"product_tag","embeddable":true,"href":"https:\/\/www.fjpremium.com\/de\/wp-json\/wp\/v2\/product_tag?post=17540"}],"curies":[{"name":"wp","href":"https:\/\/api.w.org\/{rel}","templated":true}]}}