{"id":17522,"date":"2021-03-10T16:44:07","date_gmt":"2021-03-10T08:44:07","guid":{"rendered":"https:\/\/www.fjpremium.com\/?post_type=product&#038;p=17522"},"modified":"2023-12-14T14:00:18","modified_gmt":"2023-12-14T06:00:18","slug":"usb-to-db25-parallel-printer-cable-ieee-1284-adapter-converter-cable","status":"publish","type":"product","link":"https:\/\/www.fjpremium.com\/de\/product\/usb-to-db25-parallel-printer-cable-ieee-1284-adapter-converter-cable\/","title":{"rendered":"USB auf DB25 Parallel IEEE 1284 Druckerkabel"},"content":{"rendered":"<p>Das IEEE 1284 Druckerkabel wurde f\u00fcr die Verbindung von Desktop- oder Notebook-Computern mit USB-Anschluss mit parallelen Druckern, Tintenstrahl- und Laserdruckern, POS-Ger\u00e4ten, Etikettendruckern, Registrierkassen und Scannern mit paralleler DB25-Schnittstelle entwickelt und ist Ihr Tor zu effizientem Arbeiten.<\/p>\n<p>Er erreicht Daten\u00fcbertragungsgeschwindigkeiten von bis zu 12 Mbps und ist vollst\u00e4ndig konform mit den Spezifikationen USB 1.1\/2.0 und IEEE 1284.<\/p>\n<p>Und er ist so konzipiert, dass er einen bidirektionalen Vollduplex-Kommunikationsbus f\u00fcr jede IEEE-1284-Anwendung bereitstellt und so eine optimale Leistung gew\u00e4hrleistet.<\/p>\n<p>Die Plug-and-Play-Installation unseres Kabels bietet Komfort, w\u00e4hrend der hochwertige Chip eine zuverl\u00e4ssige Verbindung gew\u00e4hrleistet.<\/p>\n<p>Seine Spezifikationen:<\/p>\n<ul>\n<li>Anschluss 1: USB 2.0-Stecker<\/li>\n<li>Anschluss 2: IEEE 1284 DB25 Stecker oder Buchse<\/li>\n<li>Vergoldeter Kontakt, vernickeltes Geh\u00e4use<\/li>\n<li>Geh\u00e4use: Kunststoff-Spritzguss<\/li>\n<li>Chip: PL2302TA oder FTDI RL<\/li>\n<li>Mantel: PVC<\/li>\n<\/ul>\n<p>Bitte beachten Sie, dass er nicht mit einem Zip-Laufwerk oder als LPT-Port kompatibel ist.<\/p>\n<p>Au\u00dferdem ist es RoHS- und REACH-konform und damit eine verantwortungsbewusste Erg\u00e4nzung f\u00fcr Ihr technisches Ensemble. Nehmen Sie daher noch heute Kontakt mit uns auf und f\u00fcgen Sie ihn Ihrem Bestand hinzu.<\/p>","protected":false},"excerpt":{"rendered":"<p>Genie\u00dfen Sie nahtlose Konnektivit\u00e4t mit dem Farsince USB-auf-DB25-Parallel-IEEE-1284-Druckerkabel, das auf optimale Daten\u00fcbertragung und umfassende Kompatibilit\u00e4t zugeschnitten ist und Ihre Abl\u00e4ufe optimiert.<\/p>","protected":false},"featured_media":17523,"template":"","meta":{"_acf_changed":false,"_seopress_robots_primary_cat":"","_seopress_titles_title":"","_seopress_titles_desc":"Enjoy seamless connectivity with Farsince USB to DB25 parallel IEEE 1284 printer cable, tailored for optimal data transfer and broad compatibility.","_seopress_robots_index":"","site-sidebar-layout":"default","site-content-layout":"default","ast-site-content-layout":"default","site-content-style":"default","site-sidebar-style":"default","ast-global-header-display":"","ast-banner-title-visibility":"","ast-main-header-display":"","ast-hfb-above-header-display":"","ast-hfb-below-header-display":"","ast-hfb-mobile-header-display":"","site-post-title":"","ast-breadcrumbs-content":"","ast-featured-img":"","footer-sml-layout":"","ast-disable-related-posts":"","theme-transparent-header-meta":"default","adv-header-id-meta":"","stick-header-meta":"","header-above-stick-meta":"","header-main-stick-meta":"","header-below-stick-meta":"","astra-migrate-meta-layouts":"default","ast-page-background-enabled":"default","ast-page-background-meta":{"desktop":{"background-color":"","background-image":"","background-repeat":"repeat","background-position":"center center","background-size":"auto","background-attachment":"scroll","background-type":"","background-media":"","overlay-type":"","overlay-color":"","overlay-opacity":"","overlay-gradient":""},"tablet":{"background-color":"","background-image":"","background-repeat":"repeat","background-position":"center center","background-size":"auto","background-attachment":"scroll","background-type":"","background-media":"","overlay-type":"","overlay-color":"","overlay-opacity":"","overlay-gradient":""},"mobile":{"background-color":"","background-image":"","background-repeat":"repeat","background-position":"center center","background-size":"auto","background-attachment":"scroll","background-type":"","background-media":"","overlay-type":"","overlay-color":"","overlay-opacity":"","overlay-gradient":""}},"ast-content-background-meta":{"desktop":{"background-color":"var(--ast-global-color-5)","background-image":"","background-repeat":"repeat","background-position":"center center","background-size":"auto","background-attachment":"scroll","background-type":"","background-media":"","overlay-type":"","overlay-color":"","overlay-opacity":"","overlay-gradient":""},"tablet":{"background-color":"var(--ast-global-color-5)","background-image":"","background-repeat":"repeat","background-position":"center center","background-size":"auto","background-attachment":"scroll","background-type":"","background-media":"","overlay-type":"","overlay-color":"","overlay-opacity":"","overlay-gradient":""},"mobile":{"background-color":"var(--ast-global-color-5)","background-image":"","background-repeat":"repeat","background-position":"center center","background-size":"auto","background-attachment":"scroll","background-type":"","background-media":"","overlay-type":"","overlay-color":"","overlay-opacity":"","overlay-gradient":""}},"iawp_total_views":10},"product_brand":[],"product_cat":[632,637],"product_tag":[],"class_list":{"0":"post-17522","1":"product","2":"type-product","3":"status-publish","4":"has-post-thumbnail","6":"product_cat-usb","7":"product_cat-usb-converters","8":"desktop-align-left","9":"tablet-align-left","10":"mobile-align-left","12":"first","13":"instock","14":"shipping-taxable","15":"purchasable","16":"product-type-simple"},"acf":[],"_links":{"self":[{"href":"https:\/\/www.fjpremium.com\/de\/wp-json\/wp\/v2\/product\/17522","targetHints":{"allow":["GET"]}}],"collection":[{"href":"https:\/\/www.fjpremium.com\/de\/wp-json\/wp\/v2\/product"}],"about":[{"href":"https:\/\/www.fjpremium.com\/de\/wp-json\/wp\/v2\/types\/product"}],"wp:featuredmedia":[{"embeddable":true,"href":"https:\/\/www.fjpremium.com\/de\/wp-json\/wp\/v2\/media\/17523"}],"wp:attachment":[{"href":"https:\/\/www.fjpremium.com\/de\/wp-json\/wp\/v2\/media?parent=17522"}],"wp:term":[{"taxonomy":"product_brand","embeddable":true,"href":"https:\/\/www.fjpremium.com\/de\/wp-json\/wp\/v2\/product_brand?post=17522"},{"taxonomy":"product_cat","embeddable":true,"href":"https:\/\/www.fjpremium.com\/de\/wp-json\/wp\/v2\/product_cat?post=17522"},{"taxonomy":"product_tag","embeddable":true,"href":"https:\/\/www.fjpremium.com\/de\/wp-json\/wp\/v2\/product_tag?post=17522"}],"curies":[{"name":"wp","href":"https:\/\/api.w.org\/{rel}","templated":true}]}}