{"id":17513,"date":"2021-03-10T16:42:24","date_gmt":"2021-03-10T08:42:24","guid":{"rendered":"https:\/\/www.fjpremium.com\/?post_type=product&#038;p=17513"},"modified":"2023-12-14T14:00:19","modified_gmt":"2023-12-14T06:00:19","slug":"usb-2-0-to-rs232-db9-female-serial-adapter-cable","status":"publish","type":"product","link":"https:\/\/www.fjpremium.com\/de\/product\/usb-2-0-to-rs232-db9-female-serial-adapter-cable\/","title":{"rendered":"USB 2.0 auf RS232 DB9 Buchse Serielles Adapterkabel"},"content":{"rendered":"<p>Unser innovatives serielles Adapterkabel verbindet ein serielles DB9 (9 PIN)-Ger\u00e4t, wie z. B. ein Modem, nahtlos mit einem USB-Anschluss an Ihrem Computer.<\/p>\n<p>Au\u00dferdem ist er mit verschiedenen Ger\u00e4ten kompatibel, darunter ISDN-Terminaladapter, Digitalkameras, Etikettenschreiber, Palm-PCs, PDAs und DB9 SERIAL-Anschl\u00fcsse.<\/p>\n<p>Er ist mit dem neuesten Prolific FTDI232RL oder PL2303TA Chipsatz ausgestattet und unterst\u00fctzt eine hohe Daten\u00fcbertragungsrate von 1Mbps.<\/p>\n<p>Dieses Tool ist Plug-and-Play-f\u00e4hig und erm\u00f6glicht eine m\u00fchelose Einrichtung auf Windows-, Linux- und Mac OS X-Systemen.<\/p>\n<p>Seine Spezifikationen:<\/p>\n<ul>\n<li>Anschluss 1: USB 2.0-Stecker<\/li>\n<li>Anschluss 2: RS232 DB9-Buchse<\/li>\n<li>Vergoldeter Kontakt, vernickeltes Geh\u00e4use<\/li>\n<li>Geh\u00e4use: Kunststoff-Spritzguss<\/li>\n<li>Mantel: PVC<\/li>\n<li>Chip: PL2302TA oder FTDIRL<\/li>\n<\/ul>\n<p>Bitte beachten Sie au\u00dferdem, dass er nicht mit dem Schneideplotter SCM kompatibel ist. RoHS- und REACH-konform, stellt es eine umweltfreundliche Wahl dar.<\/p>\n<p>Nehmen Sie daher noch heute Kontakt mit uns auf und investieren Sie in das Kabel.<\/p>","protected":false},"excerpt":{"rendered":"<p>Steigen Sie ein in eine effiziente Konnektivit\u00e4t mit dem USB 2.0-auf-RS232-DB9-Seriell-Adapterkabel von Farsince, das Plug-and-Play-Komfort gepaart mit RoHS- und REACH-Konformit\u00e4t bietet.<\/p>","protected":false},"featured_media":17514,"template":"","meta":{"_acf_changed":false,"_seopress_robots_primary_cat":"","_seopress_titles_title":"USB 2.0 to RS232 DB9 Female Serial Adapter Cable - FARSINCE","_seopress_titles_desc":"Step into efficient connectivity with the Farsince USB 2.0 to RS232 DB9 female serial adapter cable, boasting plug-and-play convenience.","_seopress_robots_index":"","site-sidebar-layout":"default","site-content-layout":"default","ast-site-content-layout":"default","site-content-style":"default","site-sidebar-style":"default","ast-global-header-display":"","ast-banner-title-visibility":"","ast-main-header-display":"","ast-hfb-above-header-display":"","ast-hfb-below-header-display":"","ast-hfb-mobile-header-display":"","site-post-title":"","ast-breadcrumbs-content":"","ast-featured-img":"","footer-sml-layout":"","ast-disable-related-posts":"","theme-transparent-header-meta":"default","adv-header-id-meta":"","stick-header-meta":"","header-above-stick-meta":"","header-main-stick-meta":"","header-below-stick-meta":"","astra-migrate-meta-layouts":"set","ast-page-background-enabled":"default","ast-page-background-meta":{"desktop":{"background-color":"","background-image":"","background-repeat":"repeat","background-position":"center center","background-size":"auto","background-attachment":"scroll","background-type":"","background-media":"","overlay-type":"","overlay-color":"","overlay-opacity":"","overlay-gradient":""},"tablet":{"background-color":"","background-image":"","background-repeat":"repeat","background-position":"center center","background-size":"auto","background-attachment":"scroll","background-type":"","background-media":"","overlay-type":"","overlay-color":"","overlay-opacity":"","overlay-gradient":""},"mobile":{"background-color":"","background-image":"","background-repeat":"repeat","background-position":"center center","background-size":"auto","background-attachment":"scroll","background-type":"","background-media":"","overlay-type":"","overlay-color":"","overlay-opacity":"","overlay-gradient":""}},"ast-content-background-meta":{"desktop":{"background-color":"var(--ast-global-color-5)","background-image":"","background-repeat":"repeat","background-position":"center center","background-size":"auto","background-attachment":"scroll","background-type":"","background-media":"","overlay-type":"","overlay-color":"","overlay-opacity":"","overlay-gradient":""},"tablet":{"background-color":"var(--ast-global-color-5)","background-image":"","background-repeat":"repeat","background-position":"center center","background-size":"auto","background-attachment":"scroll","background-type":"","background-media":"","overlay-type":"","overlay-color":"","overlay-opacity":"","overlay-gradient":""},"mobile":{"background-color":"var(--ast-global-color-5)","background-image":"","background-repeat":"repeat","background-position":"center center","background-size":"auto","background-attachment":"scroll","background-type":"","background-media":"","overlay-type":"","overlay-color":"","overlay-opacity":"","overlay-gradient":""}},"iawp_total_views":6},"product_brand":[],"product_cat":[632,637],"product_tag":[],"class_list":{"0":"post-17513","1":"product","2":"type-product","3":"status-publish","4":"has-post-thumbnail","6":"product_cat-usb","7":"product_cat-usb-converters","8":"desktop-align-left","9":"tablet-align-left","10":"mobile-align-left","12":"first","13":"instock","14":"shipping-taxable","15":"purchasable","16":"product-type-simple"},"acf":[],"_links":{"self":[{"href":"https:\/\/www.fjpremium.com\/de\/wp-json\/wp\/v2\/product\/17513","targetHints":{"allow":["GET"]}}],"collection":[{"href":"https:\/\/www.fjpremium.com\/de\/wp-json\/wp\/v2\/product"}],"about":[{"href":"https:\/\/www.fjpremium.com\/de\/wp-json\/wp\/v2\/types\/product"}],"wp:featuredmedia":[{"embeddable":true,"href":"https:\/\/www.fjpremium.com\/de\/wp-json\/wp\/v2\/media\/17514"}],"wp:attachment":[{"href":"https:\/\/www.fjpremium.com\/de\/wp-json\/wp\/v2\/media?parent=17513"}],"wp:term":[{"taxonomy":"product_brand","embeddable":true,"href":"https:\/\/www.fjpremium.com\/de\/wp-json\/wp\/v2\/product_brand?post=17513"},{"taxonomy":"product_cat","embeddable":true,"href":"https:\/\/www.fjpremium.com\/de\/wp-json\/wp\/v2\/product_cat?post=17513"},{"taxonomy":"product_tag","embeddable":true,"href":"https:\/\/www.fjpremium.com\/de\/wp-json\/wp\/v2\/product_tag?post=17513"}],"curies":[{"name":"wp","href":"https:\/\/api.w.org\/{rel}","templated":true}]}}