{"id":17496,"date":"2021-03-10T16:39:29","date_gmt":"2021-03-10T08:39:29","guid":{"rendered":"https:\/\/www.fjpremium.com\/?post_type=product&#038;p=17496"},"modified":"2023-12-14T14:00:20","modified_gmt":"2023-12-14T06:00:20","slug":"usb-2-0-to-rs232-serial-db9-male-adapter-cable","status":"publish","type":"product","link":"https:\/\/www.fjpremium.com\/de\/product\/usb-2-0-to-rs232-serial-db9-male-adapter-cable\/","title":{"rendered":"USB zu DB9 Serieller Adapter, USB 2.0 zu RS232 Stecker Adapterkabel"},"content":{"rendered":"<p>Der USB-auf-DB9-Seriell-Adapter ist die ideale L\u00f6sung f\u00fcr Ger\u00e4te mit DB9-SERIAL-Anschl\u00fcssen, wie z. B. Modems, Digitalkameras, Etikettenschreiber usw.<\/p>\n<p>Er verwendet den fortschrittlichen Prolific FTDI232RL- oder PL2303TA-Chipsatz, der eine schnelle Daten\u00fcbertragung mit 1 Mbps erm\u00f6glicht.<\/p>\n<p>Das Plug-and-Play-System ist einfach zu installieren und zu bedienen und unterst\u00fctzt eine Vielzahl von Betriebssystemen, darunter Windows 10, 8.1, 8, 7, Vista, XP, Windows 2000, Linux 2.4 und h\u00f6her sowie Mac OS X 10.6 und h\u00f6her.<\/p>\n<p>Seine Spezifikationen:<\/p>\n<ul>\n<li>Anschluss 1: USB 2.0-Stecker<\/li>\n<li>Anschluss 2: RS232 DB9-Stecker<\/li>\n<li>Vergoldeter Kontakt, vernickeltes Geh\u00e4use<\/li>\n<li>Geh\u00e4use: Kunststoff-Spritzguss<\/li>\n<li>Chip: PL2302TA oder FTDIRL<\/li>\n<li>Mantel: PVC<\/li>\n<\/ul>\n<p>Bitte beachten Sie, dass unser Adapter nicht mit Schneideplottern, SCM kompatibel ist.<\/p>\n<p>Au\u00dferdem ist es ein umweltbewusstes Produkt, das die RoHS- und REACH-Richtlinien erf\u00fcllt. Kurzum, kontaktieren Sie uns noch heute und investieren Sie in dieses Produkt.<\/p>","protected":false},"excerpt":{"rendered":"<p>Nutzen Sie die nahtlose Konnektivit\u00e4t mit dem seriellen USB-auf-DB9-Adapter von Farsince und profitieren Sie von schnellen Daten\u00fcbertragungen, einfacher Plug-and-Play-Einrichtung und umfassender Betriebssystemkompatibilit\u00e4t.<\/p>","protected":false},"featured_media":17497,"template":"","meta":{"_acf_changed":false,"_seopress_robots_primary_cat":"","_seopress_titles_title":"Best USB to DB9 Serial Adapter - Farsince","_seopress_titles_desc":"Leverage seamless connectivity with our USB to DB9 serial adapter, boasting rapid data transfers, simple plug-and-play setup, and extensive OS compatibility. ","_seopress_robots_index":"","site-sidebar-layout":"default","site-content-layout":"default","ast-site-content-layout":"default","site-content-style":"default","site-sidebar-style":"default","ast-global-header-display":"","ast-banner-title-visibility":"","ast-main-header-display":"","ast-hfb-above-header-display":"","ast-hfb-below-header-display":"","ast-hfb-mobile-header-display":"","site-post-title":"","ast-breadcrumbs-content":"","ast-featured-img":"","footer-sml-layout":"","ast-disable-related-posts":"","theme-transparent-header-meta":"default","adv-header-id-meta":"","stick-header-meta":"","header-above-stick-meta":"","header-main-stick-meta":"","header-below-stick-meta":"","astra-migrate-meta-layouts":"set","ast-page-background-enabled":"default","ast-page-background-meta":{"desktop":{"background-color":"","background-image":"","background-repeat":"repeat","background-position":"center center","background-size":"auto","background-attachment":"scroll","background-type":"","background-media":"","overlay-type":"","overlay-color":"","overlay-opacity":"","overlay-gradient":""},"tablet":{"background-color":"","background-image":"","background-repeat":"repeat","background-position":"center center","background-size":"auto","background-attachment":"scroll","background-type":"","background-media":"","overlay-type":"","overlay-color":"","overlay-opacity":"","overlay-gradient":""},"mobile":{"background-color":"","background-image":"","background-repeat":"repeat","background-position":"center center","background-size":"auto","background-attachment":"scroll","background-type":"","background-media":"","overlay-type":"","overlay-color":"","overlay-opacity":"","overlay-gradient":""}},"ast-content-background-meta":{"desktop":{"background-color":"var(--ast-global-color-5)","background-image":"","background-repeat":"repeat","background-position":"center center","background-size":"auto","background-attachment":"scroll","background-type":"","background-media":"","overlay-type":"","overlay-color":"","overlay-opacity":"","overlay-gradient":""},"tablet":{"background-color":"var(--ast-global-color-5)","background-image":"","background-repeat":"repeat","background-position":"center center","background-size":"auto","background-attachment":"scroll","background-type":"","background-media":"","overlay-type":"","overlay-color":"","overlay-opacity":"","overlay-gradient":""},"mobile":{"background-color":"var(--ast-global-color-5)","background-image":"","background-repeat":"repeat","background-position":"center center","background-size":"auto","background-attachment":"scroll","background-type":"","background-media":"","overlay-type":"","overlay-color":"","overlay-opacity":"","overlay-gradient":""}},"iawp_total_views":7},"product_brand":[],"product_cat":[632,637],"product_tag":[],"class_list":{"0":"post-17496","1":"product","2":"type-product","3":"status-publish","4":"has-post-thumbnail","6":"product_cat-usb","7":"product_cat-usb-converters","8":"desktop-align-left","9":"tablet-align-left","10":"mobile-align-left","12":"first","13":"instock","14":"shipping-taxable","15":"purchasable","16":"product-type-simple"},"acf":[],"_links":{"self":[{"href":"https:\/\/www.fjpremium.com\/de\/wp-json\/wp\/v2\/product\/17496","targetHints":{"allow":["GET"]}}],"collection":[{"href":"https:\/\/www.fjpremium.com\/de\/wp-json\/wp\/v2\/product"}],"about":[{"href":"https:\/\/www.fjpremium.com\/de\/wp-json\/wp\/v2\/types\/product"}],"wp:featuredmedia":[{"embeddable":true,"href":"https:\/\/www.fjpremium.com\/de\/wp-json\/wp\/v2\/media\/17497"}],"wp:attachment":[{"href":"https:\/\/www.fjpremium.com\/de\/wp-json\/wp\/v2\/media?parent=17496"}],"wp:term":[{"taxonomy":"product_brand","embeddable":true,"href":"https:\/\/www.fjpremium.com\/de\/wp-json\/wp\/v2\/product_brand?post=17496"},{"taxonomy":"product_cat","embeddable":true,"href":"https:\/\/www.fjpremium.com\/de\/wp-json\/wp\/v2\/product_cat?post=17496"},{"taxonomy":"product_tag","embeddable":true,"href":"https:\/\/www.fjpremium.com\/de\/wp-json\/wp\/v2\/product_tag?post=17496"}],"curies":[{"name":"wp","href":"https:\/\/api.w.org\/{rel}","templated":true}]}}