{"id":17488,"date":"2021-03-10T16:37:44","date_gmt":"2021-03-10T08:37:44","guid":{"rendered":"https:\/\/www.fjpremium.com\/?post_type=product&#038;p=17488"},"modified":"2023-12-14T14:00:21","modified_gmt":"2023-12-14T06:00:21","slug":"usb-extender-usb-2-0-to-rj45-lan-extension-adapter-over-cat5-cat5e-cat6-cable-up-to-50m","status":"publish","type":"product","link":"https:\/\/www.fjpremium.com\/de\/product\/usb-extender-usb-2-0-to-rj45-lan-extension-adapter-over-cat5-cat5e-cat6-cable-up-to-50m\/","title":{"rendered":"USB Extender, USB 2.0 auf RJ45 LAN Verl\u00e4ngerungsadapter \u00fcber Cat5\/Cat5e \/Cat6 Kabel bis zu 50m"},"content":{"rendered":"<p>Unser USB 2.0-auf-RJ45-Lan-Verl\u00e4ngerungsadapter bietet eine vielseitige L\u00f6sung, um die Reichweite Ihrer USB-Ger\u00e4te, wie z. B. Kameras, Drucker, Webcams und Tastaturen, mit Standard Cat5\/Cat5e\/Cat6-Patchkabeln (nicht im Lieferumfang enthalten) auf bis zu 50 Meter zu erweitern.<\/p>\n<p>Mit einer Geschwindigkeit von 480 Mbit\/s im USB 2.0-Modus sorgt er f\u00fcr schnelle Daten\u00fcbertragungen und ist zudem abw\u00e4rtskompatibel mit USB1.0\/USB1.1, was seine Vielseitigkeit noch erh\u00f6ht.<\/p>\n<p>Dieser Plug-and-Play-Adapter unterst\u00fctzt eine Aufl\u00f6sung von bis zu 1920*1080P und ist damit ideal f\u00fcr eine Vielzahl von USB-Ger\u00e4ten und -Anwendungen.<\/p>\n<p>Es verf\u00fcgt \u00fcber vergoldete Kontakte und ein vernickeltes Geh\u00e4use f\u00fcr eine optimale Konnektivit\u00e4t, das in einem robusten ABS-Geh\u00e4use und einem PVC-Mantel untergebracht ist.<\/p>\n<p>Au\u00dferdem entspricht es den RoHS- und REACH-Normen. Kontaktieren Sie uns also noch heute und bestellen Sie das Produkt.<\/p>","protected":false},"excerpt":{"rendered":"<p>Erweitern Sie die Reichweite Ihrer USB-Ger\u00e4te mit dem Farsince USB 2.0 zu RJ45 Lan-Verl\u00e4ngerungsadapter, der eine Verl\u00e4ngerung von bis zu 50 m \u00fcber Cat5\/Cat5e\/Cat6 Patchkabel erm\u00f6glicht.<\/p>","protected":false},"featured_media":17489,"template":"","meta":{"_acf_changed":false,"_seopress_robots_primary_cat":"","_seopress_titles_title":"Best USB 2.0 to RJ45 LAN Extension Adapter - Farsince","_seopress_titles_desc":"","_seopress_robots_index":"","site-sidebar-layout":"default","site-content-layout":"default","ast-site-content-layout":"default","site-content-style":"default","site-sidebar-style":"default","ast-global-header-display":"","ast-banner-title-visibility":"","ast-main-header-display":"","ast-hfb-above-header-display":"","ast-hfb-below-header-display":"","ast-hfb-mobile-header-display":"","site-post-title":"","ast-breadcrumbs-content":"","ast-featured-img":"","footer-sml-layout":"","ast-disable-related-posts":"","theme-transparent-header-meta":"default","adv-header-id-meta":"","stick-header-meta":"","header-above-stick-meta":"","header-main-stick-meta":"","header-below-stick-meta":"","astra-migrate-meta-layouts":"set","ast-page-background-enabled":"default","ast-page-background-meta":{"desktop":{"background-color":"","background-image":"","background-repeat":"repeat","background-position":"center center","background-size":"auto","background-attachment":"scroll","background-type":"","background-media":"","overlay-type":"","overlay-color":"","overlay-opacity":"","overlay-gradient":""},"tablet":{"background-color":"","background-image":"","background-repeat":"repeat","background-position":"center center","background-size":"auto","background-attachment":"scroll","background-type":"","background-media":"","overlay-type":"","overlay-color":"","overlay-opacity":"","overlay-gradient":""},"mobile":{"background-color":"","background-image":"","background-repeat":"repeat","background-position":"center center","background-size":"auto","background-attachment":"scroll","background-type":"","background-media":"","overlay-type":"","overlay-color":"","overlay-opacity":"","overlay-gradient":""}},"ast-content-background-meta":{"desktop":{"background-color":"var(--ast-global-color-5)","background-image":"","background-repeat":"repeat","background-position":"center center","background-size":"auto","background-attachment":"scroll","background-type":"","background-media":"","overlay-type":"","overlay-color":"","overlay-opacity":"","overlay-gradient":""},"tablet":{"background-color":"var(--ast-global-color-5)","background-image":"","background-repeat":"repeat","background-position":"center center","background-size":"auto","background-attachment":"scroll","background-type":"","background-media":"","overlay-type":"","overlay-color":"","overlay-opacity":"","overlay-gradient":""},"mobile":{"background-color":"var(--ast-global-color-5)","background-image":"","background-repeat":"repeat","background-position":"center center","background-size":"auto","background-attachment":"scroll","background-type":"","background-media":"","overlay-type":"","overlay-color":"","overlay-opacity":"","overlay-gradient":""}},"iawp_total_views":11},"product_brand":[],"product_cat":[632,637],"product_tag":[],"class_list":{"0":"post-17488","1":"product","2":"type-product","3":"status-publish","4":"has-post-thumbnail","6":"product_cat-usb","7":"product_cat-usb-converters","8":"desktop-align-left","9":"tablet-align-left","10":"mobile-align-left","12":"first","13":"instock","14":"shipping-taxable","15":"purchasable","16":"product-type-simple"},"acf":[],"_links":{"self":[{"href":"https:\/\/www.fjpremium.com\/de\/wp-json\/wp\/v2\/product\/17488","targetHints":{"allow":["GET"]}}],"collection":[{"href":"https:\/\/www.fjpremium.com\/de\/wp-json\/wp\/v2\/product"}],"about":[{"href":"https:\/\/www.fjpremium.com\/de\/wp-json\/wp\/v2\/types\/product"}],"wp:featuredmedia":[{"embeddable":true,"href":"https:\/\/www.fjpremium.com\/de\/wp-json\/wp\/v2\/media\/17489"}],"wp:attachment":[{"href":"https:\/\/www.fjpremium.com\/de\/wp-json\/wp\/v2\/media?parent=17488"}],"wp:term":[{"taxonomy":"product_brand","embeddable":true,"href":"https:\/\/www.fjpremium.com\/de\/wp-json\/wp\/v2\/product_brand?post=17488"},{"taxonomy":"product_cat","embeddable":true,"href":"https:\/\/www.fjpremium.com\/de\/wp-json\/wp\/v2\/product_cat?post=17488"},{"taxonomy":"product_tag","embeddable":true,"href":"https:\/\/www.fjpremium.com\/de\/wp-json\/wp\/v2\/product_tag?post=17488"}],"curies":[{"name":"wp","href":"https:\/\/api.w.org\/{rel}","templated":true}]}}