{"id":17477,"date":"2021-03-10T16:34:17","date_gmt":"2021-03-10T08:34:17","guid":{"rendered":"https:\/\/www.fjpremium.com\/?post_type=product&#038;p=17477"},"modified":"2023-12-14T14:00:22","modified_gmt":"2023-12-14T06:00:22","slug":"usb-to-hdmi-vga-adapter-usb-3-0-to-hdmi-vga-female-adapter","status":"publish","type":"product","link":"https:\/\/www.fjpremium.com\/de\/product\/usb-to-hdmi-vga-adapter-usb-3-0-to-hdmi-vga-female-adapter\/","title":{"rendered":"USB zu HDMI VGA Buchse Adapter, USB 3.0 zu HDMI VGA Adapter"},"content":{"rendered":"<p>Dieses leistungsstarke und effiziente Ger\u00e4t stellt eine nahtlose Verbindung zwischen Ihrem Laptop und zwei verschiedenen Bildschirmen her, was Ihre Multitasking-F\u00e4higkeiten auf ein noch nie dagewesenes Niveau hebt.<\/p>\n<p>Egal, ob Sie ein wichtiges Gesch\u00e4ftsmeeting leiten oder einen Filmabend mit der Familie genie\u00dfen, es ist das ultimative Werkzeug, um Ihr digitales Leben zu rationalisieren.<\/p>\n<p>Mit einer Aufl\u00f6sung von 1080P, vergoldeten Kontakten und einem Aluminiumgeh\u00e4use sorgt der USB 3.0-auf-HDMI-VGA-Adapter f\u00fcr erstklassige Videoqualit\u00e4t und \u00fcberragende Haltbarkeit.<\/p>\n<p>Das zukunftsweisende Design unterst\u00fctzt Windows 7, Windows 8, Windows 10, Mac OS 10.13 und dar\u00fcber hinaus und ist Hot-Plug-f\u00e4hig, was eine schnelle und m\u00fchelose Installation erm\u00f6glicht.<\/p>\n<p>Seine Spezifikationen:<\/p>\n<ul>\n<li>Kabel-Leiter: Blanke Kupfer<\/li>\n<li>Isolierung: Gesch\u00e4umte PE-Haut\/HDPE<\/li>\n<li>Drahtst\u00e4rke: 32AWG<\/li>\n<li>Chip: FL2000 88P+IT66121FN<\/li>\n<li>Mantel: PVC<\/li>\n<li>\u00c4u\u00dferer Durchmesser: 4,5\u00b10,2mm<\/li>\n<li>Einhaltung der Vorschriften: RoHS, REACH<\/li>\n<\/ul>\n<p>Dar\u00fcber hinaus ist er mit USB 3.0 und 2.0 kompatibel und bietet somit maximale Vielseitigkeit. Nehmen Sie Kontakt mit uns auf und verwandeln Sie Ihr digitales Projekt noch heute.<\/p>","protected":false},"excerpt":{"rendered":"<p>Maximieren Sie die Effizienz und Unterhaltung mit Farsince USB 3.0 zu HDMI VGA-Adapter, unterst\u00fctzt die gleichzeitige 1080P-Anzeige auf zwei Bildschirmen, perfekt f\u00fcr Multitasking.<\/p>","protected":false},"featured_media":17478,"template":"","meta":{"_acf_changed":false,"_seopress_robots_primary_cat":"","_seopress_titles_title":"Best USB 3.0 to HDMI VGA Adapter - Farsince","_seopress_titles_desc":"","_seopress_robots_index":"","site-sidebar-layout":"default","site-content-layout":"default","ast-site-content-layout":"default","site-content-style":"default","site-sidebar-style":"default","ast-global-header-display":"","ast-banner-title-visibility":"","ast-main-header-display":"","ast-hfb-above-header-display":"","ast-hfb-below-header-display":"","ast-hfb-mobile-header-display":"","site-post-title":"","ast-breadcrumbs-content":"","ast-featured-img":"","footer-sml-layout":"","ast-disable-related-posts":"","theme-transparent-header-meta":"default","adv-header-id-meta":"","stick-header-meta":"","header-above-stick-meta":"","header-main-stick-meta":"","header-below-stick-meta":"","astra-migrate-meta-layouts":"set","ast-page-background-enabled":"default","ast-page-background-meta":{"desktop":{"background-color":"","background-image":"","background-repeat":"repeat","background-position":"center center","background-size":"auto","background-attachment":"scroll","background-type":"","background-media":"","overlay-type":"","overlay-color":"","overlay-opacity":"","overlay-gradient":""},"tablet":{"background-color":"","background-image":"","background-repeat":"repeat","background-position":"center center","background-size":"auto","background-attachment":"scroll","background-type":"","background-media":"","overlay-type":"","overlay-color":"","overlay-opacity":"","overlay-gradient":""},"mobile":{"background-color":"","background-image":"","background-repeat":"repeat","background-position":"center center","background-size":"auto","background-attachment":"scroll","background-type":"","background-media":"","overlay-type":"","overlay-color":"","overlay-opacity":"","overlay-gradient":""}},"ast-content-background-meta":{"desktop":{"background-color":"var(--ast-global-color-5)","background-image":"","background-repeat":"repeat","background-position":"center center","background-size":"auto","background-attachment":"scroll","background-type":"","background-media":"","overlay-type":"","overlay-color":"","overlay-opacity":"","overlay-gradient":""},"tablet":{"background-color":"var(--ast-global-color-5)","background-image":"","background-repeat":"repeat","background-position":"center center","background-size":"auto","background-attachment":"scroll","background-type":"","background-media":"","overlay-type":"","overlay-color":"","overlay-opacity":"","overlay-gradient":""},"mobile":{"background-color":"var(--ast-global-color-5)","background-image":"","background-repeat":"repeat","background-position":"center center","background-size":"auto","background-attachment":"scroll","background-type":"","background-media":"","overlay-type":"","overlay-color":"","overlay-opacity":"","overlay-gradient":""}},"iawp_total_views":10},"product_brand":[],"product_cat":[632,637],"product_tag":[],"class_list":{"0":"post-17477","1":"product","2":"type-product","3":"status-publish","4":"has-post-thumbnail","6":"product_cat-usb","7":"product_cat-usb-converters","8":"desktop-align-left","9":"tablet-align-left","10":"mobile-align-left","12":"first","13":"instock","14":"shipping-taxable","15":"purchasable","16":"product-type-simple"},"acf":[],"_links":{"self":[{"href":"https:\/\/www.fjpremium.com\/de\/wp-json\/wp\/v2\/product\/17477","targetHints":{"allow":["GET"]}}],"collection":[{"href":"https:\/\/www.fjpremium.com\/de\/wp-json\/wp\/v2\/product"}],"about":[{"href":"https:\/\/www.fjpremium.com\/de\/wp-json\/wp\/v2\/types\/product"}],"wp:featuredmedia":[{"embeddable":true,"href":"https:\/\/www.fjpremium.com\/de\/wp-json\/wp\/v2\/media\/17478"}],"wp:attachment":[{"href":"https:\/\/www.fjpremium.com\/de\/wp-json\/wp\/v2\/media?parent=17477"}],"wp:term":[{"taxonomy":"product_brand","embeddable":true,"href":"https:\/\/www.fjpremium.com\/de\/wp-json\/wp\/v2\/product_brand?post=17477"},{"taxonomy":"product_cat","embeddable":true,"href":"https:\/\/www.fjpremium.com\/de\/wp-json\/wp\/v2\/product_cat?post=17477"},{"taxonomy":"product_tag","embeddable":true,"href":"https:\/\/www.fjpremium.com\/de\/wp-json\/wp\/v2\/product_tag?post=17477"}],"curies":[{"name":"wp","href":"https:\/\/api.w.org\/{rel}","templated":true}]}}