{"id":17461,"date":"2021-03-10T16:30:38","date_gmt":"2021-03-10T08:30:38","guid":{"rendered":"https:\/\/www.fjpremium.com\/?post_type=product&#038;p=17461"},"modified":"2023-12-14T14:00:24","modified_gmt":"2023-12-14T06:00:24","slug":"usb-3-0-to-2-5-sata-iii-hard-drive-adapter-cable","status":"publish","type":"product","link":"https:\/\/www.fjpremium.com\/de\/product\/usb-3-0-to-2-5-sata-iii-hard-drive-adapter-cable\/","title":{"rendered":"USB zu Festplatten-Adapterkabel, USB 3.0 zu 2.5\" SATA III"},"content":{"rendered":"<p>Unser leistungsstarkes USB-Festplatten-Adapterkabel erm\u00f6glicht die m\u00fchelose Erweiterung der Kapazit\u00e4t Ihres Laptops durch Anschluss einer SATA 2,5\u2033 SSD oder HDD.<\/p>\n<p>Ganz gleich, ob Sie Speicherplatz hinzuf\u00fcgen, Backups durchf\u00fchren, Datenwiederherstellungen implementieren oder einfach nur Inhalte \u00fcbertragen m\u00f6chten - der Prozess wird optimiert.<\/p>\n<p>Dank der USB 3.0-Kompatibilit\u00e4t dieses Kabels k\u00f6nnen Sie schnelle Daten\u00fcbertragungsgeschwindigkeiten von bis zu 5 Gbit\/s erreichen. In Verbindung mit einem UASP-unterst\u00fctzenden Computer erleben Sie Geschwindigkeiten, die bis zu 70% schneller sind als herk\u00f6mmliches USB 3.0.<\/p>\n<p>Seine Spezifikationen:<\/p>\n<ul>\n<li>Vergoldeter Kontakt, vernickeltes Geh\u00e4use<\/li>\n<li>Kabel-Leiter: Blanke Kupfer<\/li>\n<li>Isolierung: Gesch\u00e4umte PE-Haut\/HDPE<\/li>\n<li>Drahtst\u00e4rke: 32\/24AWG<\/li>\n<li>Geh\u00e4use: Spritzgussform<\/li>\n<li>Chip: 1153E<\/li>\n<li>Mantel: PVC<\/li>\n<li>\u00c4u\u00dferer Durchmesser: 4,2\u00b10,2mm<\/li>\n<li>Einhaltung der Vorschriften: RoHS, REACH<\/li>\n<\/ul>\n<p>Au\u00dferdem ben\u00f6tigt das praktische Design keine externe Stromversorgung und macht die Installation des Laufwerks in einem Geh\u00e4use \u00fcberfl\u00fcssig.<\/p>\n<p>Dank der Plug-and-Play-Funktionalit\u00e4t und der Tatsache, dass keine Treiber erforderlich sind, ist der Adapter Ihr Schl\u00fcssel zu einer unkomplizierten Datenverarbeitung.<\/p>\n<p>Und bitte beachten Sie, dass es keine 3,5\u2033 HDD- oder IDE-Schnittstellen unterst\u00fctzt. Kontaktieren Sie uns also noch heute und nehmen Sie es in Ihren Bestand auf.<\/p>","protected":false},"excerpt":{"rendered":"<p>Verbessern Sie Ihre Speicherl\u00f6sungen mit dem Farsince USB-zu-Festplatten-Adapterkabel, das sich durch \u00fcberragende Daten\u00fcbertragungsgeschwindigkeiten und m\u00fcheloses Plug-and-Play-Design auszeichnet.<\/p>","protected":false},"featured_media":17462,"template":"","meta":{"_acf_changed":false,"_seopress_robots_primary_cat":"","_seopress_titles_title":"USB to Hard Drive Adapter Cable - Farsince","_seopress_titles_desc":"","_seopress_robots_index":"","site-sidebar-layout":"default","site-content-layout":"default","ast-site-content-layout":"default","site-content-style":"default","site-sidebar-style":"default","ast-global-header-display":"","ast-banner-title-visibility":"","ast-main-header-display":"","ast-hfb-above-header-display":"","ast-hfb-below-header-display":"","ast-hfb-mobile-header-display":"","site-post-title":"","ast-breadcrumbs-content":"","ast-featured-img":"","footer-sml-layout":"","ast-disable-related-posts":"","theme-transparent-header-meta":"default","adv-header-id-meta":"","stick-header-meta":"","header-above-stick-meta":"","header-main-stick-meta":"","header-below-stick-meta":"","astra-migrate-meta-layouts":"set","ast-page-background-enabled":"default","ast-page-background-meta":{"desktop":{"background-color":"","background-image":"","background-repeat":"repeat","background-position":"center center","background-size":"auto","background-attachment":"scroll","background-type":"","background-media":"","overlay-type":"","overlay-color":"","overlay-opacity":"","overlay-gradient":""},"tablet":{"background-color":"","background-image":"","background-repeat":"repeat","background-position":"center center","background-size":"auto","background-attachment":"scroll","background-type":"","background-media":"","overlay-type":"","overlay-color":"","overlay-opacity":"","overlay-gradient":""},"mobile":{"background-color":"","background-image":"","background-repeat":"repeat","background-position":"center center","background-size":"auto","background-attachment":"scroll","background-type":"","background-media":"","overlay-type":"","overlay-color":"","overlay-opacity":"","overlay-gradient":""}},"ast-content-background-meta":{"desktop":{"background-color":"var(--ast-global-color-5)","background-image":"","background-repeat":"repeat","background-position":"center center","background-size":"auto","background-attachment":"scroll","background-type":"","background-media":"","overlay-type":"","overlay-color":"","overlay-opacity":"","overlay-gradient":""},"tablet":{"background-color":"var(--ast-global-color-5)","background-image":"","background-repeat":"repeat","background-position":"center center","background-size":"auto","background-attachment":"scroll","background-type":"","background-media":"","overlay-type":"","overlay-color":"","overlay-opacity":"","overlay-gradient":""},"mobile":{"background-color":"var(--ast-global-color-5)","background-image":"","background-repeat":"repeat","background-position":"center center","background-size":"auto","background-attachment":"scroll","background-type":"","background-media":"","overlay-type":"","overlay-color":"","overlay-opacity":"","overlay-gradient":""}},"iawp_total_views":2},"product_brand":[],"product_cat":[632,637],"product_tag":[],"class_list":{"0":"post-17461","1":"product","2":"type-product","3":"status-publish","4":"has-post-thumbnail","6":"product_cat-usb","7":"product_cat-usb-converters","8":"desktop-align-left","9":"tablet-align-left","10":"mobile-align-left","12":"first","13":"instock","14":"shipping-taxable","15":"purchasable","16":"product-type-simple"},"acf":[],"_links":{"self":[{"href":"https:\/\/www.fjpremium.com\/de\/wp-json\/wp\/v2\/product\/17461","targetHints":{"allow":["GET"]}}],"collection":[{"href":"https:\/\/www.fjpremium.com\/de\/wp-json\/wp\/v2\/product"}],"about":[{"href":"https:\/\/www.fjpremium.com\/de\/wp-json\/wp\/v2\/types\/product"}],"wp:featuredmedia":[{"embeddable":true,"href":"https:\/\/www.fjpremium.com\/de\/wp-json\/wp\/v2\/media\/17462"}],"wp:attachment":[{"href":"https:\/\/www.fjpremium.com\/de\/wp-json\/wp\/v2\/media?parent=17461"}],"wp:term":[{"taxonomy":"product_brand","embeddable":true,"href":"https:\/\/www.fjpremium.com\/de\/wp-json\/wp\/v2\/product_brand?post=17461"},{"taxonomy":"product_cat","embeddable":true,"href":"https:\/\/www.fjpremium.com\/de\/wp-json\/wp\/v2\/product_cat?post=17461"},{"taxonomy":"product_tag","embeddable":true,"href":"https:\/\/www.fjpremium.com\/de\/wp-json\/wp\/v2\/product_tag?post=17461"}],"curies":[{"name":"wp","href":"https:\/\/api.w.org\/{rel}","templated":true}]}}