{"id":17445,"date":"2021-03-10T16:09:41","date_gmt":"2021-03-10T08:09:41","guid":{"rendered":"https:\/\/www.fjpremium.com\/?post_type=product&#038;p=17445"},"modified":"2023-12-14T14:00:26","modified_gmt":"2023-12-14T06:00:26","slug":"usb-3-0-to-hdmi-adapter-hd-1080p-video-graphics-converter-cable-adapter-with-audio-output","status":"publish","type":"product","link":"https:\/\/www.fjpremium.com\/de\/product\/usb-3-0-to-hdmi-adapter-hd-1080p-video-graphics-converter-cable-adapter-with-audio-output\/","title":{"rendered":"USB 3.0 HDMI Adapter, HD 1080P Video Grafik Konverter Kabel Adapter mit Audio Ausgang"},"content":{"rendered":"<p>Der Adapter \u00fcberbr\u00fcckt die L\u00fccke zwischen Ihrem Computer und Ihrem HDTV, Monitor oder Projektor mit HDMI und bringt Ihr Multimedia-Erlebnis in luftige H\u00f6hen.<\/p>\n<p>Er ist der ultimative Begleiter f\u00fcr Drucker, Scanner, USB-Hubs und andere USB-Peripherieger\u00e4te, die mit einem USB 3.0 B-Anschluss ausgestattet sind.<\/p>\n<p>Sie k\u00f6nnen blitzschnelle Daten\u00fcbertragungen mit bis zu 5 Gbit\/s nutzen, das ist zehnmal schneller als bei USB 2.0-Kabeln.<\/p>\n<p>Dank der Folien- und Geflechtabschirmung ist unser USB 3.0-HDMI-Adapter v\u00f6llig immun gegen EMI\/RFI-St\u00f6rungen, w\u00e4hrend die Twisted-Pair-Konstruktion das \u00dcbersprechen minimiert und eine fehlerfreie Hochgeschwindigkeits-Daten\u00fcbertragung garantiert.<\/p>\n<p>Seine Spezifikationen:<\/p>\n<ul>\n<li>Vergoldeter Kontakt, vernickeltes Geh\u00e4use<\/li>\n<li>Kabel-Leiter: Blanke Kupfer<\/li>\n<li>Isolierung: Gesch\u00e4umte PE-Haut\/HDPE<\/li>\n<li>Kabelquerschnitt: 24\/28\/28AWG<\/li>\n<li>Geh\u00e4use: Spritzgussform<\/li>\n<li>Chip: N\/M<\/li>\n<li>\u00c4u\u00dferer Durchmesser: 5,5\u00b10,2mm<\/li>\n<li>Einhaltung der Vorschriften: RoHS, REACH<\/li>\n<\/ul>\n<p>Die flexible PVC-Ummantelung sorgt f\u00fcr zus\u00e4tzliche Strapazierf\u00e4higkeit und macht es ideal f\u00fcr den privaten und beruflichen Gebrauch. Nehmen Sie es also in Ihren Bestand auf und erleben Sie den Unterschied.<\/p>","protected":false},"excerpt":{"rendered":"<p>Erleben Sie unvergleichliche Geschwindigkeit und Effizienz mit dem Farsince USB 3.0 HDMI-Adapter, der HD 1080P Video-Grafik-Konverter-Kabel-Adapter mit Audio-Ausgang.<\/p>","protected":false},"featured_media":17446,"template":"","meta":{"_acf_changed":false,"_seopress_robots_primary_cat":"","_seopress_titles_title":"Best USB 3.0 HDMI Adapter - Farsince","_seopress_titles_desc":"","_seopress_robots_index":"","site-sidebar-layout":"default","site-content-layout":"default","ast-site-content-layout":"default","site-content-style":"default","site-sidebar-style":"default","ast-global-header-display":"","ast-banner-title-visibility":"","ast-main-header-display":"","ast-hfb-above-header-display":"","ast-hfb-below-header-display":"","ast-hfb-mobile-header-display":"","site-post-title":"","ast-breadcrumbs-content":"","ast-featured-img":"","footer-sml-layout":"","ast-disable-related-posts":"","theme-transparent-header-meta":"default","adv-header-id-meta":"","stick-header-meta":"","header-above-stick-meta":"","header-main-stick-meta":"","header-below-stick-meta":"","astra-migrate-meta-layouts":"set","ast-page-background-enabled":"default","ast-page-background-meta":{"desktop":{"background-color":"","background-image":"","background-repeat":"repeat","background-position":"center center","background-size":"auto","background-attachment":"scroll","background-type":"","background-media":"","overlay-type":"","overlay-color":"","overlay-opacity":"","overlay-gradient":""},"tablet":{"background-color":"","background-image":"","background-repeat":"repeat","background-position":"center center","background-size":"auto","background-attachment":"scroll","background-type":"","background-media":"","overlay-type":"","overlay-color":"","overlay-opacity":"","overlay-gradient":""},"mobile":{"background-color":"","background-image":"","background-repeat":"repeat","background-position":"center center","background-size":"auto","background-attachment":"scroll","background-type":"","background-media":"","overlay-type":"","overlay-color":"","overlay-opacity":"","overlay-gradient":""}},"ast-content-background-meta":{"desktop":{"background-color":"var(--ast-global-color-5)","background-image":"","background-repeat":"repeat","background-position":"center center","background-size":"auto","background-attachment":"scroll","background-type":"","background-media":"","overlay-type":"","overlay-color":"","overlay-opacity":"","overlay-gradient":""},"tablet":{"background-color":"var(--ast-global-color-5)","background-image":"","background-repeat":"repeat","background-position":"center center","background-size":"auto","background-attachment":"scroll","background-type":"","background-media":"","overlay-type":"","overlay-color":"","overlay-opacity":"","overlay-gradient":""},"mobile":{"background-color":"var(--ast-global-color-5)","background-image":"","background-repeat":"repeat","background-position":"center center","background-size":"auto","background-attachment":"scroll","background-type":"","background-media":"","overlay-type":"","overlay-color":"","overlay-opacity":"","overlay-gradient":""}},"iawp_total_views":6},"product_brand":[],"product_cat":[632,637],"product_tag":[],"class_list":{"0":"post-17445","1":"product","2":"type-product","3":"status-publish","4":"has-post-thumbnail","6":"product_cat-usb","7":"product_cat-usb-converters","8":"desktop-align-left","9":"tablet-align-left","10":"mobile-align-left","12":"first","13":"instock","14":"shipping-taxable","15":"purchasable","16":"product-type-simple"},"acf":[],"_links":{"self":[{"href":"https:\/\/www.fjpremium.com\/de\/wp-json\/wp\/v2\/product\/17445","targetHints":{"allow":["GET"]}}],"collection":[{"href":"https:\/\/www.fjpremium.com\/de\/wp-json\/wp\/v2\/product"}],"about":[{"href":"https:\/\/www.fjpremium.com\/de\/wp-json\/wp\/v2\/types\/product"}],"wp:featuredmedia":[{"embeddable":true,"href":"https:\/\/www.fjpremium.com\/de\/wp-json\/wp\/v2\/media\/17446"}],"wp:attachment":[{"href":"https:\/\/www.fjpremium.com\/de\/wp-json\/wp\/v2\/media?parent=17445"}],"wp:term":[{"taxonomy":"product_brand","embeddable":true,"href":"https:\/\/www.fjpremium.com\/de\/wp-json\/wp\/v2\/product_brand?post=17445"},{"taxonomy":"product_cat","embeddable":true,"href":"https:\/\/www.fjpremium.com\/de\/wp-json\/wp\/v2\/product_cat?post=17445"},{"taxonomy":"product_tag","embeddable":true,"href":"https:\/\/www.fjpremium.com\/de\/wp-json\/wp\/v2\/product_tag?post=17445"}],"curies":[{"name":"wp","href":"https:\/\/api.w.org\/{rel}","templated":true}]}}