{"id":17436,"date":"2021-03-10T16:08:09","date_gmt":"2021-03-10T08:08:09","guid":{"rendered":"https:\/\/www.fjpremium.com\/?post_type=product&#038;p=17436"},"modified":"2023-12-14T13:58:48","modified_gmt":"2023-12-14T05:58:48","slug":"superspeed-usb-3-0-type-a-male-to-micro-b-male-cable-5gbps","status":"publish","type":"product","link":"https:\/\/www.fjpremium.com\/de\/product\/superspeed-usb-3-0-type-a-male-to-micro-b-male-cable-5gbps\/","title":{"rendered":"SuperSpeed Stecker auf Stecker USB 3.0 Typ A auf Micro B Kabel, 5Gbps"},"content":{"rendered":"<p>Unser unverzichtbares Zubeh\u00f6r dient als ultimative Br\u00fccke f\u00fcr Ihren Drucker, Scanner, USB-Hub und andere Ger\u00e4te.<\/p>\n<p>Mit einer beeindruckenden \u00dcbertragungsrate von 5 Gbit\/s hebt er Ihre Effizienz auf ein neues Niveau und verspricht zehnmal h\u00f6here Geschwindigkeiten als sein USB 2.0-Vorg\u00e4nger.<\/p>\n<p>Die ausgekl\u00fcgelte Folien- und Geflechtabschirmung gew\u00e4hrleistet zudem eine vollst\u00e4ndige Immunit\u00e4t gegen EMI\/RFI-St\u00f6rungen.<\/p>\n<p>Die Twisted-Pair-Konstruktion reduziert sorgf\u00e4ltig das \u00dcbersprechen, so dass jederzeit eine schnelle und fehlerfreie Daten\u00fcbertragung gew\u00e4hrleistet ist.<\/p>\n<p>Dieses USB 3.0 Typ A-auf-Micro B-Kabel ist mit einer flexiblen PVC-Ummantelung versehen und zeichnet sich durch Langlebigkeit und hervorragende Leistung aus.<\/p>\n<p>Seine Spezifikationen:<\/p>\n<ul>\n<li>Vergoldeter Kontakt, vernickeltes Geh\u00e4use<\/li>\n<li>Kabel-Leiter: Blanke Kupfer<\/li>\n<li>Isolierung: Gesch\u00e4umte PE-Haut\/HDPE<\/li>\n<li>Kabelquerschnitt: 24\/28\/28AWG<\/li>\n<li>Geh\u00e4use: Spritzgussform<\/li>\n<li>Chip: N\/M<\/li>\n<li>\u00c4u\u00dferer Durchmesser: 5,5\u00b10,2mm<\/li>\n<li>Einhaltung der Vorschriften: RoHS, REACH<\/li>\n<\/ul>\n<p>Au\u00dferdem erhalten Sie mit der 2-Jahres-Garantie von Farsince nicht nur ein Kabel, sondern auch ein Versprechen f\u00fcr Qualit\u00e4t und Vertrauen. Insgesamt, Schritt in die Zukunft, und umarmen seine Macht.<\/p>","protected":false},"excerpt":{"rendered":"<p>Steigern Sie das digitale Erlebnis mit dem Superspeed-USB-3.0-Kabel Typ A auf Micro-B von Farsince, das blitzschnelle \u00dcbertragungsraten von 5 Gbit\/s und eine hervorragende Abschirmung bietet.<\/p>","protected":false},"featured_media":17437,"template":"","meta":{"_acf_changed":false,"_seopress_robots_primary_cat":"","_seopress_titles_title":"SuperSpeed Male to Male USB 3.0 Type A to Micro B Cable - Farsince","_seopress_titles_desc":"","_seopress_robots_index":"","site-sidebar-layout":"default","site-content-layout":"default","ast-site-content-layout":"default","site-content-style":"default","site-sidebar-style":"default","ast-global-header-display":"","ast-banner-title-visibility":"","ast-main-header-display":"","ast-hfb-above-header-display":"","ast-hfb-below-header-display":"","ast-hfb-mobile-header-display":"","site-post-title":"","ast-breadcrumbs-content":"","ast-featured-img":"","footer-sml-layout":"","ast-disable-related-posts":"","theme-transparent-header-meta":"default","adv-header-id-meta":"","stick-header-meta":"","header-above-stick-meta":"","header-main-stick-meta":"","header-below-stick-meta":"","astra-migrate-meta-layouts":"set","ast-page-background-enabled":"default","ast-page-background-meta":{"desktop":{"background-color":"","background-image":"","background-repeat":"repeat","background-position":"center center","background-size":"auto","background-attachment":"scroll","background-type":"","background-media":"","overlay-type":"","overlay-color":"","overlay-opacity":"","overlay-gradient":""},"tablet":{"background-color":"","background-image":"","background-repeat":"repeat","background-position":"center center","background-size":"auto","background-attachment":"scroll","background-type":"","background-media":"","overlay-type":"","overlay-color":"","overlay-opacity":"","overlay-gradient":""},"mobile":{"background-color":"","background-image":"","background-repeat":"repeat","background-position":"center center","background-size":"auto","background-attachment":"scroll","background-type":"","background-media":"","overlay-type":"","overlay-color":"","overlay-opacity":"","overlay-gradient":""}},"ast-content-background-meta":{"desktop":{"background-color":"var(--ast-global-color-5)","background-image":"","background-repeat":"repeat","background-position":"center center","background-size":"auto","background-attachment":"scroll","background-type":"","background-media":"","overlay-type":"","overlay-color":"","overlay-opacity":"","overlay-gradient":""},"tablet":{"background-color":"var(--ast-global-color-5)","background-image":"","background-repeat":"repeat","background-position":"center center","background-size":"auto","background-attachment":"scroll","background-type":"","background-media":"","overlay-type":"","overlay-color":"","overlay-opacity":"","overlay-gradient":""},"mobile":{"background-color":"var(--ast-global-color-5)","background-image":"","background-repeat":"repeat","background-position":"center center","background-size":"auto","background-attachment":"scroll","background-type":"","background-media":"","overlay-type":"","overlay-color":"","overlay-opacity":"","overlay-gradient":""}},"iawp_total_views":6},"product_brand":[],"product_cat":[632,636],"product_tag":[],"class_list":{"0":"post-17436","1":"product","2":"type-product","3":"status-publish","4":"has-post-thumbnail","6":"product_cat-usb","7":"product_cat-usb-2-0-cables","8":"desktop-align-left","9":"tablet-align-left","10":"mobile-align-left","12":"first","13":"instock","14":"shipping-taxable","15":"purchasable","16":"product-type-simple"},"acf":[],"_links":{"self":[{"href":"https:\/\/www.fjpremium.com\/de\/wp-json\/wp\/v2\/product\/17436","targetHints":{"allow":["GET"]}}],"collection":[{"href":"https:\/\/www.fjpremium.com\/de\/wp-json\/wp\/v2\/product"}],"about":[{"href":"https:\/\/www.fjpremium.com\/de\/wp-json\/wp\/v2\/types\/product"}],"wp:featuredmedia":[{"embeddable":true,"href":"https:\/\/www.fjpremium.com\/de\/wp-json\/wp\/v2\/media\/17437"}],"wp:attachment":[{"href":"https:\/\/www.fjpremium.com\/de\/wp-json\/wp\/v2\/media?parent=17436"}],"wp:term":[{"taxonomy":"product_brand","embeddable":true,"href":"https:\/\/www.fjpremium.com\/de\/wp-json\/wp\/v2\/product_brand?post=17436"},{"taxonomy":"product_cat","embeddable":true,"href":"https:\/\/www.fjpremium.com\/de\/wp-json\/wp\/v2\/product_cat?post=17436"},{"taxonomy":"product_tag","embeddable":true,"href":"https:\/\/www.fjpremium.com\/de\/wp-json\/wp\/v2\/product_tag?post=17436"}],"curies":[{"name":"wp","href":"https:\/\/api.w.org\/{rel}","templated":true}]}}