{"id":17427,"date":"2021-03-10T16:06:27","date_gmt":"2021-03-10T08:06:27","guid":{"rendered":"https:\/\/www.fjpremium.com\/?post_type=product&#038;p=17427"},"modified":"2023-09-26T16:06:59","modified_gmt":"2023-09-26T08:06:59","slug":"superspeed-usb-3-0-type-a-male-to-type-b-male-printer-cable-5gbps","status":"publish","type":"product","link":"https:\/\/www.fjpremium.com\/de\/product\/superspeed-usb-3-0-type-a-male-to-type-b-male-printer-cable-5gbps\/","title":{"rendered":"SuperSpeed USB 3.0 Typ A auf Typ B Stecker auf Stecker Druckerkabel, 5Gbps"},"content":{"rendered":"<p>Dieses Kabel wurde f\u00fcr Ihren Drucker, Scanner, USB-Hub und andere Peripherieger\u00e4te mit USB 3.0 B-Anschluss entwickelt und ist ein echter Wendepunkt in der Welt der Konnektivit\u00e4t.<\/p>\n<p>Mit \u00dcbertragungsraten von bis zu 5 Gbit\/s \u00fcbertrifft es das USB 2.0-Kabel um das Zehnfache. Au\u00dferdem ist es sorgf\u00e4ltig mit Folie und Geflecht abgeschirmt und bietet un\u00fcbertroffene Immunit\u00e4t gegen EMI\/RFI-Interferenzen.<\/p>\n<p>In Kombination mit der Twisted-Pair-Konstruktion verspricht das Stecker-zu-Stecker-Druckerkabel ein reduziertes \u00dcbersprechen und eine schnelle, fehlerfreie Daten\u00fcbertragung.<\/p>\n<p>Die Qualit\u00e4t und Funktionalit\u00e4t des von einem strapazierf\u00e4higen PVC-Mantel umh\u00fcllten Ger\u00e4ts wurde nach Industriestandards erprobt und getestet.<\/p>\n<p>Seine Spezifikationen:<\/p>\n<ul>\n<li>Vergoldeter Kontakt, vernickeltes Geh\u00e4use<\/li>\n<li>Kabel-Leiter: Blanke Kupfer<\/li>\n<li>Isolierung: Gesch\u00e4umte PE-Haut\/HDPE<\/li>\n<li>Kabelquerschnitt: 24\/28\/28AWG<\/li>\n<li>Geh\u00e4use: Spritzgussform<\/li>\n<li>Chip: N\/M<\/li>\n<li>\u00c4u\u00dferer Durchmesser: 5,5\u00b10,2mm<\/li>\n<li>Einhaltung der Vorschriften: RoHS, REACH<\/li>\n<\/ul>\n<p>Als Sahneh\u00e4ubchen kommt es au\u00dferdem mit der 2-Jahres-Garantie von Farsince, die unser Engagement f\u00fcr hervorragende Leistungen unterstreicht. Also, kontaktieren Sie uns heute und r\u00fcsten Sie sich f\u00fcr die Zukunft der Konnektivit\u00e4t mit ihm.<\/p>","protected":false},"excerpt":{"rendered":"<p>Definieren Sie Ihre Konnektivit\u00e4t neu mit dem Druckerkabel Stecker-Stecker von Farsince, das mit einer ph\u00e4nomenalen \u00dcbertragungsrate von 5 Gbit\/s und einer robusten Konstruktion aufwartet.<\/p>","protected":false},"featured_media":17428,"template":"","meta":{"_acf_changed":false,"_seopress_robots_primary_cat":"","_seopress_titles_title":"Best Male to Male Printer Cable - Farsince","_seopress_titles_desc":"","_seopress_robots_index":"","site-sidebar-layout":"default","site-content-layout":"default","ast-site-content-layout":"default","site-content-style":"default","site-sidebar-style":"default","ast-global-header-display":"","ast-banner-title-visibility":"","ast-main-header-display":"","ast-hfb-above-header-display":"","ast-hfb-below-header-display":"","ast-hfb-mobile-header-display":"","site-post-title":"","ast-breadcrumbs-content":"","ast-featured-img":"","footer-sml-layout":"","ast-disable-related-posts":"","theme-transparent-header-meta":"default","adv-header-id-meta":"","stick-header-meta":"","header-above-stick-meta":"","header-main-stick-meta":"","header-below-stick-meta":"","astra-migrate-meta-layouts":"set","ast-page-background-enabled":"default","ast-page-background-meta":{"desktop":{"background-color":"","background-image":"","background-repeat":"repeat","background-position":"center center","background-size":"auto","background-attachment":"scroll","background-type":"","background-media":"","overlay-type":"","overlay-color":"","overlay-opacity":"","overlay-gradient":""},"tablet":{"background-color":"","background-image":"","background-repeat":"repeat","background-position":"center center","background-size":"auto","background-attachment":"scroll","background-type":"","background-media":"","overlay-type":"","overlay-color":"","overlay-opacity":"","overlay-gradient":""},"mobile":{"background-color":"","background-image":"","background-repeat":"repeat","background-position":"center center","background-size":"auto","background-attachment":"scroll","background-type":"","background-media":"","overlay-type":"","overlay-color":"","overlay-opacity":"","overlay-gradient":""}},"ast-content-background-meta":{"desktop":{"background-color":"var(--ast-global-color-5)","background-image":"","background-repeat":"repeat","background-position":"center center","background-size":"auto","background-attachment":"scroll","background-type":"","background-media":"","overlay-type":"","overlay-color":"","overlay-opacity":"","overlay-gradient":""},"tablet":{"background-color":"var(--ast-global-color-5)","background-image":"","background-repeat":"repeat","background-position":"center center","background-size":"auto","background-attachment":"scroll","background-type":"","background-media":"","overlay-type":"","overlay-color":"","overlay-opacity":"","overlay-gradient":""},"mobile":{"background-color":"var(--ast-global-color-5)","background-image":"","background-repeat":"repeat","background-position":"center center","background-size":"auto","background-attachment":"scroll","background-type":"","background-media":"","overlay-type":"","overlay-color":"","overlay-opacity":"","overlay-gradient":""}},"iawp_total_views":6},"product_brand":[],"product_cat":[632],"product_tag":[],"class_list":{"0":"post-17427","1":"product","2":"type-product","3":"status-publish","4":"has-post-thumbnail","6":"product_cat-usb","7":"desktop-align-left","8":"tablet-align-left","9":"mobile-align-left","11":"first","12":"instock","13":"shipping-taxable","14":"purchasable","15":"product-type-simple"},"acf":[],"_links":{"self":[{"href":"https:\/\/www.fjpremium.com\/de\/wp-json\/wp\/v2\/product\/17427","targetHints":{"allow":["GET"]}}],"collection":[{"href":"https:\/\/www.fjpremium.com\/de\/wp-json\/wp\/v2\/product"}],"about":[{"href":"https:\/\/www.fjpremium.com\/de\/wp-json\/wp\/v2\/types\/product"}],"wp:featuredmedia":[{"embeddable":true,"href":"https:\/\/www.fjpremium.com\/de\/wp-json\/wp\/v2\/media\/17428"}],"wp:attachment":[{"href":"https:\/\/www.fjpremium.com\/de\/wp-json\/wp\/v2\/media?parent=17427"}],"wp:term":[{"taxonomy":"product_brand","embeddable":true,"href":"https:\/\/www.fjpremium.com\/de\/wp-json\/wp\/v2\/product_brand?post=17427"},{"taxonomy":"product_cat","embeddable":true,"href":"https:\/\/www.fjpremium.com\/de\/wp-json\/wp\/v2\/product_cat?post=17427"},{"taxonomy":"product_tag","embeddable":true,"href":"https:\/\/www.fjpremium.com\/de\/wp-json\/wp\/v2\/product_tag?post=17427"}],"curies":[{"name":"wp","href":"https:\/\/api.w.org\/{rel}","templated":true}]}}