{"id":17418,"date":"2021-03-10T16:04:34","date_gmt":"2021-03-10T08:04:34","guid":{"rendered":"https:\/\/www.fjpremium.com\/?post_type=product&#038;p=17418"},"modified":"2023-12-14T13:58:49","modified_gmt":"2023-12-14T05:58:49","slug":"superspeed-usb-3-0-type-a-male-to-type-a-female-repeater-active-extension-cable-5gbps","status":"publish","type":"product","link":"https:\/\/www.fjpremium.com\/de\/product\/superspeed-usb-3-0-type-a-male-to-type-a-female-repeater-active-extension-cable-5gbps\/","title":{"rendered":"SuperSpeed USB 3.0 Typ A Stecker auf Typ A Buchse Repeater Aktives Verl\u00e4ngerungskabel, 5Gbps"},"content":{"rendered":"<p>Das Kabel wurde f\u00fcr qualitativ hochwertige Anwendungen \u00fcber gro\u00dfe Entfernungen von bis zu 30 Metern entwickelt und eignet sich ideal zur Erweiterung der Reichweite von Tastaturen, M\u00e4usen, Modems und anderen USB-Peripherieger\u00e4ten mit USB 3.0 A-Anschl\u00fcssen.<\/p>\n<p>Mit einem eingebauten aktiven IC-Chip puffert er eingehende und ausgehende Signale meisterhaft und erf\u00fcllt und \u00fcbertrifft die USB 3.0-Spezifikation.<\/p>\n<p>Dar\u00fcber hinaus bietet es eine un\u00fcbertroffene \u00dcbertragungsrate von bis zu 5 Gbps, wenn es mit einem USB 3.0-kompatiblen Host und Ger\u00e4t verbunden ist - zehnmal schneller als ein USB 2.0-Kabel.<\/p>\n<p>Unser aktives Verl\u00e4ngerungskabel mit Folien- und Geflechtabschirmung verhindert EMI\/RFI-Interferenzen, w\u00e4hrend die Twisted-Pair-Konstruktion das \u00dcbersprechen eind\u00e4mmt und eine schnelle, fehlerfreie Daten\u00fcbertragung gew\u00e4hrleistet.<\/p>\n<p>Seine Spezifikationen:<\/p>\n<ul>\n<li>Vergoldeter Kontakt, vernickeltes Geh\u00e4use<\/li>\n<li>Kabel-Leiter: Blanke Kupfer<\/li>\n<li>Isolierung: Gesch\u00e4umte PE-Haut\/HDPE<\/li>\n<li>Kabelquerschnitt: 24\/28\/28AWG<\/li>\n<li>Geh\u00e4use: Spritzgussform<\/li>\n<li>Chip: N\/M<\/li>\n<li>Mantel: PVC<\/li>\n<li>\u00c4u\u00dferer Durchmesser: 5,5\u00b10,2mm<\/li>\n<li>Einhaltung der Vorschriften: RoHS, REACH<\/li>\n<\/ul>\n<p>Und umh\u00fcllt von einem flexiblen PVC-Mantel, entspricht es den Industriestandards und wird durch die 2-Jahres-Garantie von Farsince abgesichert. Daher kontaktieren Sie uns heute und investieren in sie.<\/p>","protected":false},"excerpt":{"rendered":"<p>Erleben Sie eine nahtlose Verl\u00e4ngerung mit dem aktiven Superspeed-USB-3.0-Verl\u00e4ngerungskabel von Farsince, das hochwertige Anwendungen \u00fcber gro\u00dfe Entfernungen, eine beeindruckende \u00dcbertragungsrate von 5 Gbit\/s und eine hervorragende Abschirmung bietet.<\/p>","protected":false},"featured_media":17419,"template":"","meta":{"_acf_changed":false,"_seopress_robots_primary_cat":"","_seopress_titles_title":"Best Repeater Active Extension Cable - Farsince","_seopress_titles_desc":"Experience seamless extension with Farsince superspeed USB 3.0 active extension cable, offering high-quality long-distance applications and superior shielding.","_seopress_robots_index":"","site-sidebar-layout":"default","site-content-layout":"default","ast-site-content-layout":"default","site-content-style":"default","site-sidebar-style":"default","ast-global-header-display":"","ast-banner-title-visibility":"","ast-main-header-display":"","ast-hfb-above-header-display":"","ast-hfb-below-header-display":"","ast-hfb-mobile-header-display":"","site-post-title":"","ast-breadcrumbs-content":"","ast-featured-img":"","footer-sml-layout":"","ast-disable-related-posts":"","theme-transparent-header-meta":"default","adv-header-id-meta":"","stick-header-meta":"","header-above-stick-meta":"","header-main-stick-meta":"","header-below-stick-meta":"","astra-migrate-meta-layouts":"set","ast-page-background-enabled":"default","ast-page-background-meta":{"desktop":{"background-color":"","background-image":"","background-repeat":"repeat","background-position":"center center","background-size":"auto","background-attachment":"scroll","background-type":"","background-media":"","overlay-type":"","overlay-color":"","overlay-opacity":"","overlay-gradient":""},"tablet":{"background-color":"","background-image":"","background-repeat":"repeat","background-position":"center center","background-size":"auto","background-attachment":"scroll","background-type":"","background-media":"","overlay-type":"","overlay-color":"","overlay-opacity":"","overlay-gradient":""},"mobile":{"background-color":"","background-image":"","background-repeat":"repeat","background-position":"center center","background-size":"auto","background-attachment":"scroll","background-type":"","background-media":"","overlay-type":"","overlay-color":"","overlay-opacity":"","overlay-gradient":""}},"ast-content-background-meta":{"desktop":{"background-color":"var(--ast-global-color-5)","background-image":"","background-repeat":"repeat","background-position":"center center","background-size":"auto","background-attachment":"scroll","background-type":"","background-media":"","overlay-type":"","overlay-color":"","overlay-opacity":"","overlay-gradient":""},"tablet":{"background-color":"var(--ast-global-color-5)","background-image":"","background-repeat":"repeat","background-position":"center center","background-size":"auto","background-attachment":"scroll","background-type":"","background-media":"","overlay-type":"","overlay-color":"","overlay-opacity":"","overlay-gradient":""},"mobile":{"background-color":"var(--ast-global-color-5)","background-image":"","background-repeat":"repeat","background-position":"center center","background-size":"auto","background-attachment":"scroll","background-type":"","background-media":"","overlay-type":"","overlay-color":"","overlay-opacity":"","overlay-gradient":""}},"iawp_total_views":10},"product_brand":[],"product_cat":[632,636],"product_tag":[],"class_list":{"0":"post-17418","1":"product","2":"type-product","3":"status-publish","4":"has-post-thumbnail","6":"product_cat-usb","7":"product_cat-usb-2-0-cables","8":"desktop-align-left","9":"tablet-align-left","10":"mobile-align-left","12":"first","13":"instock","14":"shipping-taxable","15":"purchasable","16":"product-type-simple"},"acf":[],"_links":{"self":[{"href":"https:\/\/www.fjpremium.com\/de\/wp-json\/wp\/v2\/product\/17418","targetHints":{"allow":["GET"]}}],"collection":[{"href":"https:\/\/www.fjpremium.com\/de\/wp-json\/wp\/v2\/product"}],"about":[{"href":"https:\/\/www.fjpremium.com\/de\/wp-json\/wp\/v2\/types\/product"}],"wp:featuredmedia":[{"embeddable":true,"href":"https:\/\/www.fjpremium.com\/de\/wp-json\/wp\/v2\/media\/17419"}],"wp:attachment":[{"href":"https:\/\/www.fjpremium.com\/de\/wp-json\/wp\/v2\/media?parent=17418"}],"wp:term":[{"taxonomy":"product_brand","embeddable":true,"href":"https:\/\/www.fjpremium.com\/de\/wp-json\/wp\/v2\/product_brand?post=17418"},{"taxonomy":"product_cat","embeddable":true,"href":"https:\/\/www.fjpremium.com\/de\/wp-json\/wp\/v2\/product_cat?post=17418"},{"taxonomy":"product_tag","embeddable":true,"href":"https:\/\/www.fjpremium.com\/de\/wp-json\/wp\/v2\/product_tag?post=17418"}],"curies":[{"name":"wp","href":"https:\/\/api.w.org\/{rel}","templated":true}]}}