{"id":17409,"date":"2021-03-10T16:02:59","date_gmt":"2021-03-10T08:02:59","guid":{"rendered":"https:\/\/www.fjpremium.com\/?post_type=product&#038;p=17409"},"modified":"2023-12-14T13:58:49","modified_gmt":"2023-12-14T05:58:49","slug":"superspeed-usb-3-0-type-a-male-to-type-a-female-extension-cable-5gbps","status":"publish","type":"product","link":"https:\/\/www.fjpremium.com\/de\/product\/superspeed-usb-3-0-type-a-male-to-type-a-female-extension-cable-5gbps\/","title":{"rendered":"SuperSpeed USB 3.0 Stecker auf Buchse Typ A auf Typ A Kabel, 5Gbps"},"content":{"rendered":"<p>Unser Typ-A-auf-Typ-A-Kabel wurde speziell zur \u00dcberbr\u00fcckung der L\u00fccke zwischen Ihren USB-Kabeln und -Ger\u00e4ten entwickelt und ist ein unverzichtbares Hilfsmittel f\u00fcr Tastaturen, M\u00e4use, Modems und andere USB-Peripherieger\u00e4te, die \u00fcber einen USB 3.0 A-Anschluss verf\u00fcgen.<\/p>\n<p>Es erweitert Ihre Verbindung und verbessert sie mit einer herausragenden \u00dcbertragungsrate von 4,8 Gbit\/s, zehnmal schneller als ein USB 2.0-Kabel, wenn es mit einem USB 3.0-kompatiblen Host und Ger\u00e4t verbunden ist.<\/p>\n<p>Durch die Abschirmung aus Folie und Geflecht umgeht dieses Kabel EMI\/RFI-St\u00f6rungen, w\u00e4hrend die Twisted-Pair-Konstruktion unerm\u00fcdlich daran arbeitet, das \u00dcbersprechen zu verringern und so eine schnelle, fehlerfreie Daten\u00fcbertragung zu garantieren.<\/p>\n<p>Seine Spezifikationen:<\/p>\n<ul>\n<li>Vergoldeter Kontakt, vernickeltes Geh\u00e4use<\/li>\n<li>Kabel-Leiter: Blanke Kupfer<\/li>\n<li>Isolierung: Gesch\u00e4umte PE-Haut\/HDPE<\/li>\n<li>Kabelquerschnitt: 24\/28\/28AWG<\/li>\n<li>Geh\u00e4use: Spritzgussform<\/li>\n<li>Chip: N\/M<\/li>\n<li>\u00c4u\u00dferer Durchmesser: 5,5\u00b10,2mm<\/li>\n<li>Einhaltung der Vorschriften: RoHS, REACH<\/li>\n<\/ul>\n<p>Weitere, in einem flexiblen PVC-Mantel eingewickelt, es erf\u00fcllt strenge Industriestandards und kommt mit Farsince 2-Jahres-Garantie, Zementierung unser Versprechen von Qualit\u00e4t und Zuverl\u00e4ssigkeit. Folglich kontaktieren Sie uns heute und bestellen Sie es.<\/p>","protected":false},"excerpt":{"rendered":"<p>Erh\u00f6hen Sie die Konnektivit\u00e4t mit dem Farsince USB 3.0 Typ A auf Typ A Kabel, das speziell f\u00fcr die Verl\u00e4ngerung entwickelt wurde und eine Hochgeschwindigkeits\u00fcbertragungsrate von 4,8 Gbps bietet.<\/p>","protected":false},"featured_media":17410,"template":"","meta":{"_acf_changed":false,"_seopress_robots_primary_cat":"","_seopress_titles_title":"Male to Female Type A to Type A Cable - Farsince","_seopress_titles_desc":"","_seopress_robots_index":"","site-sidebar-layout":"default","site-content-layout":"default","ast-site-content-layout":"default","site-content-style":"default","site-sidebar-style":"default","ast-global-header-display":"","ast-banner-title-visibility":"","ast-main-header-display":"","ast-hfb-above-header-display":"","ast-hfb-below-header-display":"","ast-hfb-mobile-header-display":"","site-post-title":"","ast-breadcrumbs-content":"","ast-featured-img":"","footer-sml-layout":"","ast-disable-related-posts":"","theme-transparent-header-meta":"default","adv-header-id-meta":"","stick-header-meta":"","header-above-stick-meta":"","header-main-stick-meta":"","header-below-stick-meta":"","astra-migrate-meta-layouts":"set","ast-page-background-enabled":"default","ast-page-background-meta":{"desktop":{"background-color":"","background-image":"","background-repeat":"repeat","background-position":"center center","background-size":"auto","background-attachment":"scroll","background-type":"","background-media":"","overlay-type":"","overlay-color":"","overlay-opacity":"","overlay-gradient":""},"tablet":{"background-color":"","background-image":"","background-repeat":"repeat","background-position":"center center","background-size":"auto","background-attachment":"scroll","background-type":"","background-media":"","overlay-type":"","overlay-color":"","overlay-opacity":"","overlay-gradient":""},"mobile":{"background-color":"","background-image":"","background-repeat":"repeat","background-position":"center center","background-size":"auto","background-attachment":"scroll","background-type":"","background-media":"","overlay-type":"","overlay-color":"","overlay-opacity":"","overlay-gradient":""}},"ast-content-background-meta":{"desktop":{"background-color":"var(--ast-global-color-5)","background-image":"","background-repeat":"repeat","background-position":"center center","background-size":"auto","background-attachment":"scroll","background-type":"","background-media":"","overlay-type":"","overlay-color":"","overlay-opacity":"","overlay-gradient":""},"tablet":{"background-color":"var(--ast-global-color-5)","background-image":"","background-repeat":"repeat","background-position":"center center","background-size":"auto","background-attachment":"scroll","background-type":"","background-media":"","overlay-type":"","overlay-color":"","overlay-opacity":"","overlay-gradient":""},"mobile":{"background-color":"var(--ast-global-color-5)","background-image":"","background-repeat":"repeat","background-position":"center center","background-size":"auto","background-attachment":"scroll","background-type":"","background-media":"","overlay-type":"","overlay-color":"","overlay-opacity":"","overlay-gradient":""}},"iawp_total_views":6},"product_brand":[],"product_cat":[632,636],"product_tag":[],"class_list":{"0":"post-17409","1":"product","2":"type-product","3":"status-publish","4":"has-post-thumbnail","6":"product_cat-usb","7":"product_cat-usb-2-0-cables","8":"desktop-align-left","9":"tablet-align-left","10":"mobile-align-left","12":"first","13":"instock","14":"shipping-taxable","15":"purchasable","16":"product-type-simple"},"acf":[],"_links":{"self":[{"href":"https:\/\/www.fjpremium.com\/de\/wp-json\/wp\/v2\/product\/17409","targetHints":{"allow":["GET"]}}],"collection":[{"href":"https:\/\/www.fjpremium.com\/de\/wp-json\/wp\/v2\/product"}],"about":[{"href":"https:\/\/www.fjpremium.com\/de\/wp-json\/wp\/v2\/types\/product"}],"wp:featuredmedia":[{"embeddable":true,"href":"https:\/\/www.fjpremium.com\/de\/wp-json\/wp\/v2\/media\/17410"}],"wp:attachment":[{"href":"https:\/\/www.fjpremium.com\/de\/wp-json\/wp\/v2\/media?parent=17409"}],"wp:term":[{"taxonomy":"product_brand","embeddable":true,"href":"https:\/\/www.fjpremium.com\/de\/wp-json\/wp\/v2\/product_brand?post=17409"},{"taxonomy":"product_cat","embeddable":true,"href":"https:\/\/www.fjpremium.com\/de\/wp-json\/wp\/v2\/product_cat?post=17409"},{"taxonomy":"product_tag","embeddable":true,"href":"https:\/\/www.fjpremium.com\/de\/wp-json\/wp\/v2\/product_tag?post=17409"}],"curies":[{"name":"wp","href":"https:\/\/api.w.org\/{rel}","templated":true}]}}