{"id":17391,"date":"2021-03-10T15:59:34","date_gmt":"2021-03-10T07:59:34","guid":{"rendered":"https:\/\/www.fjpremium.com\/?post_type=product&#038;p=17391"},"modified":"2023-12-14T13:58:50","modified_gmt":"2023-12-14T05:58:50","slug":"usb-2-0-type-a-female-to-micro-b-male-otg-cable-480mbps","status":"publish","type":"product","link":"https:\/\/www.fjpremium.com\/de\/product\/usb-2-0-type-a-female-to-micro-b-male-otg-cable-480mbps\/","title":{"rendered":"USB 2.0 Typ A Buchse auf Micro B Stecker USB Micro OTG Kabel, 480Mbps"},"content":{"rendered":"<p>Unser USB-Micro-OTG-Kabel wurde f\u00fcr unvergleichlichen Komfort entwickelt und erweitert m\u00fchelos die M\u00f6glichkeiten Ihres Ger\u00e4ts.<\/p>\n<p>Ganz gleich, ob Sie Ihre Speicherkapazit\u00e4t mit einem USB-Flash-Laufwerk erweitern oder mit einer USB-Tastatur und -Maus eine un\u00fcbertroffene Kontrolle erlangen m\u00f6chten - dies ist Ihre ultimative L\u00f6sung.<\/p>\n<p>Die Leistungsf\u00e4higkeit der USB-OTG-Technologie sorgt f\u00fcr reibungslose Verbindungen ohne l\u00e4stige Treiber oder Einstellungen. So k\u00f6nnen Sie die Plug-and-Play-Funktion nutzen.<\/p>\n<p>Mit einer beeindruckenden \u00dcbertragungsrate von 480 Mbit\/s werden Ihre Daten schnell und fehlerfrei \u00fcbertragen, und das alles dank des hervorragenden Designs dieses Kabels mit Folien- und Geflechtabschirmung gegen EMI\/RFI-Interferenzen.<\/p>\n<p>Seine Spezifikationen:<\/p>\n<ul>\n<li>Vergoldeter Kontakt, vernickeltes Geh\u00e4use<\/li>\n<li>Kabel-Leiter: Blanke Kupfer<\/li>\n<li>Isolierung: Gesch\u00e4umte PE-Haut\/HDPE<\/li>\n<li>Kabelquerschnitt: 28\/28AWG<\/li>\n<li>Abschirmung: 32#\/0,12mm AL-MG Geflecht<\/li>\n<li>Geh\u00e4use: Spritzgussform<\/li>\n<li>Chip: N\/M<\/li>\n<li>Mantel: PVC<\/li>\n<li>\u00c4u\u00dferer Durchmesser: 4,2\u00b10,2mm<\/li>\n<li>Einhaltung der Vorschriften: RoHS, REACH<\/li>\n<\/ul>\n<p>Au\u00dferdem verspricht es Langlebigkeit und Leistung, unterst\u00fctzt durch die 2-Jahres-Garantie von Farsince. Insgesamt, kontaktieren Sie uns heute und investieren in sie.<\/p>","protected":false},"excerpt":{"rendered":"<p>Entfesseln Sie das wahre Potenzial von OTG-f\u00e4higen Ger\u00e4ten mit dem Farsince USB-Micro-OTG-Kabel, das eine schnelle \u00dcbertragung von 480 Mbit\/s, fehlerfreie Daten und eine 2-j\u00e4hrige Garantie bietet.<\/p>","protected":false},"featured_media":17392,"template":"","meta":{"_acf_changed":false,"_seopress_robots_primary_cat":"","_seopress_titles_title":"Best USB Micro OTG Cable, 480Mbps - Farsince","_seopress_titles_desc":"","_seopress_robots_index":"","site-sidebar-layout":"default","site-content-layout":"default","ast-site-content-layout":"default","site-content-style":"default","site-sidebar-style":"default","ast-global-header-display":"","ast-banner-title-visibility":"","ast-main-header-display":"","ast-hfb-above-header-display":"","ast-hfb-below-header-display":"","ast-hfb-mobile-header-display":"","site-post-title":"","ast-breadcrumbs-content":"","ast-featured-img":"","footer-sml-layout":"","ast-disable-related-posts":"","theme-transparent-header-meta":"default","adv-header-id-meta":"","stick-header-meta":"","header-above-stick-meta":"","header-main-stick-meta":"","header-below-stick-meta":"","astra-migrate-meta-layouts":"set","ast-page-background-enabled":"default","ast-page-background-meta":{"desktop":{"background-color":"","background-image":"","background-repeat":"repeat","background-position":"center center","background-size":"auto","background-attachment":"scroll","background-type":"","background-media":"","overlay-type":"","overlay-color":"","overlay-opacity":"","overlay-gradient":""},"tablet":{"background-color":"","background-image":"","background-repeat":"repeat","background-position":"center center","background-size":"auto","background-attachment":"scroll","background-type":"","background-media":"","overlay-type":"","overlay-color":"","overlay-opacity":"","overlay-gradient":""},"mobile":{"background-color":"","background-image":"","background-repeat":"repeat","background-position":"center center","background-size":"auto","background-attachment":"scroll","background-type":"","background-media":"","overlay-type":"","overlay-color":"","overlay-opacity":"","overlay-gradient":""}},"ast-content-background-meta":{"desktop":{"background-color":"var(--ast-global-color-5)","background-image":"","background-repeat":"repeat","background-position":"center center","background-size":"auto","background-attachment":"scroll","background-type":"","background-media":"","overlay-type":"","overlay-color":"","overlay-opacity":"","overlay-gradient":""},"tablet":{"background-color":"var(--ast-global-color-5)","background-image":"","background-repeat":"repeat","background-position":"center center","background-size":"auto","background-attachment":"scroll","background-type":"","background-media":"","overlay-type":"","overlay-color":"","overlay-opacity":"","overlay-gradient":""},"mobile":{"background-color":"var(--ast-global-color-5)","background-image":"","background-repeat":"repeat","background-position":"center center","background-size":"auto","background-attachment":"scroll","background-type":"","background-media":"","overlay-type":"","overlay-color":"","overlay-opacity":"","overlay-gradient":""}},"iawp_total_views":9},"product_brand":[],"product_cat":[632,636],"product_tag":[],"class_list":{"0":"post-17391","1":"product","2":"type-product","3":"status-publish","4":"has-post-thumbnail","6":"product_cat-usb","7":"product_cat-usb-2-0-cables","8":"desktop-align-left","9":"tablet-align-left","10":"mobile-align-left","12":"first","13":"instock","14":"shipping-taxable","15":"purchasable","16":"product-type-simple"},"acf":[],"_links":{"self":[{"href":"https:\/\/www.fjpremium.com\/de\/wp-json\/wp\/v2\/product\/17391","targetHints":{"allow":["GET"]}}],"collection":[{"href":"https:\/\/www.fjpremium.com\/de\/wp-json\/wp\/v2\/product"}],"about":[{"href":"https:\/\/www.fjpremium.com\/de\/wp-json\/wp\/v2\/types\/product"}],"wp:featuredmedia":[{"embeddable":true,"href":"https:\/\/www.fjpremium.com\/de\/wp-json\/wp\/v2\/media\/17392"}],"wp:attachment":[{"href":"https:\/\/www.fjpremium.com\/de\/wp-json\/wp\/v2\/media?parent=17391"}],"wp:term":[{"taxonomy":"product_brand","embeddable":true,"href":"https:\/\/www.fjpremium.com\/de\/wp-json\/wp\/v2\/product_brand?post=17391"},{"taxonomy":"product_cat","embeddable":true,"href":"https:\/\/www.fjpremium.com\/de\/wp-json\/wp\/v2\/product_cat?post=17391"},{"taxonomy":"product_tag","embeddable":true,"href":"https:\/\/www.fjpremium.com\/de\/wp-json\/wp\/v2\/product_tag?post=17391"}],"curies":[{"name":"wp","href":"https:\/\/api.w.org\/{rel}","templated":true}]}}