{"id":17385,"date":"2021-03-10T15:55:52","date_gmt":"2021-03-10T07:55:52","guid":{"rendered":"https:\/\/www.fjpremium.com\/?post_type=product&#038;p=17385"},"modified":"2023-12-14T13:58:51","modified_gmt":"2023-12-14T05:58:51","slug":"high-speed-usb-2-0-type-a-male-to-micro-b-male-data-charging-cable-480mbps","status":"publish","type":"product","link":"https:\/\/www.fjpremium.com\/de\/product\/high-speed-usb-2-0-type-a-male-to-micro-b-male-data-charging-cable-480mbps\/","title":{"rendered":"Hochgeschwindigkeits-USB 2.0 Typ A Stecker auf Micro B Stecker Daten-Ladekabel, 480Mbps"},"content":{"rendered":"<p>Das Datenladekabel bietet un\u00fcbertroffene Kompatibilit\u00e4t, egal ob es sich um Ihr Android-Handy, MP3, MP4, GPS, Tablet, Digitalkamera oder andere USB-Peripherieger\u00e4te handelt.<\/p>\n<p>Sie werden sehen, wie es m\u00fchelos Daten\u00fcbertragungsraten von bis zu 480 Mbps erreicht oder seine 5V 2,4A Schnellladefunktion f\u00fcr schnelles, effizientes Aufladen nutzt.<\/p>\n<p>Unser mit einem flexiblen PVC-Mantel ummanteltes Kabel zeichnet sich durch au\u00dfergew\u00f6hnliche Haltbarkeit aus und verf\u00fcgt \u00fcber vergossene Zugentlastungsstecker und griffige Trittfl\u00e4chen f\u00fcr einfaches Ein- und Ausstecken.<\/p>\n<p>Mit seiner Folien- und Geflechtabschirmung weist es EMI\/RFI-Interferenzen zuverl\u00e4ssig ab, w\u00e4hrend die Twisted-Pair-Konstruktion das \u00dcbersprechen minimiert und eine schnelle, fehlerfreie Daten\u00fcbertragung verspricht.<\/p>\n<p>Seine Spezifikationen:<\/p>\n<ul>\n<li>Vergoldeter Kontakt, vernickeltes Geh\u00e4use<\/li>\n<li>Kabel-Leiter: Blanke Kupfer<\/li>\n<li>Isolierung: Gesch\u00e4umte PE-Haut\/HDPE<\/li>\n<li>Kabelquerschnitt: 28\/28AWG<\/li>\n<li>Geh\u00e4use: Spritzgussform<\/li>\n<li>Chip: N\/M<\/li>\n<li>\u00c4u\u00dferer Durchmesser: 4,2\u00b10,2mm<\/li>\n<li>Einhaltung der Vorschriften: RoHS, REACH<\/li>\n<\/ul>\n<p>Au\u00dferdem erhalten Sie damit ein leistungsstarkes Produkt, das durch eine 2-j\u00e4hrige Garantie abgesichert ist, die unser Engagement f\u00fcr Qualit\u00e4t unterstreicht.<\/p>\n<p>Kurzum, nehmen Sie noch heute Kontakt mit uns auf und nehmen Sie unser Produkt in Ihren Bestand auf.<\/p>","protected":false},"excerpt":{"rendered":"<p>Erleben Sie die Leistung nahtloser Konnektivit\u00e4t mit dem Hochgeschwindigkeits-USB-2.0-Datenladekabel von Farsince, perfekt f\u00fcr schnelle Daten\u00fcbertragung und schnelles Aufladen.<\/p>","protected":false},"featured_media":17386,"template":"","meta":{"_acf_changed":false,"_seopress_robots_primary_cat":"","_seopress_titles_title":" Type A Male to Micro B Male Data Charging Cable - Farsince","_seopress_titles_desc":"","_seopress_robots_index":"","site-sidebar-layout":"default","site-content-layout":"default","ast-site-content-layout":"default","site-content-style":"default","site-sidebar-style":"default","ast-global-header-display":"","ast-banner-title-visibility":"","ast-main-header-display":"","ast-hfb-above-header-display":"","ast-hfb-below-header-display":"","ast-hfb-mobile-header-display":"","site-post-title":"","ast-breadcrumbs-content":"","ast-featured-img":"","footer-sml-layout":"","ast-disable-related-posts":"","theme-transparent-header-meta":"default","adv-header-id-meta":"","stick-header-meta":"","header-above-stick-meta":"","header-main-stick-meta":"","header-below-stick-meta":"","astra-migrate-meta-layouts":"set","ast-page-background-enabled":"default","ast-page-background-meta":{"desktop":{"background-color":"","background-image":"","background-repeat":"repeat","background-position":"center center","background-size":"auto","background-attachment":"scroll","background-type":"","background-media":"","overlay-type":"","overlay-color":"","overlay-opacity":"","overlay-gradient":""},"tablet":{"background-color":"","background-image":"","background-repeat":"repeat","background-position":"center center","background-size":"auto","background-attachment":"scroll","background-type":"","background-media":"","overlay-type":"","overlay-color":"","overlay-opacity":"","overlay-gradient":""},"mobile":{"background-color":"","background-image":"","background-repeat":"repeat","background-position":"center center","background-size":"auto","background-attachment":"scroll","background-type":"","background-media":"","overlay-type":"","overlay-color":"","overlay-opacity":"","overlay-gradient":""}},"ast-content-background-meta":{"desktop":{"background-color":"var(--ast-global-color-5)","background-image":"","background-repeat":"repeat","background-position":"center center","background-size":"auto","background-attachment":"scroll","background-type":"","background-media":"","overlay-type":"","overlay-color":"","overlay-opacity":"","overlay-gradient":""},"tablet":{"background-color":"var(--ast-global-color-5)","background-image":"","background-repeat":"repeat","background-position":"center center","background-size":"auto","background-attachment":"scroll","background-type":"","background-media":"","overlay-type":"","overlay-color":"","overlay-opacity":"","overlay-gradient":""},"mobile":{"background-color":"var(--ast-global-color-5)","background-image":"","background-repeat":"repeat","background-position":"center center","background-size":"auto","background-attachment":"scroll","background-type":"","background-media":"","overlay-type":"","overlay-color":"","overlay-opacity":"","overlay-gradient":""}},"iawp_total_views":5},"product_brand":[],"product_cat":[632,636],"product_tag":[],"class_list":{"0":"post-17385","1":"product","2":"type-product","3":"status-publish","4":"has-post-thumbnail","6":"product_cat-usb","7":"product_cat-usb-2-0-cables","8":"desktop-align-left","9":"tablet-align-left","10":"mobile-align-left","12":"first","13":"instock","14":"shipping-taxable","15":"purchasable","16":"product-type-simple"},"acf":[],"_links":{"self":[{"href":"https:\/\/www.fjpremium.com\/de\/wp-json\/wp\/v2\/product\/17385","targetHints":{"allow":["GET"]}}],"collection":[{"href":"https:\/\/www.fjpremium.com\/de\/wp-json\/wp\/v2\/product"}],"about":[{"href":"https:\/\/www.fjpremium.com\/de\/wp-json\/wp\/v2\/types\/product"}],"wp:featuredmedia":[{"embeddable":true,"href":"https:\/\/www.fjpremium.com\/de\/wp-json\/wp\/v2\/media\/17386"}],"wp:attachment":[{"href":"https:\/\/www.fjpremium.com\/de\/wp-json\/wp\/v2\/media?parent=17385"}],"wp:term":[{"taxonomy":"product_brand","embeddable":true,"href":"https:\/\/www.fjpremium.com\/de\/wp-json\/wp\/v2\/product_brand?post=17385"},{"taxonomy":"product_cat","embeddable":true,"href":"https:\/\/www.fjpremium.com\/de\/wp-json\/wp\/v2\/product_cat?post=17385"},{"taxonomy":"product_tag","embeddable":true,"href":"https:\/\/www.fjpremium.com\/de\/wp-json\/wp\/v2\/product_tag?post=17385"}],"curies":[{"name":"wp","href":"https:\/\/api.w.org\/{rel}","templated":true}]}}