{"id":17378,"date":"2021-03-10T15:53:34","date_gmt":"2021-03-10T07:53:34","guid":{"rendered":"https:\/\/www.fjpremium.com\/?post_type=product&#038;p=17378"},"modified":"2023-12-14T13:58:51","modified_gmt":"2023-12-14T05:58:51","slug":"high-speed-usb-2-0-type-a-male-to-mini-b-male-cable-480mbps","status":"publish","type":"product","link":"https:\/\/www.fjpremium.com\/de\/product\/high-speed-usb-2-0-type-a-male-to-mini-b-male-cable-480mbps\/","title":{"rendered":"Hochgeschwindigkeits-Stecker-zu-Stecker-USB 2.0 Typ A zu Mini B Kabel, 480Mbps"},"content":{"rendered":"<p>Dieses Wunderwerk der Technik harmoniert nahtlos mit Ihren Ger\u00e4ten, sei es ein Mobiltelefon, MP3, MP4, eine externe Festplatte, GPS, ein Game-Controller, eine Digitalkamera, ein Camcorder oder andere USB-Peripherieger\u00e4te, die mit einem USB 2.0 Mini-B-Anschluss ausgestattet sind.<\/p>\n<p>Und mit einer \u00dcbertragungsrate von bis zu 480 Mbit\/s sorgt er f\u00fcr schnelle und effiziente digitale Interaktionen.<\/p>\n<p>Das Typ-A-auf-Mini-B-Kabel ist mit einem flexiblen PVC-Mantel ummantelt, der f\u00fcr Langlebigkeit sorgt und Ihrem digitalen Ensemble einen Hauch von Eleganz verleiht.<\/p>\n<p>Seine Folien- und Geflechtabschirmung blockiert effektiv EMI\/RFI-Interferenzen, w\u00e4hrend die Twisted-Pair-Konstruktion das \u00dcbersprechen reduziert und eine schnelle, fehlerfreie Daten\u00fcbertragung verspricht.<\/p>\n<p>Seine Spezifikationen:<\/p>\n<ul>\n<li>Vergoldeter Kontakt, vernickeltes Geh\u00e4use<\/li>\n<li>Kabel-Leiter: Blanke Kupfer<\/li>\n<li>Isolierung: Gesch\u00e4umte PE-Haut\/HDPE<\/li>\n<li>Kabelquerschnitt: 28\/28AWG<\/li>\n<li>Geh\u00e4use: Spritzgussform<\/li>\n<li>Chip: N\/M<\/li>\n<li>\u00c4u\u00dferer Durchmesser: 4,2\u00b10,2mm<\/li>\n<li>Einhaltung der Vorschriften: RoHS, REACH<\/li>\n<\/ul>\n<p>Au\u00dferdem k\u00f6nnen Sie sich auf unser Qualit\u00e4tssiegel verlassen, das durch eine 2-Jahres-Garantie abgesichert ist. Setzen Sie sich also noch heute mit uns in Verbindung und investieren Sie in dieses Produkt.<\/p>","protected":false},"excerpt":{"rendered":"<p>Schwelgen Sie in der grenzenlosen Vielseitigkeit des Hochgeschwindigkeits-USB-2.0-Kabels Typ A auf Mini B von Farsince, das schnelle Daten\u00fcbertragungsraten und kompromisslose Leistung gew\u00e4hrleistet.<\/p>","protected":false},"featured_media":17379,"template":"","meta":{"_acf_changed":false,"_seopress_robots_primary_cat":"","_seopress_titles_title":"","_seopress_titles_desc":"","_seopress_robots_index":"","site-sidebar-layout":"default","site-content-layout":"default","ast-site-content-layout":"default","site-content-style":"default","site-sidebar-style":"default","ast-global-header-display":"","ast-banner-title-visibility":"","ast-main-header-display":"","ast-hfb-above-header-display":"","ast-hfb-below-header-display":"","ast-hfb-mobile-header-display":"","site-post-title":"","ast-breadcrumbs-content":"","ast-featured-img":"","footer-sml-layout":"","ast-disable-related-posts":"","theme-transparent-header-meta":"default","adv-header-id-meta":"","stick-header-meta":"","header-above-stick-meta":"","header-main-stick-meta":"","header-below-stick-meta":"","astra-migrate-meta-layouts":"default","ast-page-background-enabled":"default","ast-page-background-meta":{"desktop":{"background-color":"","background-image":"","background-repeat":"repeat","background-position":"center center","background-size":"auto","background-attachment":"scroll","background-type":"","background-media":"","overlay-type":"","overlay-color":"","overlay-opacity":"","overlay-gradient":""},"tablet":{"background-color":"","background-image":"","background-repeat":"repeat","background-position":"center center","background-size":"auto","background-attachment":"scroll","background-type":"","background-media":"","overlay-type":"","overlay-color":"","overlay-opacity":"","overlay-gradient":""},"mobile":{"background-color":"","background-image":"","background-repeat":"repeat","background-position":"center center","background-size":"auto","background-attachment":"scroll","background-type":"","background-media":"","overlay-type":"","overlay-color":"","overlay-opacity":"","overlay-gradient":""}},"ast-content-background-meta":{"desktop":{"background-color":"var(--ast-global-color-5)","background-image":"","background-repeat":"repeat","background-position":"center center","background-size":"auto","background-attachment":"scroll","background-type":"","background-media":"","overlay-type":"","overlay-color":"","overlay-opacity":"","overlay-gradient":""},"tablet":{"background-color":"var(--ast-global-color-5)","background-image":"","background-repeat":"repeat","background-position":"center center","background-size":"auto","background-attachment":"scroll","background-type":"","background-media":"","overlay-type":"","overlay-color":"","overlay-opacity":"","overlay-gradient":""},"mobile":{"background-color":"var(--ast-global-color-5)","background-image":"","background-repeat":"repeat","background-position":"center center","background-size":"auto","background-attachment":"scroll","background-type":"","background-media":"","overlay-type":"","overlay-color":"","overlay-opacity":"","overlay-gradient":""}},"iawp_total_views":10},"product_brand":[],"product_cat":[632,636],"product_tag":[],"class_list":{"0":"post-17378","1":"product","2":"type-product","3":"status-publish","4":"has-post-thumbnail","6":"product_cat-usb","7":"product_cat-usb-2-0-cables","8":"desktop-align-left","9":"tablet-align-left","10":"mobile-align-left","12":"first","13":"instock","14":"shipping-taxable","15":"purchasable","16":"product-type-simple"},"acf":[],"_links":{"self":[{"href":"https:\/\/www.fjpremium.com\/de\/wp-json\/wp\/v2\/product\/17378","targetHints":{"allow":["GET"]}}],"collection":[{"href":"https:\/\/www.fjpremium.com\/de\/wp-json\/wp\/v2\/product"}],"about":[{"href":"https:\/\/www.fjpremium.com\/de\/wp-json\/wp\/v2\/types\/product"}],"wp:featuredmedia":[{"embeddable":true,"href":"https:\/\/www.fjpremium.com\/de\/wp-json\/wp\/v2\/media\/17379"}],"wp:attachment":[{"href":"https:\/\/www.fjpremium.com\/de\/wp-json\/wp\/v2\/media?parent=17378"}],"wp:term":[{"taxonomy":"product_brand","embeddable":true,"href":"https:\/\/www.fjpremium.com\/de\/wp-json\/wp\/v2\/product_brand?post=17378"},{"taxonomy":"product_cat","embeddable":true,"href":"https:\/\/www.fjpremium.com\/de\/wp-json\/wp\/v2\/product_cat?post=17378"},{"taxonomy":"product_tag","embeddable":true,"href":"https:\/\/www.fjpremium.com\/de\/wp-json\/wp\/v2\/product_tag?post=17378"}],"curies":[{"name":"wp","href":"https:\/\/api.w.org\/{rel}","templated":true}]}}