{"id":17370,"date":"2021-03-10T15:51:25","date_gmt":"2021-03-10T07:51:25","guid":{"rendered":"https:\/\/www.fjpremium.com\/?post_type=product&#038;p=17370"},"modified":"2023-12-14T13:58:52","modified_gmt":"2023-12-14T05:58:52","slug":"high-speed-usb-2-0-type-a-male-to-type-b-male-printer-cable-480mbps","status":"publish","type":"product","link":"https:\/\/www.fjpremium.com\/de\/product\/high-speed-usb-2-0-type-a-male-to-type-b-male-printer-cable-480mbps\/","title":{"rendered":"USB 2.0 Typ A Stecker auf Typ B Stecker Hochgeschwindigkeitsdruckerkabel, 480Mbps"},"content":{"rendered":"<p>Das Hochgeschwindigkeits-Druckerkabel ist der ideale Begleiter f\u00fcr Ihren Drucker, Scanner, USB-Hub und andere USB-Peripherieger\u00e4te, die \u00fcber einen USB 2.0 B-Anschluss verf\u00fcgen, und bringt Ihre digitalen Interaktionen auf ein neues Niveau.<\/p>\n<p>Sie erm\u00f6glicht eine \u00dcbertragungsrate von bis zu 480 Mbps und sorgt so f\u00fcr eine schnelle und effiziente Daten\u00fcbertragung.<\/p>\n<p>Die hervorragende Folien- und Geflechtabschirmung ist au\u00dferdem ein hervorragender Schutz gegen EMI\/RFI-Interferenzen.<\/p>\n<p>Gleichzeitig wird durch die Twisted-Pair-Konstruktion das \u00dcbersprechen deutlich reduziert, so dass ein schneller und fehlerfreier Datenaustausch gew\u00e4hrleistet ist.<\/p>\n<p>Umh\u00fcllt von einem haltbaren, flexiblen PVC-Mantel ist unser Kabel nicht nur funktionell, sondern auch widerstandsf\u00e4hig.<\/p>\n<p>Seine Spezifikationen:<\/p>\n<ul>\n<li>Vergoldeter Kontakt, vernickeltes Geh\u00e4use<\/li>\n<li>Kabel-Leiter: Blanke Kupfer<\/li>\n<li>Isolierung: Gesch\u00e4umte PE-Haut\/HDPE<\/li>\n<li>Kabelquerschnitt: 28\/28AWG<\/li>\n<li>Geh\u00e4use: Spritzgussform<\/li>\n<li>Chip: N\/M<\/li>\n<li>\u00c4u\u00dferer Durchmesser: 4,2\u00b10,2mm<\/li>\n<li>Einhaltung der Vorschriften: RoHS, REACH<\/li>\n<\/ul>\n<p>Und Sie k\u00f6nnen sich auf unser Qualit\u00e4tsversprechen verlassen, das durch eine 2-j\u00e4hrige Garantie unterstrichen wird. Nehmen Sie also noch heute Kontakt mit uns auf und bestellen Sie ihn.<\/p>","protected":false},"excerpt":{"rendered":"<p>Beleben Sie die digitale Konnektivit\u00e4t mit dem Farsince USB 2.0-Hochgeschwindigkeitsdruckerkabel \u2013 perfekt f\u00fcr die schnelle, fehlerfreie Daten\u00fcbertragung f\u00fcr Ihren Drucker, Scanner und andere Peripherieger\u00e4te.<\/p>","protected":false},"featured_media":17371,"template":"","meta":{"_acf_changed":false,"_seopress_robots_primary_cat":"","_seopress_titles_title":"High Speed Printer Cable, 480Mbps - Farsince","_seopress_titles_desc":"Revitalize the digital connectivity with our igh speed printer cable, perfect for high-speed, error-free data transfer for your printer, scanner, and more.","_seopress_robots_index":"","site-sidebar-layout":"default","site-content-layout":"default","ast-site-content-layout":"default","site-content-style":"default","site-sidebar-style":"default","ast-global-header-display":"","ast-banner-title-visibility":"","ast-main-header-display":"","ast-hfb-above-header-display":"","ast-hfb-below-header-display":"","ast-hfb-mobile-header-display":"","site-post-title":"","ast-breadcrumbs-content":"","ast-featured-img":"","footer-sml-layout":"","ast-disable-related-posts":"","theme-transparent-header-meta":"default","adv-header-id-meta":"","stick-header-meta":"","header-above-stick-meta":"","header-main-stick-meta":"","header-below-stick-meta":"","astra-migrate-meta-layouts":"set","ast-page-background-enabled":"default","ast-page-background-meta":{"desktop":{"background-color":"","background-image":"","background-repeat":"repeat","background-position":"center center","background-size":"auto","background-attachment":"scroll","background-type":"","background-media":"","overlay-type":"","overlay-color":"","overlay-opacity":"","overlay-gradient":""},"tablet":{"background-color":"","background-image":"","background-repeat":"repeat","background-position":"center center","background-size":"auto","background-attachment":"scroll","background-type":"","background-media":"","overlay-type":"","overlay-color":"","overlay-opacity":"","overlay-gradient":""},"mobile":{"background-color":"","background-image":"","background-repeat":"repeat","background-position":"center center","background-size":"auto","background-attachment":"scroll","background-type":"","background-media":"","overlay-type":"","overlay-color":"","overlay-opacity":"","overlay-gradient":""}},"ast-content-background-meta":{"desktop":{"background-color":"var(--ast-global-color-5)","background-image":"","background-repeat":"repeat","background-position":"center center","background-size":"auto","background-attachment":"scroll","background-type":"","background-media":"","overlay-type":"","overlay-color":"","overlay-opacity":"","overlay-gradient":""},"tablet":{"background-color":"var(--ast-global-color-5)","background-image":"","background-repeat":"repeat","background-position":"center center","background-size":"auto","background-attachment":"scroll","background-type":"","background-media":"","overlay-type":"","overlay-color":"","overlay-opacity":"","overlay-gradient":""},"mobile":{"background-color":"var(--ast-global-color-5)","background-image":"","background-repeat":"repeat","background-position":"center center","background-size":"auto","background-attachment":"scroll","background-type":"","background-media":"","overlay-type":"","overlay-color":"","overlay-opacity":"","overlay-gradient":""}},"iawp_total_views":3},"product_brand":[],"product_cat":[632,636],"product_tag":[],"class_list":{"0":"post-17370","1":"product","2":"type-product","3":"status-publish","4":"has-post-thumbnail","6":"product_cat-usb","7":"product_cat-usb-2-0-cables","8":"desktop-align-left","9":"tablet-align-left","10":"mobile-align-left","12":"first","13":"instock","14":"shipping-taxable","15":"purchasable","16":"product-type-simple"},"acf":[],"_links":{"self":[{"href":"https:\/\/www.fjpremium.com\/de\/wp-json\/wp\/v2\/product\/17370","targetHints":{"allow":["GET"]}}],"collection":[{"href":"https:\/\/www.fjpremium.com\/de\/wp-json\/wp\/v2\/product"}],"about":[{"href":"https:\/\/www.fjpremium.com\/de\/wp-json\/wp\/v2\/types\/product"}],"wp:featuredmedia":[{"embeddable":true,"href":"https:\/\/www.fjpremium.com\/de\/wp-json\/wp\/v2\/media\/17371"}],"wp:attachment":[{"href":"https:\/\/www.fjpremium.com\/de\/wp-json\/wp\/v2\/media?parent=17370"}],"wp:term":[{"taxonomy":"product_brand","embeddable":true,"href":"https:\/\/www.fjpremium.com\/de\/wp-json\/wp\/v2\/product_brand?post=17370"},{"taxonomy":"product_cat","embeddable":true,"href":"https:\/\/www.fjpremium.com\/de\/wp-json\/wp\/v2\/product_cat?post=17370"},{"taxonomy":"product_tag","embeddable":true,"href":"https:\/\/www.fjpremium.com\/de\/wp-json\/wp\/v2\/product_tag?post=17370"}],"curies":[{"name":"wp","href":"https:\/\/api.w.org\/{rel}","templated":true}]}}