{"id":17355,"date":"2021-03-10T15:47:28","date_gmt":"2021-03-10T07:47:28","guid":{"rendered":"https:\/\/www.fjpremium.com\/?post_type=product&#038;p=17355"},"modified":"2023-12-14T13:58:53","modified_gmt":"2023-12-14T05:58:53","slug":"high-speed-usb-2-0-type-a-male-to-type-a-female-extension-cable-480mbps","status":"publish","type":"product","link":"https:\/\/www.fjpremium.com\/de\/product\/high-speed-usb-2-0-type-a-male-to-type-a-female-extension-cable-480mbps\/","title":{"rendered":"Hochgeschwindigkeits-USB 2.0-Verl\u00e4ngerungskabel Typ A Stecker auf Typ A Buchse, 480Mbps"},"content":{"rendered":"<p>Dieses Hochgeschwindigkeitskabel wurde f\u00fcr den modernen Profi entwickelt und sorgt daf\u00fcr, dass die Entfernung zwischen Ihren Ger\u00e4ten kein Hindernis mehr darstellt.<\/p>\n<p>Ganz gleich, ob Sie mit Tastaturen, M\u00e4usen, Druckern oder anderen Peripherieger\u00e4ten mit USB 2.0 A-Anschluss arbeiten - er bietet die n\u00f6tige Erweiterung, ohne die Signalqualit\u00e4t zu beeintr\u00e4chtigen.<\/p>\n<p>Mit einer beeindruckenden \u00dcbertragungsrate von 480 Mbit\/s werden die Daten zudem schnell und fehlerfrei \u00fcbertragen.<\/p>\n<p>Dank der sorgf\u00e4ltigen Konstruktion des Hochgeschwindigkeits-USB-2.0-Kabels mit Folien- und Geflechtabschirmung sind Sie garantiert immun gegen EMI\/RFI-St\u00f6rungen.<\/p>\n<p>Durch die Twisted-Pair-Konstruktion wird das \u00dcbersprechen weiter reduziert und eine nahtlose Daten\u00fcbertragung gew\u00e4hrleistet.<\/p>\n<p>Seine Spezifikationen:<\/p>\n<ul>\n<li>Vergoldeter Kontakt, vernickeltes Geh\u00e4use<\/li>\n<li>Kabel-Leiter: Blanke Kupfer<\/li>\n<li>Isolierung: Gesch\u00e4umte PE-Haut\/HDPE<\/li>\n<li>Kabelquerschnitt: 28\/28AWG<\/li>\n<li>Abschirmung: 32#\/0,12mm AL-MG Geflecht<\/li>\n<li>Geh\u00e4use: Spritzgussform<\/li>\n<li>Chip: N\/M<\/li>\n<li>Mantel: PVC<\/li>\n<li>\u00c4u\u00dferer Durchmesser: 4,2\u00b10,2mm<\/li>\n<li>Einhaltung der Vorschriften: RoHS, REACH<\/li>\n<\/ul>\n<p>Es ist nicht nur funktional, sondern punktet auch mit seiner Langlebigkeit, die durch das Vertrauen und das Versprechen der 2-Jahres-Garantie von Farsince gest\u00fctzt wird. Also, kontaktieren Sie uns heute und bestellen Sie es.<\/p>","protected":false},"excerpt":{"rendered":"<p>Erleben Sie mit dem Hochgeschwindigkeits-USB-2.0-Kabel von Farsince eine noch nie dagewesene Konnektivit\u00e4t, die schnelle \u00dcbertragungen mit 480 Mbit\/s und eine au\u00dfergew\u00f6hnliche Signalintegrit\u00e4t erm\u00f6glicht.<\/p>","protected":false},"featured_media":17356,"template":"","meta":{"_acf_changed":false,"_seopress_robots_primary_cat":"","_seopress_titles_title":"Best High Speed USB 2.0 Cable - Farsince","_seopress_titles_desc":"","_seopress_robots_index":"","site-sidebar-layout":"default","site-content-layout":"default","ast-site-content-layout":"default","site-content-style":"default","site-sidebar-style":"default","ast-global-header-display":"","ast-banner-title-visibility":"","ast-main-header-display":"","ast-hfb-above-header-display":"","ast-hfb-below-header-display":"","ast-hfb-mobile-header-display":"","site-post-title":"","ast-breadcrumbs-content":"","ast-featured-img":"","footer-sml-layout":"","ast-disable-related-posts":"","theme-transparent-header-meta":"default","adv-header-id-meta":"","stick-header-meta":"","header-above-stick-meta":"","header-main-stick-meta":"","header-below-stick-meta":"","astra-migrate-meta-layouts":"set","ast-page-background-enabled":"default","ast-page-background-meta":{"desktop":{"background-color":"","background-image":"","background-repeat":"repeat","background-position":"center center","background-size":"auto","background-attachment":"scroll","background-type":"","background-media":"","overlay-type":"","overlay-color":"","overlay-opacity":"","overlay-gradient":""},"tablet":{"background-color":"","background-image":"","background-repeat":"repeat","background-position":"center center","background-size":"auto","background-attachment":"scroll","background-type":"","background-media":"","overlay-type":"","overlay-color":"","overlay-opacity":"","overlay-gradient":""},"mobile":{"background-color":"","background-image":"","background-repeat":"repeat","background-position":"center center","background-size":"auto","background-attachment":"scroll","background-type":"","background-media":"","overlay-type":"","overlay-color":"","overlay-opacity":"","overlay-gradient":""}},"ast-content-background-meta":{"desktop":{"background-color":"var(--ast-global-color-5)","background-image":"","background-repeat":"repeat","background-position":"center center","background-size":"auto","background-attachment":"scroll","background-type":"","background-media":"","overlay-type":"","overlay-color":"","overlay-opacity":"","overlay-gradient":""},"tablet":{"background-color":"var(--ast-global-color-5)","background-image":"","background-repeat":"repeat","background-position":"center center","background-size":"auto","background-attachment":"scroll","background-type":"","background-media":"","overlay-type":"","overlay-color":"","overlay-opacity":"","overlay-gradient":""},"mobile":{"background-color":"var(--ast-global-color-5)","background-image":"","background-repeat":"repeat","background-position":"center center","background-size":"auto","background-attachment":"scroll","background-type":"","background-media":"","overlay-type":"","overlay-color":"","overlay-opacity":"","overlay-gradient":""}},"iawp_total_views":7},"product_brand":[],"product_cat":[632,636],"product_tag":[],"class_list":{"0":"post-17355","1":"product","2":"type-product","3":"status-publish","4":"has-post-thumbnail","6":"product_cat-usb","7":"product_cat-usb-2-0-cables","8":"desktop-align-left","9":"tablet-align-left","10":"mobile-align-left","12":"first","13":"instock","14":"shipping-taxable","15":"purchasable","16":"product-type-simple"},"acf":[],"_links":{"self":[{"href":"https:\/\/www.fjpremium.com\/de\/wp-json\/wp\/v2\/product\/17355","targetHints":{"allow":["GET"]}}],"collection":[{"href":"https:\/\/www.fjpremium.com\/de\/wp-json\/wp\/v2\/product"}],"about":[{"href":"https:\/\/www.fjpremium.com\/de\/wp-json\/wp\/v2\/types\/product"}],"wp:featuredmedia":[{"embeddable":true,"href":"https:\/\/www.fjpremium.com\/de\/wp-json\/wp\/v2\/media\/17356"}],"wp:attachment":[{"href":"https:\/\/www.fjpremium.com\/de\/wp-json\/wp\/v2\/media?parent=17355"}],"wp:term":[{"taxonomy":"product_brand","embeddable":true,"href":"https:\/\/www.fjpremium.com\/de\/wp-json\/wp\/v2\/product_brand?post=17355"},{"taxonomy":"product_cat","embeddable":true,"href":"https:\/\/www.fjpremium.com\/de\/wp-json\/wp\/v2\/product_cat?post=17355"},{"taxonomy":"product_tag","embeddable":true,"href":"https:\/\/www.fjpremium.com\/de\/wp-json\/wp\/v2\/product_tag?post=17355"}],"curies":[{"name":"wp","href":"https:\/\/api.w.org\/{rel}","templated":true}]}}