{"id":17348,"date":"2021-03-10T15:44:07","date_gmt":"2021-03-10T07:44:07","guid":{"rendered":"https:\/\/www.fjpremium.com\/?post_type=product&#038;p=17348"},"modified":"2023-12-14T13:58:54","modified_gmt":"2023-12-14T05:58:54","slug":"high-speed-usb-2-0-type-a-male-to-type-a-male-cable-480mbps","status":"publish","type":"product","link":"https:\/\/www.fjpremium.com\/de\/product\/high-speed-usb-2-0-type-a-male-to-type-a-male-cable-480mbps\/","title":{"rendered":"Hochgeschwindigkeits-USB-2.0-Kabel Typ A Stecker auf Typ A Stecker, 480Mbps"},"content":{"rendered":"<p>Das Typ-A-Stecker-auf-Typ-A-Stecker-Kabel eignet sich perfekt f\u00fcr eine Vielzahl von USB-Peripherieger\u00e4ten und verspricht schnelle Daten\u00fcbertragungsraten von bis zu 480 Mbit\/s.<\/p>\n<p>Mit seiner tadellosen Abschirmung gegen EMI\/RFI-St\u00f6rungen gew\u00e4hrleistet es eine einwandfreie Hochgeschwindigkeitskommunikation ohne Unterbrechungen.<\/p>\n<p>Die Twisted-Pair-Konstruktion minimiert au\u00dferdem das \u00dcbersprechen und garantiert jederzeit pr\u00e4zise \u00dcbertragungen.<\/p>\n<p>Der robuste Aufbau unseres Kabels, erg\u00e4nzt durch einen flexiblen PVC-Mantel und vergoldete Kontakte, strahlt Premiumqualit\u00e4t aus.<\/p>\n<p>Seine Spezifikationen:<\/p>\n<ul>\n<li>Kabel-Leiter: Blanke Kupfer<\/li>\n<li>Isolierung: Gesch\u00e4umte PE-Haut\/HDPE<\/li>\n<li>Kabelquerschnitt: 28\/28AWG<\/li>\n<li>Abschirmung: 32#\/0,12mm AL-MG Geflecht<\/li>\n<li>Geh\u00e4use: Spritzgussform<\/li>\n<li>Chip: N\/M<\/li>\n<li>\u00c4u\u00dferer Durchmesser: 4,2\u00b10,2mm<\/li>\n<li>Einhaltung der Vorschriften: RoHS, REACH<\/li>\n<\/ul>\n<p>Dar\u00fcber hinaus werden alle diese Merkmale durch die 2-Jahres-Garantie von Farsince unterstrichen, was es zu einer \u00fcberzeugenden Wahl macht. Kontaktieren Sie uns also noch heute und investieren Sie in das Beste.<\/p>","protected":false},"excerpt":{"rendered":"<p>Entdecken Sie die beispiellose Leistung mit dem High-Speed-USB-2.0-Kabel Typ A (Stecker auf Stecker Typ A) von Farsince. Es bietet schnelle \u00dcbertragungen mit 480 Mbit\/s, erstklassige Abschirmung und 2 Jahre Garantie.<\/p>","protected":false},"featured_media":17349,"template":"","meta":{"_acf_changed":false,"_seopress_robots_primary_cat":"","_seopress_titles_title":"Type A Male to Type A Male Cable - Farsince","_seopress_titles_desc":"Discover unparalleled performance with Farsince high-speed USB 2.0 Type A male to Type A male cable, boasting rapid 480 Mbps transfers and a 2-year warranty.","_seopress_robots_index":"","site-sidebar-layout":"default","site-content-layout":"default","ast-site-content-layout":"default","site-content-style":"default","site-sidebar-style":"default","ast-global-header-display":"","ast-banner-title-visibility":"","ast-main-header-display":"","ast-hfb-above-header-display":"","ast-hfb-below-header-display":"","ast-hfb-mobile-header-display":"","site-post-title":"","ast-breadcrumbs-content":"","ast-featured-img":"","footer-sml-layout":"","ast-disable-related-posts":"","theme-transparent-header-meta":"default","adv-header-id-meta":"","stick-header-meta":"","header-above-stick-meta":"","header-main-stick-meta":"","header-below-stick-meta":"","astra-migrate-meta-layouts":"set","ast-page-background-enabled":"default","ast-page-background-meta":{"desktop":{"background-color":"","background-image":"","background-repeat":"repeat","background-position":"center center","background-size":"auto","background-attachment":"scroll","background-type":"","background-media":"","overlay-type":"","overlay-color":"","overlay-opacity":"","overlay-gradient":""},"tablet":{"background-color":"","background-image":"","background-repeat":"repeat","background-position":"center center","background-size":"auto","background-attachment":"scroll","background-type":"","background-media":"","overlay-type":"","overlay-color":"","overlay-opacity":"","overlay-gradient":""},"mobile":{"background-color":"","background-image":"","background-repeat":"repeat","background-position":"center center","background-size":"auto","background-attachment":"scroll","background-type":"","background-media":"","overlay-type":"","overlay-color":"","overlay-opacity":"","overlay-gradient":""}},"ast-content-background-meta":{"desktop":{"background-color":"var(--ast-global-color-5)","background-image":"","background-repeat":"repeat","background-position":"center center","background-size":"auto","background-attachment":"scroll","background-type":"","background-media":"","overlay-type":"","overlay-color":"","overlay-opacity":"","overlay-gradient":""},"tablet":{"background-color":"var(--ast-global-color-5)","background-image":"","background-repeat":"repeat","background-position":"center center","background-size":"auto","background-attachment":"scroll","background-type":"","background-media":"","overlay-type":"","overlay-color":"","overlay-opacity":"","overlay-gradient":""},"mobile":{"background-color":"var(--ast-global-color-5)","background-image":"","background-repeat":"repeat","background-position":"center center","background-size":"auto","background-attachment":"scroll","background-type":"","background-media":"","overlay-type":"","overlay-color":"","overlay-opacity":"","overlay-gradient":""}},"iawp_total_views":4},"product_brand":[],"product_cat":[632,636],"product_tag":[],"class_list":{"0":"post-17348","1":"product","2":"type-product","3":"status-publish","4":"has-post-thumbnail","6":"product_cat-usb","7":"product_cat-usb-2-0-cables","8":"desktop-align-left","9":"tablet-align-left","10":"mobile-align-left","12":"first","13":"instock","14":"shipping-taxable","15":"purchasable","16":"product-type-simple"},"acf":[],"_links":{"self":[{"href":"https:\/\/www.fjpremium.com\/de\/wp-json\/wp\/v2\/product\/17348","targetHints":{"allow":["GET"]}}],"collection":[{"href":"https:\/\/www.fjpremium.com\/de\/wp-json\/wp\/v2\/product"}],"about":[{"href":"https:\/\/www.fjpremium.com\/de\/wp-json\/wp\/v2\/types\/product"}],"wp:featuredmedia":[{"embeddable":true,"href":"https:\/\/www.fjpremium.com\/de\/wp-json\/wp\/v2\/media\/17349"}],"wp:attachment":[{"href":"https:\/\/www.fjpremium.com\/de\/wp-json\/wp\/v2\/media?parent=17348"}],"wp:term":[{"taxonomy":"product_brand","embeddable":true,"href":"https:\/\/www.fjpremium.com\/de\/wp-json\/wp\/v2\/product_brand?post=17348"},{"taxonomy":"product_cat","embeddable":true,"href":"https:\/\/www.fjpremium.com\/de\/wp-json\/wp\/v2\/product_cat?post=17348"},{"taxonomy":"product_tag","embeddable":true,"href":"https:\/\/www.fjpremium.com\/de\/wp-json\/wp\/v2\/product_tag?post=17348"}],"curies":[{"name":"wp","href":"https:\/\/api.w.org\/{rel}","templated":true}]}}