{"id":17324,"date":"2021-03-10T15:37:10","date_gmt":"2021-03-10T07:37:10","guid":{"rendered":"https:\/\/www.fjpremium.com\/?post_type=product&#038;p=17324"},"modified":"2023-06-27T10:55:29","modified_gmt":"2023-06-27T02:55:29","slug":"usb-3-1-type-c-male-to-female-extension-cable-3","status":"publish","type":"product","link":"https:\/\/www.fjpremium.com\/de\/product\/usb-3-1-type-c-male-to-female-extension-cable-3\/","title":{"rendered":"Typ C USB-Verl\u00e4ngerungskabel Stecker auf Buchse"},"content":{"rendered":"<p>Egal ob Sie ein Smartphone, einen Computer, ein Tablet, eine Digitalkamera oder ein anderes USB-C-Ger\u00e4t verwenden, das Verl\u00e4ngerungskabel bietet den n\u00f6tigen Komfort.<\/p>\n<p>Er wurde mit einer superschnellen Daten\u00fcbertragungsrate von bis zu 10 Gbit\/s entwickelt und verf\u00fcgt \u00fcber einen vielseitigen, umkehrbaren USB-C-Anschluss, der ein einfaches Anschlie\u00dfen in jeder Ausrichtung erm\u00f6glicht.<\/p>\n<p>Au\u00dferdem unterst\u00fctzt er eine Videoaufl\u00f6sung von 4Kx2K bei 60 Hz und ist damit ideal f\u00fcr Videostreaming- und Gaming-Setups.<\/p>\n<p>Neben der Daten\u00fcbertragung bietet dieses USB-Verl\u00e4ngerungskabel (Stecker auf Buchse) eine 60-W-Stromversorgung mit Quick Charge-Unterst\u00fctzung bei 20 V und 3 A. Dies gew\u00e4hrleistet ein schnelles und sicheres Aufladen Ihrer Ger\u00e4te.<\/p>\n<p>Und mit einem elektronisch markierten Chipsatz (E-Marker) garantiert er eine stabile Stromversorgung, die die Sicherheit und Effizienz der Ger\u00e4te gew\u00e4hrleistet.<\/p>\n<p>Unser Kabel ist auf hervorragende Leistung ausgelegt und verf\u00fcgt \u00fcber eine dreifache Abschirmung und eine Twisted-Pair-Konstruktion, die eine vollst\u00e4ndige Immunit\u00e4t gegen EMI\/RFI-St\u00f6rungen bietet und eine fehlerfreie Daten\u00fcbertragung gew\u00e4hrleistet.<\/p>\n<p>Ein flexibler PVC-Mantel sorgt f\u00fcr Langlebigkeit.<\/p>\n<p>Seine Spezifikationen:<\/p>\n<ul>\n<li>Anschluss 1: USB Typ-C Stecker<\/li>\n<li>Anschluss 2: USB Typ-C Buchse<\/li>\n<li>Vergoldete Kontakte, vernickeltes Geh\u00e4use<\/li>\n<li>Kabel-Leiter: Verzinntes Kupfer<\/li>\n<li>Isolierung: Gesch\u00e4umte PE-Haut\/HDPE<\/li>\n<li>Drahtst\u00e4rke: 32\/32\/26AWG<\/li>\n<li>Geh\u00e4use: Spritzgie\u00dfen<\/li>\n<li>\u00c4u\u00dferer Durchmesser: 4,5\u00b10,2mm<\/li>\n<\/ul>\n<p>Au\u00dferdem ist das Produkt RoHS-, REACH- und CE-zertifiziert, so dass Sie sich der Qualit\u00e4t und der Sicherheitsstandards des Produkts sicher sein k\u00f6nnen. Und wir unterst\u00fctzen es mit einer 2-Jahres-Garantie.<\/p>\n<p>Setzen Sie sich also noch heute mit uns in Verbindung und investieren Sie in unser USB-Verl\u00e4ngerungskabel Stecker zu Buchse.<\/p>","protected":false},"excerpt":{"rendered":"<p>Dieses Farsince USB-Verl\u00e4ngerungskabel, Stecker auf Buchse, bietet eine zuverl\u00e4ssige und effiziente M\u00f6glichkeit, Ihre USB-Typ-C-Verbindungen zu verl\u00e4ngern.<\/p>","protected":false},"featured_media":17343,"template":"","meta":{"_acf_changed":false,"_seopress_robots_primary_cat":"","_seopress_titles_title":"Best Type C USB Extension Cable Male to Female - FARSINCE","_seopress_titles_desc":"This Farsince USB extension cable male to female provides a reliable and efficient way to extend your USB Type C connections.","_seopress_robots_index":"","site-sidebar-layout":"default","site-content-layout":"default","ast-site-content-layout":"default","site-content-style":"default","site-sidebar-style":"default","ast-global-header-display":"","ast-banner-title-visibility":"","ast-main-header-display":"","ast-hfb-above-header-display":"","ast-hfb-below-header-display":"","ast-hfb-mobile-header-display":"","site-post-title":"","ast-breadcrumbs-content":"","ast-featured-img":"","footer-sml-layout":"","ast-disable-related-posts":"","theme-transparent-header-meta":"default","adv-header-id-meta":"","stick-header-meta":"","header-above-stick-meta":"","header-main-stick-meta":"","header-below-stick-meta":"","astra-migrate-meta-layouts":"default","ast-page-background-enabled":"default","ast-page-background-meta":{"desktop":{"background-color":"","background-image":"","background-repeat":"repeat","background-position":"center center","background-size":"auto","background-attachment":"scroll","background-type":"","background-media":"","overlay-type":"","overlay-color":"","overlay-opacity":"","overlay-gradient":""},"tablet":{"background-color":"","background-image":"","background-repeat":"repeat","background-position":"center center","background-size":"auto","background-attachment":"scroll","background-type":"","background-media":"","overlay-type":"","overlay-color":"","overlay-opacity":"","overlay-gradient":""},"mobile":{"background-color":"","background-image":"","background-repeat":"repeat","background-position":"center center","background-size":"auto","background-attachment":"scroll","background-type":"","background-media":"","overlay-type":"","overlay-color":"","overlay-opacity":"","overlay-gradient":""}},"ast-content-background-meta":{"desktop":{"background-color":"var(--ast-global-color-5)","background-image":"","background-repeat":"repeat","background-position":"center center","background-size":"auto","background-attachment":"scroll","background-type":"","background-media":"","overlay-type":"","overlay-color":"","overlay-opacity":"","overlay-gradient":""},"tablet":{"background-color":"var(--ast-global-color-5)","background-image":"","background-repeat":"repeat","background-position":"center center","background-size":"auto","background-attachment":"scroll","background-type":"","background-media":"","overlay-type":"","overlay-color":"","overlay-opacity":"","overlay-gradient":""},"mobile":{"background-color":"var(--ast-global-color-5)","background-image":"","background-repeat":"repeat","background-position":"center center","background-size":"auto","background-attachment":"scroll","background-type":"","background-media":"","overlay-type":"","overlay-color":"","overlay-opacity":"","overlay-gradient":""}},"iawp_total_views":6},"product_brand":[],"product_cat":[222],"product_tag":[],"class_list":{"0":"post-17324","1":"product","2":"type-product","3":"status-publish","4":"has-post-thumbnail","6":"product_cat-usb-c-cables","7":"desktop-align-left","8":"tablet-align-left","9":"mobile-align-left","11":"first","12":"instock","13":"shipping-taxable","14":"purchasable","15":"product-type-simple"},"acf":[],"_links":{"self":[{"href":"https:\/\/www.fjpremium.com\/de\/wp-json\/wp\/v2\/product\/17324","targetHints":{"allow":["GET"]}}],"collection":[{"href":"https:\/\/www.fjpremium.com\/de\/wp-json\/wp\/v2\/product"}],"about":[{"href":"https:\/\/www.fjpremium.com\/de\/wp-json\/wp\/v2\/types\/product"}],"wp:featuredmedia":[{"embeddable":true,"href":"https:\/\/www.fjpremium.com\/de\/wp-json\/wp\/v2\/media\/17343"}],"wp:attachment":[{"href":"https:\/\/www.fjpremium.com\/de\/wp-json\/wp\/v2\/media?parent=17324"}],"wp:term":[{"taxonomy":"product_brand","embeddable":true,"href":"https:\/\/www.fjpremium.com\/de\/wp-json\/wp\/v2\/product_brand?post=17324"},{"taxonomy":"product_cat","embeddable":true,"href":"https:\/\/www.fjpremium.com\/de\/wp-json\/wp\/v2\/product_cat?post=17324"},{"taxonomy":"product_tag","embeddable":true,"href":"https:\/\/www.fjpremium.com\/de\/wp-json\/wp\/v2\/product_tag?post=17324"}],"curies":[{"name":"wp","href":"https:\/\/api.w.org\/{rel}","templated":true}]}}