{"id":17323,"date":"2021-03-10T15:37:09","date_gmt":"2021-03-10T07:37:09","guid":{"rendered":"https:\/\/www.fjpremium.com\/?post_type=product&#038;p=17323"},"modified":"2023-06-27T10:56:36","modified_gmt":"2023-06-27T02:56:36","slug":"usb-3-1-type-c-male-to-female-extension-cable-2","status":"publish","type":"product","link":"https:\/\/www.fjpremium.com\/de\/product\/usb-3-1-type-c-male-to-female-extension-cable-2\/","title":{"rendered":"Typ C USB 3.1 Stecker auf Buchse Verl\u00e4ngerungskabel"},"content":{"rendered":"<p>Dieses Kabel unterst\u00fctzt Hochgeschwindigkeitsdaten\u00fcbertragungen von bis zu 10 Gbit\/s und erm\u00f6glicht so einen schnellen und effizienten Dateiaustausch.<\/p>\n<p>Seine reversiblen USB-C-Anschl\u00fcsse erm\u00f6glichen ein einfaches Einstecken in jeder Ausrichtung.<\/p>\n<p>Au\u00dferdem unterst\u00fctzt er eine Videoaufl\u00f6sung von 4Kx2K bei 60 Hz, was ihn zu einer guten Wahl f\u00fcr Multimedia-Setups macht.<\/p>\n<p>Unser USB 3.1-Verl\u00e4ngerungskabel (Stecker auf Buchse) unterst\u00fctzt die Schnellladung mit 20 V und 3 A und sorgt daf\u00fcr, dass Ihre Ger\u00e4te schnell und sicher geladen werden.<\/p>\n<p>Sein elektronisch markierter Chipsatz (E-Marker) sorgt f\u00fcr eine stabile Stromversorgung.<\/p>\n<p>Seine Spezifikationen:<\/p>\n<ul>\n<li>Anschluss 1: USB Typ-C Stecker<\/li>\n<li>Anschluss 2: USB Typ-C Buchse<\/li>\n<li>Vergoldete Kontakte, vernickeltes Geh\u00e4use<\/li>\n<li>Kabel-Leiter: Verzinntes Kupfer<\/li>\n<li>Isolierung: Gesch\u00e4umte PE-Haut\/HDPE<\/li>\n<li>Drahtst\u00e4rke: 32\/32\/26AWG<\/li>\n<li>Geh\u00e4use: Spritzgie\u00dfen<\/li>\n<li>\u00c4u\u00dferer Durchmesser: 4,5\u00b10,2mm<\/li>\n<\/ul>\n<p>Die robuste Konstruktion des Kabels mit flexiblem PVC-Mantel, Folien- und Geflechtabschirmung und Twisted-Pair-Konstruktion sorgt f\u00fcr hervorragende Leistung und Langlebigkeit.<\/p>\n<p>Es entspricht den RoHS-, REACH- und CE-Normen und hat eine 2-j\u00e4hrige Garantie, die Qualit\u00e4t und Seelenfrieden verspricht.<\/p>\n<p>Wenden Sie sich daher noch heute an uns und investieren Sie in unser USB 3.1-Verl\u00e4ngerungskabel von Stecker zu Buchse.<\/p>","protected":false},"excerpt":{"rendered":"<p>Erweitern Sie Ihre USB-Typ-C-Verbindungen mit dem Hochgeschwindigkeits-Verl\u00e4ngerungskabel Typ C USB 3.1 Stecker auf Buchse von Farsince. Erleben Sie schnelle Daten\u00fcbertragung, 4K-Videoaufl\u00f6sung und Schnellladeunterst\u00fctzung.<\/p>","protected":false},"featured_media":17339,"template":"","meta":{"_acf_changed":false,"_seopress_robots_primary_cat":"","_seopress_titles_title":"Type C USB 3.1 Male to Female Extension Cable - FARSINCE","_seopress_titles_desc":"Extend your USB Type C connections with Farsince&#039;s high-speed Type C USB 3.1  male to female extension cable. Experience swift data transfer.","_seopress_robots_index":"","site-sidebar-layout":"default","site-content-layout":"default","ast-site-content-layout":"default","site-content-style":"default","site-sidebar-style":"default","ast-global-header-display":"","ast-banner-title-visibility":"","ast-main-header-display":"","ast-hfb-above-header-display":"","ast-hfb-below-header-display":"","ast-hfb-mobile-header-display":"","site-post-title":"","ast-breadcrumbs-content":"","ast-featured-img":"","footer-sml-layout":"","ast-disable-related-posts":"","theme-transparent-header-meta":"default","adv-header-id-meta":"","stick-header-meta":"","header-above-stick-meta":"","header-main-stick-meta":"","header-below-stick-meta":"","astra-migrate-meta-layouts":"default","ast-page-background-enabled":"default","ast-page-background-meta":{"desktop":{"background-color":"","background-image":"","background-repeat":"repeat","background-position":"center center","background-size":"auto","background-attachment":"scroll","background-type":"","background-media":"","overlay-type":"","overlay-color":"","overlay-opacity":"","overlay-gradient":""},"tablet":{"background-color":"","background-image":"","background-repeat":"repeat","background-position":"center center","background-size":"auto","background-attachment":"scroll","background-type":"","background-media":"","overlay-type":"","overlay-color":"","overlay-opacity":"","overlay-gradient":""},"mobile":{"background-color":"","background-image":"","background-repeat":"repeat","background-position":"center center","background-size":"auto","background-attachment":"scroll","background-type":"","background-media":"","overlay-type":"","overlay-color":"","overlay-opacity":"","overlay-gradient":""}},"ast-content-background-meta":{"desktop":{"background-color":"var(--ast-global-color-5)","background-image":"","background-repeat":"repeat","background-position":"center center","background-size":"auto","background-attachment":"scroll","background-type":"","background-media":"","overlay-type":"","overlay-color":"","overlay-opacity":"","overlay-gradient":""},"tablet":{"background-color":"var(--ast-global-color-5)","background-image":"","background-repeat":"repeat","background-position":"center center","background-size":"auto","background-attachment":"scroll","background-type":"","background-media":"","overlay-type":"","overlay-color":"","overlay-opacity":"","overlay-gradient":""},"mobile":{"background-color":"var(--ast-global-color-5)","background-image":"","background-repeat":"repeat","background-position":"center center","background-size":"auto","background-attachment":"scroll","background-type":"","background-media":"","overlay-type":"","overlay-color":"","overlay-opacity":"","overlay-gradient":""}},"iawp_total_views":5},"product_brand":[],"product_cat":[222],"product_tag":[],"class_list":{"0":"post-17323","1":"product","2":"type-product","3":"status-publish","4":"has-post-thumbnail","6":"product_cat-usb-c-cables","7":"desktop-align-left","8":"tablet-align-left","9":"mobile-align-left","11":"first","12":"instock","13":"shipping-taxable","14":"purchasable","15":"product-type-simple"},"acf":[],"_links":{"self":[{"href":"https:\/\/www.fjpremium.com\/de\/wp-json\/wp\/v2\/product\/17323","targetHints":{"allow":["GET"]}}],"collection":[{"href":"https:\/\/www.fjpremium.com\/de\/wp-json\/wp\/v2\/product"}],"about":[{"href":"https:\/\/www.fjpremium.com\/de\/wp-json\/wp\/v2\/types\/product"}],"wp:featuredmedia":[{"embeddable":true,"href":"https:\/\/www.fjpremium.com\/de\/wp-json\/wp\/v2\/media\/17339"}],"wp:attachment":[{"href":"https:\/\/www.fjpremium.com\/de\/wp-json\/wp\/v2\/media?parent=17323"}],"wp:term":[{"taxonomy":"product_brand","embeddable":true,"href":"https:\/\/www.fjpremium.com\/de\/wp-json\/wp\/v2\/product_brand?post=17323"},{"taxonomy":"product_cat","embeddable":true,"href":"https:\/\/www.fjpremium.com\/de\/wp-json\/wp\/v2\/product_cat?post=17323"},{"taxonomy":"product_tag","embeddable":true,"href":"https:\/\/www.fjpremium.com\/de\/wp-json\/wp\/v2\/product_tag?post=17323"}],"curies":[{"name":"wp","href":"https:\/\/api.w.org\/{rel}","templated":true}]}}