{"id":17322,"date":"2021-03-10T15:36:55","date_gmt":"2021-03-10T07:36:55","guid":{"rendered":"https:\/\/www.fjpremium.com\/?post_type=product&#038;p=17322"},"modified":"2023-06-27T10:58:58","modified_gmt":"2023-06-27T02:58:58","slug":"usb-3-0-type-c-male-to-type-a-female-adapter-cable-2","status":"publish","type":"product","link":"https:\/\/www.fjpremium.com\/de\/product\/usb-3-0-type-c-male-to-type-a-female-adapter-cable-2\/","title":{"rendered":"Typ C Stecker auf Typ A Buchse USB 3.0 Adapterkabel"},"content":{"rendered":"<p>Dieses USB 3.0-Adapterkabel bietet eine Daten\u00fcbertragungsrate von bis zu 5 Gbit\/s und erm\u00f6glicht so einen schnellen und reibungslosen Dateiaustausch.<\/p>\n<p>Der symmetrische USB-C-Stecker erlaubt das Einstecken in beliebiger Richtung f\u00fcr maximalen Komfort.<\/p>\n<p>Au\u00dferdem unterst\u00fctzt es die Schnellladetechnologie mit einer Leistung von bis zu 5 V und 2,4 A und l\u00e4dt Ihre Ger\u00e4te schnell und sicher auf.<\/p>\n<p>Das Kabel ist mit einem hochwertigen ABS-Geh\u00e4use ausgestattet, das f\u00fcr eine lange Lebensdauer sorgt.<\/p>\n<p>Ein flexibler PVC-Mantel, eine Folien- und Geflechtabschirmung sowie eine Twisted-Pair-Konstruktion sorgen f\u00fcr optimale Leistung und die Reduzierung von St\u00f6rungen.<\/p>\n<p>Seine Spezifikationen:<\/p>\n<ul>\n<li>Anschluss 1: USB Typ-C Stecker<\/li>\n<li>Anschluss 2: USB Typ-A Buchse<\/li>\n<li>Vergoldete Kontakte, vernickeltes Geh\u00e4use<\/li>\n<li>Kabel-Leiter: Verzinntes Kupfer<\/li>\n<li>Isolierung: Gesch\u00e4umte PE-Haut\/HDPE<\/li>\n<li>Drahtst\u00e4rke: 30\/24AWG<\/li>\n<li>Geh\u00e4use: Spritzgie\u00dfen<\/li>\n<li>\u00c4u\u00dferer Durchmesser: 4,5\u00b10,2mm<\/li>\n<\/ul>\n<p>Dar\u00fcber hinaus mit der Einhaltung der RoHS-, REACH- und CE-Normen, enth\u00e4lt es eine 2-Jahres-Garantie von Farsince f\u00fcr die Qualit\u00e4tssicherung.<\/p>\n<p>Nehmen Sie also noch heute Kontakt mit uns auf und bestellen Sie das USB 3.0-Adapterkabel.<\/p>","protected":false},"excerpt":{"rendered":"<p>Verbessern Sie die Verbindungen zwischen Ihren USB Typ C und Typ A Ger\u00e4ten mit unserem Hochgeschwindigkeits-USB 3.0-Adapterkabel, das schnelles Aufladen unterst\u00fctzt und eine hervorragende Leistung bietet.<\/p>","protected":false},"featured_media":17333,"template":"","meta":{"_acf_changed":false,"_seopress_robots_primary_cat":"","_seopress_titles_title":"Best USB 3.0 Adapter Cable - FARSINCE","_seopress_titles_desc":"","_seopress_robots_index":"","site-sidebar-layout":"default","site-content-layout":"default","ast-site-content-layout":"default","site-content-style":"default","site-sidebar-style":"default","ast-global-header-display":"","ast-banner-title-visibility":"","ast-main-header-display":"","ast-hfb-above-header-display":"","ast-hfb-below-header-display":"","ast-hfb-mobile-header-display":"","site-post-title":"","ast-breadcrumbs-content":"","ast-featured-img":"","footer-sml-layout":"","ast-disable-related-posts":"","theme-transparent-header-meta":"default","adv-header-id-meta":"","stick-header-meta":"","header-above-stick-meta":"","header-main-stick-meta":"","header-below-stick-meta":"","astra-migrate-meta-layouts":"default","ast-page-background-enabled":"default","ast-page-background-meta":{"desktop":{"background-color":"","background-image":"","background-repeat":"repeat","background-position":"center center","background-size":"auto","background-attachment":"scroll","background-type":"","background-media":"","overlay-type":"","overlay-color":"","overlay-opacity":"","overlay-gradient":""},"tablet":{"background-color":"","background-image":"","background-repeat":"repeat","background-position":"center center","background-size":"auto","background-attachment":"scroll","background-type":"","background-media":"","overlay-type":"","overlay-color":"","overlay-opacity":"","overlay-gradient":""},"mobile":{"background-color":"","background-image":"","background-repeat":"repeat","background-position":"center center","background-size":"auto","background-attachment":"scroll","background-type":"","background-media":"","overlay-type":"","overlay-color":"","overlay-opacity":"","overlay-gradient":""}},"ast-content-background-meta":{"desktop":{"background-color":"var(--ast-global-color-5)","background-image":"","background-repeat":"repeat","background-position":"center center","background-size":"auto","background-attachment":"scroll","background-type":"","background-media":"","overlay-type":"","overlay-color":"","overlay-opacity":"","overlay-gradient":""},"tablet":{"background-color":"var(--ast-global-color-5)","background-image":"","background-repeat":"repeat","background-position":"center center","background-size":"auto","background-attachment":"scroll","background-type":"","background-media":"","overlay-type":"","overlay-color":"","overlay-opacity":"","overlay-gradient":""},"mobile":{"background-color":"var(--ast-global-color-5)","background-image":"","background-repeat":"repeat","background-position":"center center","background-size":"auto","background-attachment":"scroll","background-type":"","background-media":"","overlay-type":"","overlay-color":"","overlay-opacity":"","overlay-gradient":""}},"iawp_total_views":5},"product_brand":[],"product_cat":[222],"product_tag":[],"class_list":{"0":"post-17322","1":"product","2":"type-product","3":"status-publish","4":"has-post-thumbnail","6":"product_cat-usb-c-cables","7":"desktop-align-left","8":"tablet-align-left","9":"mobile-align-left","11":"first","12":"instock","13":"shipping-taxable","14":"purchasable","15":"product-type-simple"},"acf":[],"_links":{"self":[{"href":"https:\/\/www.fjpremium.com\/de\/wp-json\/wp\/v2\/product\/17322","targetHints":{"allow":["GET"]}}],"collection":[{"href":"https:\/\/www.fjpremium.com\/de\/wp-json\/wp\/v2\/product"}],"about":[{"href":"https:\/\/www.fjpremium.com\/de\/wp-json\/wp\/v2\/types\/product"}],"wp:featuredmedia":[{"embeddable":true,"href":"https:\/\/www.fjpremium.com\/de\/wp-json\/wp\/v2\/media\/17333"}],"wp:attachment":[{"href":"https:\/\/www.fjpremium.com\/de\/wp-json\/wp\/v2\/media?parent=17322"}],"wp:term":[{"taxonomy":"product_brand","embeddable":true,"href":"https:\/\/www.fjpremium.com\/de\/wp-json\/wp\/v2\/product_brand?post=17322"},{"taxonomy":"product_cat","embeddable":true,"href":"https:\/\/www.fjpremium.com\/de\/wp-json\/wp\/v2\/product_cat?post=17322"},{"taxonomy":"product_tag","embeddable":true,"href":"https:\/\/www.fjpremium.com\/de\/wp-json\/wp\/v2\/product_tag?post=17322"}],"curies":[{"name":"wp","href":"https:\/\/api.w.org\/{rel}","templated":true}]}}