{"id":17321,"date":"2021-03-10T15:36:50","date_gmt":"2021-03-10T07:36:50","guid":{"rendered":"https:\/\/www.fjpremium.com\/?post_type=product&#038;p=17321"},"modified":"2023-06-27T11:00:35","modified_gmt":"2023-06-27T03:00:35","slug":"usb-3-0-type-c-male-to-type-a-female-adapter-cable","status":"publish","type":"product","link":"https:\/\/www.fjpremium.com\/de\/product\/usb-3-0-type-c-male-to-type-a-female-adapter-cable\/","title":{"rendered":"USB 3.0 Stecker zu Buchse Ethernet Kabel Adapter f\u00fcr Laptop"},"content":{"rendered":"<p>Unser USB 3.0 Typ-C-auf-Typ-A-Adapterkabel ist eine robuste, leistungsstarke L\u00f6sung f\u00fcr den Anschluss Ihrer USB-C-Ger\u00e4te, wie Smartphones oder Tablets, an USB-Typ-A-Peripherieger\u00e4te wie USB-Hubs, Flash-Laufwerke, Tastaturen oder M\u00e4use.<\/p>\n<p>Mit einer \u00dcbertragungsrate von bis zu 5 Gbps sorgt er f\u00fcr eine schnelle und fehlerfreie Daten\u00fcbertragung.<\/p>\n<p>Das Kabel unterst\u00fctzt die Schnellladetechnologie und liefert bis zu 5 V und 2,4 A. Der symmetrische, umkehrbare USB-C-Stecker sorgt f\u00fcr eine problemlose Nutzung.<\/p>\n<p>F\u00fcr eine \u00fcberragende Leistung und minimale Interferenzen verf\u00fcgt es \u00fcber einen flexiblen PVC-Mantel, eine Folien- und Geflechtabschirmung und eine Twisted-Pair-Konstruktion.<\/p>\n<p>Seine Spezifikationen:<\/p>\n<ul>\n<li>Anschluss 1: USB Typ-C Stecker<\/li>\n<li>Anschluss 2: USB Typ-A Buchse<\/li>\n<li>Kabel-Leiter: Verzinntes Kupfer<\/li>\n<li>Isolierung: Gesch\u00e4umte PE-Haut\/HDPE<\/li>\n<li>Drahtst\u00e4rke: 30\/24AWG<\/li>\n<li>Dreifach geschirmt: verdrilltes Paar Aluminiumfolie, Gesamtaluminiumfolie, Geflecht<\/li>\n<li>Geh\u00e4use: Spritzgie\u00dfen<\/li>\n<li>Mantel: PVC<\/li>\n<li>\u00c4u\u00dferer Durchmesser: 4,5\u00b10,2mm<\/li>\n<\/ul>\n<p>Au\u00dferdem sorgen die vergoldeten und vernickelten Kontakte dieses hochwertigen Kabels f\u00fcr Langlebigkeit und optimale Signal\u00fcbertragung.<\/p>\n<p>Au\u00dferdem ist es RoHS-, REACH- und CE-konform und wird mit einer 2-j\u00e4hrigen Farsince-Garantie geliefert. Insgesamt, kontaktieren Sie uns heute und bestellen Sie das Ethernet-Kabel-Adapter f\u00fcr Laptop.<\/p>","protected":false},"excerpt":{"rendered":"<p>Verbessern Sie die Konnektivit\u00e4t Ihrer Ger\u00e4te mit dem Ethernet-Kabeladapter von Farsince f\u00fcr Laptops, der Hochgeschwindigkeitsdaten\u00fcbertragung und Schnellladetechnologie bietet.<\/p>","protected":false},"featured_media":17325,"template":"","meta":{"_acf_changed":false,"_seopress_robots_primary_cat":"","_seopress_titles_title":"Best Ethernet Cable Adapter For Laptop - FARSINCE","_seopress_titles_desc":"","_seopress_robots_index":"","site-sidebar-layout":"default","site-content-layout":"default","ast-site-content-layout":"default","site-content-style":"default","site-sidebar-style":"default","ast-global-header-display":"","ast-banner-title-visibility":"","ast-main-header-display":"","ast-hfb-above-header-display":"","ast-hfb-below-header-display":"","ast-hfb-mobile-header-display":"","site-post-title":"","ast-breadcrumbs-content":"","ast-featured-img":"","footer-sml-layout":"","ast-disable-related-posts":"","theme-transparent-header-meta":"default","adv-header-id-meta":"","stick-header-meta":"","header-above-stick-meta":"","header-main-stick-meta":"","header-below-stick-meta":"","astra-migrate-meta-layouts":"default","ast-page-background-enabled":"default","ast-page-background-meta":{"desktop":{"background-color":"","background-image":"","background-repeat":"repeat","background-position":"center center","background-size":"auto","background-attachment":"scroll","background-type":"","background-media":"","overlay-type":"","overlay-color":"","overlay-opacity":"","overlay-gradient":""},"tablet":{"background-color":"","background-image":"","background-repeat":"repeat","background-position":"center center","background-size":"auto","background-attachment":"scroll","background-type":"","background-media":"","overlay-type":"","overlay-color":"","overlay-opacity":"","overlay-gradient":""},"mobile":{"background-color":"","background-image":"","background-repeat":"repeat","background-position":"center center","background-size":"auto","background-attachment":"scroll","background-type":"","background-media":"","overlay-type":"","overlay-color":"","overlay-opacity":"","overlay-gradient":""}},"ast-content-background-meta":{"desktop":{"background-color":"var(--ast-global-color-5)","background-image":"","background-repeat":"repeat","background-position":"center center","background-size":"auto","background-attachment":"scroll","background-type":"","background-media":"","overlay-type":"","overlay-color":"","overlay-opacity":"","overlay-gradient":""},"tablet":{"background-color":"var(--ast-global-color-5)","background-image":"","background-repeat":"repeat","background-position":"center center","background-size":"auto","background-attachment":"scroll","background-type":"","background-media":"","overlay-type":"","overlay-color":"","overlay-opacity":"","overlay-gradient":""},"mobile":{"background-color":"var(--ast-global-color-5)","background-image":"","background-repeat":"repeat","background-position":"center center","background-size":"auto","background-attachment":"scroll","background-type":"","background-media":"","overlay-type":"","overlay-color":"","overlay-opacity":"","overlay-gradient":""}},"iawp_total_views":5},"product_brand":[],"product_cat":[222],"product_tag":[],"class_list":{"0":"post-17321","1":"product","2":"type-product","3":"status-publish","4":"has-post-thumbnail","6":"product_cat-usb-c-cables","7":"desktop-align-left","8":"tablet-align-left","9":"mobile-align-left","11":"first","12":"instock","13":"shipping-taxable","14":"purchasable","15":"product-type-simple"},"acf":[],"_links":{"self":[{"href":"https:\/\/www.fjpremium.com\/de\/wp-json\/wp\/v2\/product\/17321","targetHints":{"allow":["GET"]}}],"collection":[{"href":"https:\/\/www.fjpremium.com\/de\/wp-json\/wp\/v2\/product"}],"about":[{"href":"https:\/\/www.fjpremium.com\/de\/wp-json\/wp\/v2\/types\/product"}],"wp:featuredmedia":[{"embeddable":true,"href":"https:\/\/www.fjpremium.com\/de\/wp-json\/wp\/v2\/media\/17325"}],"wp:attachment":[{"href":"https:\/\/www.fjpremium.com\/de\/wp-json\/wp\/v2\/media?parent=17321"}],"wp:term":[{"taxonomy":"product_brand","embeddable":true,"href":"https:\/\/www.fjpremium.com\/de\/wp-json\/wp\/v2\/product_brand?post=17321"},{"taxonomy":"product_cat","embeddable":true,"href":"https:\/\/www.fjpremium.com\/de\/wp-json\/wp\/v2\/product_cat?post=17321"},{"taxonomy":"product_tag","embeddable":true,"href":"https:\/\/www.fjpremium.com\/de\/wp-json\/wp\/v2\/product_tag?post=17321"}],"curies":[{"name":"wp","href":"https:\/\/api.w.org\/{rel}","templated":true}]}}