{"id":17318,"date":"2021-03-10T15:33:20","date_gmt":"2021-03-10T07:33:20","guid":{"rendered":"https:\/\/www.fjpremium.com\/?post_type=product&#038;p=17318"},"modified":"2023-06-16T15:38:34","modified_gmt":"2023-06-16T07:38:34","slug":"usb-c-to-dual-hdmi-displayport-mst-ssl-hub-2-in-1-4k-adapter-3","status":"publish","type":"product","link":"https:\/\/www.fjpremium.com\/de\/product\/usb-c-to-dual-hdmi-displayport-mst-ssl-hub-2-in-1-4k-adapter-3\/","title":{"rendered":"MST SSL Hub 2 in 1 4K Displayport zu HDMI Adapter"},"content":{"rendered":"<p>Mit unserem USB 3.1 Typ C auf Dual-HDMI\/DisplayPort-Adapter k\u00f6nnen Sie Ihren Bildschirm m\u00fchelos gemeinsam nutzen und UHD-Inhalte von Ihrem USB-C-Ger\u00e4t auf HDMI- oder DisplayPort-f\u00e4hige Bildschirme, wie HDTVs oder Projektoren, projizieren.<\/p>\n<p>Mit der Unterst\u00fctzung von bis zu 4K-Aufl\u00f6sung (3840\u00d72160 @ 60Hz) bleibt Ihre Videoqualit\u00e4t au\u00dfergew\u00f6hnlich.<\/p>\n<p>Dieser kompakte 4K DisplayPort-zu-HDMI-Adapter ist Plug-and-Play und ben\u00f6tigt keine zus\u00e4tzlichen Treiber. Er ist mit MAC OS, Windows, Android und Linux kompatibel und unterst\u00fctzt die Modi Spiegeln (SST) und Erweitern (MST, nur Windows).<\/p>\n<p>Es ist jedoch wichtig, dass Sie sich vor dem Kauf vergewissern, dass Ihr Ger\u00e4t mit dem Videoausgang oder dem DP Alt Mode kompatibel ist.<\/p>\n<p>Seine Spezifikationen:<\/p>\n<ul>\n<li>Anschluss 1: USB Typ-C Stecker<\/li>\n<li>Anschluss 2: 2xHDMI-Buchse\/ 2xDisplayPort-Buchse\/ HDMI-Buchse+DisplayPort-Buchse<\/li>\n<li>Kabel-Leiter: Verzinntes Kupfer<\/li>\n<li>Isolierung: Gesch\u00e4umte PE-Haut\/HDPE<\/li>\n<li>Drahtst\u00e4rke: 32\/32\/26AWG<\/li>\n<li>Geh\u00e4use: Aluminium-Schale<\/li>\n<li>Chip: LT8712EXI oder STDP4320+VL100+SN75149<\/li>\n<li>Mantel: PVC<\/li>\n<li>\u00c4u\u00dferer Durchmesser: 4,2\u00b10,2mm<\/li>\n<li>Einhaltung der Vorschriften: RoHS, REACH, CE<\/li>\n<\/ul>\n<p>Das robuste Design des Adapters mit vergoldeten Kontakten, einem Aluminiumgeh\u00e4use und dreifach geschirmter Verkabelung sorgt f\u00fcr optimale Leistung.<\/p>\n<p>Kontaktieren Sie uns daher noch heute und bestellen Sie diesen 4K DisplayPort zu HDMI Adapter.<\/p>","protected":false},"excerpt":{"rendered":"<p>Entdecken Sie den MST SSL Hub 2-in-1-4K-DisplayPort-zu-HDMI-Adapter von Farsince, kompakt, Plug-and-Play und vielseitig einsetzbar f\u00fcr verschiedene Betriebssysteme.<\/p>","protected":false},"featured_media":0,"template":"","meta":{"_acf_changed":false,"_seopress_robots_primary_cat":"","_seopress_titles_title":"","_seopress_titles_desc":"","_seopress_robots_index":"","site-sidebar-layout":"default","site-content-layout":"default","ast-site-content-layout":"default","site-content-style":"default","site-sidebar-style":"default","ast-global-header-display":"","ast-banner-title-visibility":"","ast-main-header-display":"","ast-hfb-above-header-display":"","ast-hfb-below-header-display":"","ast-hfb-mobile-header-display":"","site-post-title":"","ast-breadcrumbs-content":"","ast-featured-img":"","footer-sml-layout":"","ast-disable-related-posts":"","theme-transparent-header-meta":"default","adv-header-id-meta":"","stick-header-meta":"","header-above-stick-meta":"","header-main-stick-meta":"","header-below-stick-meta":"","astra-migrate-meta-layouts":"default","ast-page-background-enabled":"default","ast-page-background-meta":{"desktop":{"background-color":"","background-image":"","background-repeat":"repeat","background-position":"center center","background-size":"auto","background-attachment":"scroll","background-type":"","background-media":"","overlay-type":"","overlay-color":"","overlay-opacity":"","overlay-gradient":""},"tablet":{"background-color":"","background-image":"","background-repeat":"repeat","background-position":"center center","background-size":"auto","background-attachment":"scroll","background-type":"","background-media":"","overlay-type":"","overlay-color":"","overlay-opacity":"","overlay-gradient":""},"mobile":{"background-color":"","background-image":"","background-repeat":"repeat","background-position":"center center","background-size":"auto","background-attachment":"scroll","background-type":"","background-media":"","overlay-type":"","overlay-color":"","overlay-opacity":"","overlay-gradient":""}},"ast-content-background-meta":{"desktop":{"background-color":"var(--ast-global-color-5)","background-image":"","background-repeat":"repeat","background-position":"center center","background-size":"auto","background-attachment":"scroll","background-type":"","background-media":"","overlay-type":"","overlay-color":"","overlay-opacity":"","overlay-gradient":""},"tablet":{"background-color":"var(--ast-global-color-5)","background-image":"","background-repeat":"repeat","background-position":"center center","background-size":"auto","background-attachment":"scroll","background-type":"","background-media":"","overlay-type":"","overlay-color":"","overlay-opacity":"","overlay-gradient":""},"mobile":{"background-color":"var(--ast-global-color-5)","background-image":"","background-repeat":"repeat","background-position":"center center","background-size":"auto","background-attachment":"scroll","background-type":"","background-media":"","overlay-type":"","overlay-color":"","overlay-opacity":"","overlay-gradient":""}},"iawp_total_views":5},"product_brand":[],"product_cat":[222],"product_tag":[],"class_list":{"0":"post-17318","1":"product","2":"type-product","3":"status-publish","5":"product_cat-usb-c-cables","6":"desktop-align-left","7":"tablet-align-left","8":"mobile-align-left","10":"first","11":"instock","12":"shipping-taxable","13":"purchasable","14":"product-type-simple"},"acf":[],"_links":{"self":[{"href":"https:\/\/www.fjpremium.com\/de\/wp-json\/wp\/v2\/product\/17318","targetHints":{"allow":["GET"]}}],"collection":[{"href":"https:\/\/www.fjpremium.com\/de\/wp-json\/wp\/v2\/product"}],"about":[{"href":"https:\/\/www.fjpremium.com\/de\/wp-json\/wp\/v2\/types\/product"}],"wp:attachment":[{"href":"https:\/\/www.fjpremium.com\/de\/wp-json\/wp\/v2\/media?parent=17318"}],"wp:term":[{"taxonomy":"product_brand","embeddable":true,"href":"https:\/\/www.fjpremium.com\/de\/wp-json\/wp\/v2\/product_brand?post=17318"},{"taxonomy":"product_cat","embeddable":true,"href":"https:\/\/www.fjpremium.com\/de\/wp-json\/wp\/v2\/product_cat?post=17318"},{"taxonomy":"product_tag","embeddable":true,"href":"https:\/\/www.fjpremium.com\/de\/wp-json\/wp\/v2\/product_tag?post=17318"}],"curies":[{"name":"wp","href":"https:\/\/api.w.org\/{rel}","templated":true}]}}