{"id":17317,"date":"2021-03-10T15:33:19","date_gmt":"2021-03-10T07:33:19","guid":{"rendered":"https:\/\/www.fjpremium.com\/?post_type=product&#038;p=17317"},"modified":"2023-06-27T11:04:11","modified_gmt":"2023-06-27T03:04:11","slug":"usb-c-to-dual-hdmi-displayport-mst-ssl-hub-2-in-1-4k-adapter-2","status":"publish","type":"product","link":"https:\/\/www.fjpremium.com\/de\/product\/usb-c-to-dual-hdmi-displayport-mst-ssl-hub-2-in-1-4k-adapter-2\/","title":{"rendered":"MST SSL Hub 2 in 1 USB C zu Dual HDMI Adapter 4K"},"content":{"rendered":"<p>Der USB 3.1 Typ C auf Dual-HDMI-Adapter erm\u00f6glicht eine nahtlose Projektion der Inhalte Ihres Laptops auf HDMI-Ger\u00e4te wie HDTVs oder Projektoren.<\/p>\n<p>Perfekt, um UHD-Videos oder Bilder auf einem gr\u00f6\u00dferen Bildschirm zu genie\u00dfen. Er unterst\u00fctzt eine Aufl\u00f6sung von bis zu 4K (3840\u00d72160 @ 60Hz) f\u00fcr einen einzelnen HDMI-Anschluss und 4K@30Hz f\u00fcr zwei Anschl\u00fcsse und verspricht eine hochwertige Videoausgabe.<\/p>\n<p>Und es ist kompatibel mit MAC OS, Windows, Android und Linux und unterst\u00fctzt sowohl den Mirror- als auch den Extend-Modus (nur Windows).<\/p>\n<p>Dieser Plug-and-Play-USB-C-auf-Dual-HDMI-Adapter 4K erfordert keine zus\u00e4tzlichen Treiber, aber stellen Sie vor dem Kauf sicher, dass Ihr Ger\u00e4t die Videoausgabe oder den DP Alt Mode unterst\u00fctzt.<\/p>\n<p>Seine Spezifikationen:<\/p>\n<ul>\n<li>Anschluss 1: USB Typ-C Stecker<\/li>\n<li>Anschluss 2: 2xHDMI-Buchse\/ 2xDisplayPort-Buchse\/ HDMI-Buchse+DisplayPort-Buchse<\/li>\n<li>Vergoldeter Kontakt, vergoldetes Geh\u00e4use<\/li>\n<li>Kabel-Leiter: Verzinntes Kupfer<\/li>\n<li>Isolierung: Gesch\u00e4umte PE-Haut\/HDPE<\/li>\n<li>Drahtst\u00e4rke: 32\/32\/26AWG<\/li>\n<li>Chip: LT8712EXI oder STDP4320+VL100+SN75149<\/li>\n<li>Mantel: PVC<\/li>\n<li>\u00c4u\u00dferer Durchmesser: 4,2\u00b10,2mm<\/li>\n<li>Einhaltung der Vorschriften: RoHS, REACH, CE<\/li>\n<\/ul>\n<p>Au\u00dferdem verf\u00fcgt das robuste Design \u00fcber vergoldete Kontakte, ein Aluminiumgeh\u00e4use und ein dreifach abgeschirmtes Kabel f\u00fcr optimale Leistung. Kontaktieren Sie uns also noch heute und bestellen Sie unseren USB C auf Dual HDMI Adapter 4K.<\/p>","protected":false},"excerpt":{"rendered":"<p>Steigern Sie Ihr visuelles Erlebnis mit dem Farsince USB C-auf-Dual-HDMI-Adapter 4K. Er gew\u00e4hrleistet eine au\u00dfergew\u00f6hnliche 4K-Ausgabe und ist Ihre Plug-and-Play-L\u00f6sung f\u00fcr gr\u00f6\u00dfere Bildschirme.<\/p>","protected":false},"featured_media":0,"template":"","meta":{"_acf_changed":false,"_seopress_robots_primary_cat":"","_seopress_titles_title":" Best 2 in 1 USB C to Dual HDMI Adapter 4K - FARSINCE","_seopress_titles_desc":"Elevate your visual experience with Farsince USB C to dual HDMI adapter 4K. Ensuring exceptional 4K output, it&#039;s your plug-and-play solution for larger screens.","_seopress_robots_index":"","site-sidebar-layout":"default","site-content-layout":"default","ast-site-content-layout":"default","site-content-style":"default","site-sidebar-style":"default","ast-global-header-display":"","ast-banner-title-visibility":"","ast-main-header-display":"","ast-hfb-above-header-display":"","ast-hfb-below-header-display":"","ast-hfb-mobile-header-display":"","site-post-title":"","ast-breadcrumbs-content":"","ast-featured-img":"","footer-sml-layout":"","ast-disable-related-posts":"","theme-transparent-header-meta":"default","adv-header-id-meta":"","stick-header-meta":"","header-above-stick-meta":"","header-main-stick-meta":"","header-below-stick-meta":"","astra-migrate-meta-layouts":"default","ast-page-background-enabled":"default","ast-page-background-meta":{"desktop":{"background-color":"","background-image":"","background-repeat":"repeat","background-position":"center center","background-size":"auto","background-attachment":"scroll","background-type":"","background-media":"","overlay-type":"","overlay-color":"","overlay-opacity":"","overlay-gradient":""},"tablet":{"background-color":"","background-image":"","background-repeat":"repeat","background-position":"center center","background-size":"auto","background-attachment":"scroll","background-type":"","background-media":"","overlay-type":"","overlay-color":"","overlay-opacity":"","overlay-gradient":""},"mobile":{"background-color":"","background-image":"","background-repeat":"repeat","background-position":"center center","background-size":"auto","background-attachment":"scroll","background-type":"","background-media":"","overlay-type":"","overlay-color":"","overlay-opacity":"","overlay-gradient":""}},"ast-content-background-meta":{"desktop":{"background-color":"var(--ast-global-color-5)","background-image":"","background-repeat":"repeat","background-position":"center center","background-size":"auto","background-attachment":"scroll","background-type":"","background-media":"","overlay-type":"","overlay-color":"","overlay-opacity":"","overlay-gradient":""},"tablet":{"background-color":"var(--ast-global-color-5)","background-image":"","background-repeat":"repeat","background-position":"center center","background-size":"auto","background-attachment":"scroll","background-type":"","background-media":"","overlay-type":"","overlay-color":"","overlay-opacity":"","overlay-gradient":""},"mobile":{"background-color":"var(--ast-global-color-5)","background-image":"","background-repeat":"repeat","background-position":"center center","background-size":"auto","background-attachment":"scroll","background-type":"","background-media":"","overlay-type":"","overlay-color":"","overlay-opacity":"","overlay-gradient":""}},"iawp_total_views":7},"product_brand":[],"product_cat":[222],"product_tag":[],"class_list":{"0":"post-17317","1":"product","2":"type-product","3":"status-publish","5":"product_cat-usb-c-cables","6":"desktop-align-left","7":"tablet-align-left","8":"mobile-align-left","10":"first","11":"instock","12":"shipping-taxable","13":"purchasable","14":"product-type-simple"},"acf":[],"_links":{"self":[{"href":"https:\/\/www.fjpremium.com\/de\/wp-json\/wp\/v2\/product\/17317","targetHints":{"allow":["GET"]}}],"collection":[{"href":"https:\/\/www.fjpremium.com\/de\/wp-json\/wp\/v2\/product"}],"about":[{"href":"https:\/\/www.fjpremium.com\/de\/wp-json\/wp\/v2\/types\/product"}],"wp:attachment":[{"href":"https:\/\/www.fjpremium.com\/de\/wp-json\/wp\/v2\/media?parent=17317"}],"wp:term":[{"taxonomy":"product_brand","embeddable":true,"href":"https:\/\/www.fjpremium.com\/de\/wp-json\/wp\/v2\/product_brand?post=17317"},{"taxonomy":"product_cat","embeddable":true,"href":"https:\/\/www.fjpremium.com\/de\/wp-json\/wp\/v2\/product_cat?post=17317"},{"taxonomy":"product_tag","embeddable":true,"href":"https:\/\/www.fjpremium.com\/de\/wp-json\/wp\/v2\/product_tag?post=17317"}],"curies":[{"name":"wp","href":"https:\/\/api.w.org\/{rel}","templated":true}]}}