{"id":17308,"date":"2021-03-10T15:31:34","date_gmt":"2021-03-10T07:31:34","guid":{"rendered":"https:\/\/www.fjpremium.com\/?post_type=product&#038;p=17308"},"modified":"2023-06-27T11:05:31","modified_gmt":"2023-06-27T03:05:31","slug":"usb-c-to-hdmi-vga-2-in-1-hub-adapter","status":"publish","type":"product","link":"https:\/\/www.fjpremium.com\/de\/product\/usb-c-to-hdmi-vga-2-in-1-hub-adapter\/","title":{"rendered":"2 in 1 VGA HDMI auf USB C Hub Adapter"},"content":{"rendered":"<p>Unser 2-in-1-HDMI-VGA-USB-C-Hub-Adapter nutzt einen USB 3.1 Typ-C-Anschluss, um Ger\u00e4te wie Smartphones, Tablets oder Computer mit einem HDTV, Projektor oder Monitor zu verbinden.<\/p>\n<p>Der HDMI-Ausgang unterst\u00fctzt eine 4K-Aufl\u00f6sung (3840\u00d72160 @ 30Hz), w\u00e4hrend der VGA-Ausgang bis zu 1080P (1920\u00d71080 @ 60Hz) verarbeiten kann, um sicherzustellen, dass die Bilder in hoher Qualit\u00e4t auf dem Display angezeigt werden.<\/p>\n<p>Der kompakte Formfaktor des Adapters und der symmetrische USB-Typ-C-Anschluss machen ihn zu einer idealen, benutzerfreundlichen L\u00f6sung f\u00fcr \"Bring Your Own Device\"-Umgebungen in Bildungseinrichtungen oder Unternehmen.<\/p>\n<p>Es ist ein Plug-and-Play-Ger\u00e4t, f\u00fcr das keine zus\u00e4tzlichen Treiber erforderlich sind, und wird mit einer zweij\u00e4hrigen Garantie von Farsince geliefert.<\/p>\n<p>Seine Spezifikationen:<\/p>\n<ul>\n<li>Anschluss 1: USB Typ-C Stecker<\/li>\n<li>Anschluss 2: HDMI 19 Pin Buchse\/ VGA HD15 Buchse<\/li>\n<li>Kabel-Leiter: Verzinntes Kupfer<\/li>\n<li>Isolierung: Gesch\u00e4umte PE-Haut\/HDPE<\/li>\n<li>Drahtst\u00e4rke: 34\/32\/26AWG<\/li>\n<li>Geh\u00e4use: ABS oder Aluminiumschale<\/li>\n<li>Chipsatz: AG9320 oder IET6562<\/li>\n<li>Mantel: PVC<\/li>\n<li>\u00c4u\u00dferer Durchmesser: 4,2\u00b10,2mm<\/li>\n<li>Einhaltung der Vorschriften: RoHS, REACH, CE<\/li>\n<\/ul>\n<p>Dar\u00fcber hinaus ist unser USB-C-Hub-Adapter mit Pr\u00e4zision gefertigt und verf\u00fcgt \u00fcber vergoldete Kontakte und ein dreifach geschirmtes Kabel, um eine optimale Leistung zu gew\u00e4hrleisten. Kontaktieren Sie uns daher noch heute und investieren Sie in dieses Produkt.<\/p>","protected":false},"excerpt":{"rendered":"<p>Nutzen Sie Farsinces 2-in-1-VGA-HDMI-auf-USB-C-Hub-Adapter f\u00fcr atemberaubende 4K- und 1080P-Videoausgabe. Sein benutzerfreundliches Design und seine solide Leistung machen ihn zur ersten Wahl f\u00fcr BYOD-Anwendungen.<\/p>","protected":false},"featured_media":17309,"template":"","meta":{"_acf_changed":false,"_seopress_robots_primary_cat":"","_seopress_titles_title":"Best 2 in 1 VGA HDMI To USB C Hub Adapter - FARSINCE","_seopress_titles_desc":"Leverage Farsince&#039;s 2-in-1  VGA HDMI to USB C hub adapter for stunning 4K and 1080P video output, a prime choice for BYOD applications.","_seopress_robots_index":"","site-sidebar-layout":"default","site-content-layout":"default","ast-site-content-layout":"default","site-content-style":"default","site-sidebar-style":"default","ast-global-header-display":"","ast-banner-title-visibility":"","ast-main-header-display":"","ast-hfb-above-header-display":"","ast-hfb-below-header-display":"","ast-hfb-mobile-header-display":"","site-post-title":"","ast-breadcrumbs-content":"","ast-featured-img":"","footer-sml-layout":"","ast-disable-related-posts":"","theme-transparent-header-meta":"default","adv-header-id-meta":"","stick-header-meta":"","header-above-stick-meta":"","header-main-stick-meta":"","header-below-stick-meta":"","astra-migrate-meta-layouts":"default","ast-page-background-enabled":"default","ast-page-background-meta":{"desktop":{"background-color":"","background-image":"","background-repeat":"repeat","background-position":"center center","background-size":"auto","background-attachment":"scroll","background-type":"","background-media":"","overlay-type":"","overlay-color":"","overlay-opacity":"","overlay-gradient":""},"tablet":{"background-color":"","background-image":"","background-repeat":"repeat","background-position":"center center","background-size":"auto","background-attachment":"scroll","background-type":"","background-media":"","overlay-type":"","overlay-color":"","overlay-opacity":"","overlay-gradient":""},"mobile":{"background-color":"","background-image":"","background-repeat":"repeat","background-position":"center center","background-size":"auto","background-attachment":"scroll","background-type":"","background-media":"","overlay-type":"","overlay-color":"","overlay-opacity":"","overlay-gradient":""}},"ast-content-background-meta":{"desktop":{"background-color":"var(--ast-global-color-5)","background-image":"","background-repeat":"repeat","background-position":"center center","background-size":"auto","background-attachment":"scroll","background-type":"","background-media":"","overlay-type":"","overlay-color":"","overlay-opacity":"","overlay-gradient":""},"tablet":{"background-color":"var(--ast-global-color-5)","background-image":"","background-repeat":"repeat","background-position":"center center","background-size":"auto","background-attachment":"scroll","background-type":"","background-media":"","overlay-type":"","overlay-color":"","overlay-opacity":"","overlay-gradient":""},"mobile":{"background-color":"var(--ast-global-color-5)","background-image":"","background-repeat":"repeat","background-position":"center center","background-size":"auto","background-attachment":"scroll","background-type":"","background-media":"","overlay-type":"","overlay-color":"","overlay-opacity":"","overlay-gradient":""}},"iawp_total_views":9},"product_brand":[],"product_cat":[222],"product_tag":[],"class_list":{"0":"post-17308","1":"product","2":"type-product","3":"status-publish","4":"has-post-thumbnail","6":"product_cat-usb-c-cables","7":"desktop-align-left","8":"tablet-align-left","9":"mobile-align-left","11":"first","12":"instock","13":"shipping-taxable","14":"purchasable","15":"product-type-simple"},"acf":[],"_links":{"self":[{"href":"https:\/\/www.fjpremium.com\/de\/wp-json\/wp\/v2\/product\/17308","targetHints":{"allow":["GET"]}}],"collection":[{"href":"https:\/\/www.fjpremium.com\/de\/wp-json\/wp\/v2\/product"}],"about":[{"href":"https:\/\/www.fjpremium.com\/de\/wp-json\/wp\/v2\/types\/product"}],"wp:featuredmedia":[{"embeddable":true,"href":"https:\/\/www.fjpremium.com\/de\/wp-json\/wp\/v2\/media\/17309"}],"wp:attachment":[{"href":"https:\/\/www.fjpremium.com\/de\/wp-json\/wp\/v2\/media?parent=17308"}],"wp:term":[{"taxonomy":"product_brand","embeddable":true,"href":"https:\/\/www.fjpremium.com\/de\/wp-json\/wp\/v2\/product_brand?post=17308"},{"taxonomy":"product_cat","embeddable":true,"href":"https:\/\/www.fjpremium.com\/de\/wp-json\/wp\/v2\/product_cat?post=17308"},{"taxonomy":"product_tag","embeddable":true,"href":"https:\/\/www.fjpremium.com\/de\/wp-json\/wp\/v2\/product_tag?post=17308"}],"curies":[{"name":"wp","href":"https:\/\/api.w.org\/{rel}","templated":true}]}}