{"id":17299,"date":"2021-03-10T15:30:30","date_gmt":"2021-03-10T07:30:30","guid":{"rendered":"https:\/\/www.fjpremium.com\/?post_type=product&#038;p=17299"},"modified":"2023-06-27T11:09:13","modified_gmt":"2023-06-27T03:09:13","slug":"usb-c-to-3-port-usb-3-0-with-power-delivery-4-in-1-hub","status":"publish","type":"product","link":"https:\/\/www.fjpremium.com\/de\/product\/usb-c-to-3-port-usb-3-0-with-power-delivery-4-in-1-hub\/","title":{"rendered":"USB-C auf 3 Port USB 3.0 mit Power Delivery 4 in 1 Hub"},"content":{"rendered":"<p>Dieser USB-C-auf-3-Port-USB-3.0-4-in-1-Hub ist ein hochwertiges Ger\u00e4t, das effiziente Konnektivit\u00e4t und gleichzeitiges Laden erm\u00f6glicht.<\/p>\n<p>Er erweitert die USB-F\u00e4higkeiten durch drei USB-A-Anschl\u00fcsse und erm\u00f6glicht den Anschluss mehrerer Peripherieger\u00e4te an einen einzigen USB-C-Anschluss.<\/p>\n<p>Das Ger\u00e4t unterst\u00fctzt Daten\u00fcbertragungsraten von bis zu 5 Gbps und liefert gleichzeitig eine Ladeleistung von bis zu 60 Watt an das angeschlossene Ger\u00e4t.<\/p>\n<p>Der reversible USB-C-Anschluss und das kompakte Design machen es einfach und bequem.<\/p>\n<p>Die integrierte Folien- und Geflechtabschirmung sorgt f\u00fcr Immunit\u00e4t gegen EMI\/RFI-Interferenzen und gew\u00e4hrleistet eine schnelle und fehlerfreie Daten\u00fcbertragung.<\/p>\n<p>Seine Spezifikationen:<\/p>\n<ul>\n<li>Anschluss 1: USB Typ-C Stecker<\/li>\n<li>Anschluss 2: USB 3.0 Buchse x 3\/ USB Typ C Buchse<\/li>\n<li>Vergoldeter Kontakt, vernickeltes Geh\u00e4use<\/li>\n<li>Kabel-Leiter: Verzinntes Kupfer<\/li>\n<li>Isolierung: Gesch\u00e4umte PE-Haut\/HDPE<\/li>\n<li>Drahtst\u00e4rke: 32\/32\/26AWG<\/li>\n<li>Dreifach abgeschirmt: verdrilltes Paar aus Aluminiumfolie, Gesamtaluminiumfolie, Geflecht<\/li>\n<li>Geh\u00e4use: ABS-Schale<\/li>\n<li>Mantel: PVC<\/li>\n<li>\u00c4u\u00dferer Durchmesser: 4,2\u00b10,2mm<\/li>\n<li>Einhaltung der Vorschriften: RoHS, REACH, CE<\/li>\n<\/ul>\n<p>Dar\u00fcber hinaus ist unsere 4-in-1-Nabe, die durch die 2-Jahres-Garantie von Farsince abgesichert ist, auf Langlebigkeit ausgelegt und auf die Einhaltung von Industriestandards getestet. Kurz gesagt, kontaktieren Sie uns heute und bestellen Sie die Nabe.<\/p>","protected":false},"excerpt":{"rendered":"<p>Farsince pr\u00e4sentiert einen USB-C-auf-3-Port-USB-3.0-4-in-1-Hub, der sich perfekt f\u00fcr die Erweiterung der USB-Funktionen eignet und Hochgeschwindigkeitsdaten\u00fcbertragung und robuste Ladeleistung bietet.<\/p>","protected":false},"featured_media":17300,"template":"","meta":{"_acf_changed":false,"_seopress_robots_primary_cat":"","_seopress_titles_title":"USB 3.0 with Power Delivery 4 in 1 Hub - FARSINCE","_seopress_titles_desc":"","_seopress_robots_index":"","site-sidebar-layout":"default","site-content-layout":"default","ast-site-content-layout":"default","site-content-style":"default","site-sidebar-style":"default","ast-global-header-display":"","ast-banner-title-visibility":"","ast-main-header-display":"","ast-hfb-above-header-display":"","ast-hfb-below-header-display":"","ast-hfb-mobile-header-display":"","site-post-title":"","ast-breadcrumbs-content":"","ast-featured-img":"","footer-sml-layout":"","ast-disable-related-posts":"","theme-transparent-header-meta":"default","adv-header-id-meta":"","stick-header-meta":"","header-above-stick-meta":"","header-main-stick-meta":"","header-below-stick-meta":"","astra-migrate-meta-layouts":"default","ast-page-background-enabled":"default","ast-page-background-meta":{"desktop":{"background-color":"","background-image":"","background-repeat":"repeat","background-position":"center center","background-size":"auto","background-attachment":"scroll","background-type":"","background-media":"","overlay-type":"","overlay-color":"","overlay-opacity":"","overlay-gradient":""},"tablet":{"background-color":"","background-image":"","background-repeat":"repeat","background-position":"center center","background-size":"auto","background-attachment":"scroll","background-type":"","background-media":"","overlay-type":"","overlay-color":"","overlay-opacity":"","overlay-gradient":""},"mobile":{"background-color":"","background-image":"","background-repeat":"repeat","background-position":"center center","background-size":"auto","background-attachment":"scroll","background-type":"","background-media":"","overlay-type":"","overlay-color":"","overlay-opacity":"","overlay-gradient":""}},"ast-content-background-meta":{"desktop":{"background-color":"var(--ast-global-color-5)","background-image":"","background-repeat":"repeat","background-position":"center center","background-size":"auto","background-attachment":"scroll","background-type":"","background-media":"","overlay-type":"","overlay-color":"","overlay-opacity":"","overlay-gradient":""},"tablet":{"background-color":"var(--ast-global-color-5)","background-image":"","background-repeat":"repeat","background-position":"center center","background-size":"auto","background-attachment":"scroll","background-type":"","background-media":"","overlay-type":"","overlay-color":"","overlay-opacity":"","overlay-gradient":""},"mobile":{"background-color":"var(--ast-global-color-5)","background-image":"","background-repeat":"repeat","background-position":"center center","background-size":"auto","background-attachment":"scroll","background-type":"","background-media":"","overlay-type":"","overlay-color":"","overlay-opacity":"","overlay-gradient":""}},"iawp_total_views":3},"product_brand":[],"product_cat":[222],"product_tag":[],"class_list":{"0":"post-17299","1":"product","2":"type-product","3":"status-publish","4":"has-post-thumbnail","6":"product_cat-usb-c-cables","7":"desktop-align-left","8":"tablet-align-left","9":"mobile-align-left","11":"first","12":"instock","13":"shipping-taxable","14":"purchasable","15":"product-type-simple"},"acf":[],"_links":{"self":[{"href":"https:\/\/www.fjpremium.com\/de\/wp-json\/wp\/v2\/product\/17299","targetHints":{"allow":["GET"]}}],"collection":[{"href":"https:\/\/www.fjpremium.com\/de\/wp-json\/wp\/v2\/product"}],"about":[{"href":"https:\/\/www.fjpremium.com\/de\/wp-json\/wp\/v2\/types\/product"}],"wp:featuredmedia":[{"embeddable":true,"href":"https:\/\/www.fjpremium.com\/de\/wp-json\/wp\/v2\/media\/17300"}],"wp:attachment":[{"href":"https:\/\/www.fjpremium.com\/de\/wp-json\/wp\/v2\/media?parent=17299"}],"wp:term":[{"taxonomy":"product_brand","embeddable":true,"href":"https:\/\/www.fjpremium.com\/de\/wp-json\/wp\/v2\/product_brand?post=17299"},{"taxonomy":"product_cat","embeddable":true,"href":"https:\/\/www.fjpremium.com\/de\/wp-json\/wp\/v2\/product_cat?post=17299"},{"taxonomy":"product_tag","embeddable":true,"href":"https:\/\/www.fjpremium.com\/de\/wp-json\/wp\/v2\/product_tag?post=17299"}],"curies":[{"name":"wp","href":"https:\/\/api.w.org\/{rel}","templated":true}]}}