{"id":17282,"date":"2021-03-10T15:28:28","date_gmt":"2021-03-10T07:28:28","guid":{"rendered":"https:\/\/www.fjpremium.com\/?post_type=product&#038;p=17282"},"modified":"2023-06-27T13:25:26","modified_gmt":"2023-06-27T05:25:26","slug":"usb-c-male-to-vga-usb3-0-pd-3-in-1-multi-port-hub-adapter","status":"publish","type":"product","link":"https:\/\/www.fjpremium.com\/de\/product\/usb-c-male-to-vga-usb3-0-pd-3-in-1-multi-port-hub-adapter\/","title":{"rendered":"USB-C Stecker auf VGA USB3.0 PD 3 in 1 Multi Port Adapter"},"content":{"rendered":"<p>Unser Multi-Port-Adapter bietet USB 3.1 Typ-C, USB 3.0 und VGA-Konnektivit\u00e4t.<\/p>\n<p>Er wurde sowohl f\u00fcr den privaten als auch f\u00fcr den professionellen Einsatz entwickelt, unterst\u00fctzt eine Aufl\u00f6sung von bis zu 1080P f\u00fcr Videos in hoher Qualit\u00e4t und erm\u00f6glicht eine superschnelle USB 3.0-Daten\u00fcbertragung.<\/p>\n<p>Dieser kompakte Adapter verf\u00fcgt au\u00dferdem \u00fcber einen USB-Typ-C-Anschluss zum gleichzeitigen Aufladen von Ger\u00e4ten und unterst\u00fctzt bis zu 60 W Leistung.<\/p>\n<p>Sie k\u00f6nnen den einfachen Plug-and-Play-Betrieb genie\u00dfen, ohne dass ein Treiber erforderlich ist.<\/p>\n<p>Seine Spezifikationen:<\/p>\n<ul>\n<li>Anschluss 1: USB Typ-C Stecker<\/li>\n<li>Anschluss 2: VGA HD15 Buchse\/ USB 3.0 Buchse\/ USB Typ C Buchse<\/li>\n<li>Vergoldete Kontakte, vernickeltes Geh\u00e4use<\/li>\n<li>Kabel-Leiter: Verzinntes Kupfer<\/li>\n<li>Isolierung: Gesch\u00e4umte PE-Haut\/HDPE<\/li>\n<li>Drahtst\u00e4rke: 34\/32\/22AWG<\/li>\n<li>Dreifach geschirmt: verdrilltes Paar Aluminiumfolie, Gesamtaluminiumfolie, Geflecht<\/li>\n<li>Geh\u00e4use: ABS-Schale<\/li>\n<li>Chipsatz: FL7102+IT6516<\/li>\n<li>Mantel: PVC<\/li>\n<li>\u00c4u\u00dferer Durchmesser: 4,2\u00b10,2mm<\/li>\n<li>Einhaltung der Vorschriften: RoHS, REACH, CE<\/li>\n<\/ul>\n<p>Dar\u00fcber hinaus ist er sorgf\u00e4ltig verarbeitet, um eine zuverl\u00e4ssige Leistung zu gew\u00e4hrleisten, und wird von einer 2-j\u00e4hrigen Garantie unterst\u00fctzt. Nehmen Sie noch heute Kontakt mit uns auf und bestellen Sie diesen Multi-Port-Adapter.<\/p>","protected":false},"excerpt":{"rendered":"<p>Entdecken Sie den Farsince 3-in-1-Multiport-Adapter, der USB 3.1 Typ-C-, USB 3.0- und VGA-Anschl\u00fcsse bietet und eine Aufl\u00f6sung von bis zu 1080P unterst\u00fctzt.<\/p>","protected":false},"featured_media":17291,"template":"","meta":{"_acf_changed":false,"_seopress_robots_primary_cat":"","_seopress_titles_title":"Best 3 in 1 Multi Port Adapter - FARSINCE","_seopress_titles_desc":"","_seopress_robots_index":"","site-sidebar-layout":"default","site-content-layout":"default","ast-site-content-layout":"default","site-content-style":"default","site-sidebar-style":"default","ast-global-header-display":"","ast-banner-title-visibility":"","ast-main-header-display":"","ast-hfb-above-header-display":"","ast-hfb-below-header-display":"","ast-hfb-mobile-header-display":"","site-post-title":"","ast-breadcrumbs-content":"","ast-featured-img":"","footer-sml-layout":"","ast-disable-related-posts":"","theme-transparent-header-meta":"default","adv-header-id-meta":"","stick-header-meta":"","header-above-stick-meta":"","header-main-stick-meta":"","header-below-stick-meta":"","astra-migrate-meta-layouts":"default","ast-page-background-enabled":"default","ast-page-background-meta":{"desktop":{"background-color":"","background-image":"","background-repeat":"repeat","background-position":"center center","background-size":"auto","background-attachment":"scroll","background-type":"","background-media":"","overlay-type":"","overlay-color":"","overlay-opacity":"","overlay-gradient":""},"tablet":{"background-color":"","background-image":"","background-repeat":"repeat","background-position":"center center","background-size":"auto","background-attachment":"scroll","background-type":"","background-media":"","overlay-type":"","overlay-color":"","overlay-opacity":"","overlay-gradient":""},"mobile":{"background-color":"","background-image":"","background-repeat":"repeat","background-position":"center center","background-size":"auto","background-attachment":"scroll","background-type":"","background-media":"","overlay-type":"","overlay-color":"","overlay-opacity":"","overlay-gradient":""}},"ast-content-background-meta":{"desktop":{"background-color":"var(--ast-global-color-5)","background-image":"","background-repeat":"repeat","background-position":"center center","background-size":"auto","background-attachment":"scroll","background-type":"","background-media":"","overlay-type":"","overlay-color":"","overlay-opacity":"","overlay-gradient":""},"tablet":{"background-color":"var(--ast-global-color-5)","background-image":"","background-repeat":"repeat","background-position":"center center","background-size":"auto","background-attachment":"scroll","background-type":"","background-media":"","overlay-type":"","overlay-color":"","overlay-opacity":"","overlay-gradient":""},"mobile":{"background-color":"var(--ast-global-color-5)","background-image":"","background-repeat":"repeat","background-position":"center center","background-size":"auto","background-attachment":"scroll","background-type":"","background-media":"","overlay-type":"","overlay-color":"","overlay-opacity":"","overlay-gradient":""}},"iawp_total_views":5},"product_brand":[],"product_cat":[222],"product_tag":[],"class_list":{"0":"post-17282","1":"product","2":"type-product","3":"status-publish","4":"has-post-thumbnail","6":"product_cat-usb-c-cables","7":"desktop-align-left","8":"tablet-align-left","9":"mobile-align-left","11":"first","12":"instock","13":"shipping-taxable","14":"purchasable","15":"product-type-simple"},"acf":[],"_links":{"self":[{"href":"https:\/\/www.fjpremium.com\/de\/wp-json\/wp\/v2\/product\/17282","targetHints":{"allow":["GET"]}}],"collection":[{"href":"https:\/\/www.fjpremium.com\/de\/wp-json\/wp\/v2\/product"}],"about":[{"href":"https:\/\/www.fjpremium.com\/de\/wp-json\/wp\/v2\/types\/product"}],"wp:featuredmedia":[{"embeddable":true,"href":"https:\/\/www.fjpremium.com\/de\/wp-json\/wp\/v2\/media\/17291"}],"wp:attachment":[{"href":"https:\/\/www.fjpremium.com\/de\/wp-json\/wp\/v2\/media?parent=17282"}],"wp:term":[{"taxonomy":"product_brand","embeddable":true,"href":"https:\/\/www.fjpremium.com\/de\/wp-json\/wp\/v2\/product_brand?post=17282"},{"taxonomy":"product_cat","embeddable":true,"href":"https:\/\/www.fjpremium.com\/de\/wp-json\/wp\/v2\/product_cat?post=17282"},{"taxonomy":"product_tag","embeddable":true,"href":"https:\/\/www.fjpremium.com\/de\/wp-json\/wp\/v2\/product_tag?post=17282"}],"curies":[{"name":"wp","href":"https:\/\/api.w.org\/{rel}","templated":true}]}}