{"id":17272,"date":"2021-03-10T15:26:21","date_gmt":"2021-03-10T07:26:21","guid":{"rendered":"https:\/\/www.fjpremium.com\/?post_type=product&#038;p=17272"},"modified":"2023-06-27T13:55:25","modified_gmt":"2023-06-27T05:55:25","slug":"usb-c-to-rj45-gigabit-ethernet-network-adapter","status":"publish","type":"product","link":"https:\/\/www.fjpremium.com\/de\/product\/usb-c-to-rj45-gigabit-ethernet-network-adapter\/","title":{"rendered":"USB-C auf RJ45 Gigabit Ethernet Netzwerk Adapter"},"content":{"rendered":"<p>Der Ethernet-Netzwerkadapter wurde entwickelt, um einen vorhandenen USB-C-Anschluss in einen RJ45-Gigabit-Ethernet-Anschluss mit einer Daten\u00fcbertragungsrate von bis zu 5 Gbit\/s f\u00fcr 1000 BASE-T-Netzwerkleistung zu verwandeln.<\/p>\n<p>Er gew\u00e4hrleistet Abw\u00e4rtskompatibilit\u00e4t zu 10\/100-Mbps-Netzwerken und nutzt die hohe Bandbreite des USB-C-Anschlusses, um echte Gigabit-Ethernet-Geschwindigkeiten zu unterst\u00fctzen.<\/p>\n<p>Es ist keine externe Stromversorgung erforderlich. Schlie\u00dfen Sie den Adapter einfach an einen freien USB-C-Anschluss und ein Cat5e-Kabel an einen RJ45-Netzwerkanschluss an.<\/p>\n<p>Au\u00dferdem eignet sich das kompakte Design perfekt f\u00fcr BYOD-Anwendungen in Bildungs- und Unternehmensumgebungen.<\/p>\n<p>Unser Adapter unterst\u00fctzt die Hochgeschwindigkeits\u00fcbertragung von Dateien und ist damit ideal f\u00fcr die \u00dcbertragung gro\u00dfer Mengen an Multimediadaten.<\/p>\n<p>Seine Spezifikationen:<\/p>\n<ul>\n<li>Vergoldeter Kontakt, vernickeltes Geh\u00e4use<\/li>\n<li>Kabel-Leiter: Verzinntes Kupfer<\/li>\n<li>Isolierung: Gesch\u00e4umte PE-Haut\/HDPE<\/li>\n<li>Drahtst\u00e4rke: 32\/24AWG<\/li>\n<li>Dreifach abgeschirmt: verdrilltes Paar aus Aluminiumfolie, Gesamtaluminiumfolie, Geflecht<\/li>\n<li>Geh\u00e4use: ABS-Schale<\/li>\n<li>Chipsatz: Realtek RTL8153<\/li>\n<li>Mantel: PVC<\/li>\n<li>\u00c4u\u00dferer Durchmesser: 4,2\u00b10,2mm<\/li>\n<li>Einhaltung der Vorschriften: RoHS, REACH, CE<\/li>\n<\/ul>\n<p>Dar\u00fcber hinaus wird er durch die 2-Jahres-Garantie von Farsince unterst\u00fctzt. Zusammenfassend l\u00e4sst sich sagen, dass Sie uns noch heute kontaktieren und in diesen Ethernet-Netzwerkadapter investieren sollten.<\/p>","protected":false},"excerpt":{"rendered":"<p>Erm\u00f6glichen Sie Hochgeschwindigkeits-Internetverbindungen mit unserem USB 3.1 Typ C auf RJ45 Gigabit Ethernet Netzwerkadapter, der sich perfekt f\u00fcr Computer eignet, die keinen kabelgebundenen Ethernet-Anschluss haben.<\/p>","protected":false},"featured_media":17273,"template":"","meta":{"_acf_changed":false,"_seopress_robots_primary_cat":"","_seopress_titles_title":"USB-C to RJ45 Gigabit Ethernet Network Adapter - FARSINCE","_seopress_titles_desc":"","_seopress_robots_index":"","site-sidebar-layout":"default","site-content-layout":"default","ast-site-content-layout":"default","site-content-style":"default","site-sidebar-style":"default","ast-global-header-display":"","ast-banner-title-visibility":"","ast-main-header-display":"","ast-hfb-above-header-display":"","ast-hfb-below-header-display":"","ast-hfb-mobile-header-display":"","site-post-title":"","ast-breadcrumbs-content":"","ast-featured-img":"","footer-sml-layout":"","ast-disable-related-posts":"","theme-transparent-header-meta":"default","adv-header-id-meta":"","stick-header-meta":"","header-above-stick-meta":"","header-main-stick-meta":"","header-below-stick-meta":"","astra-migrate-meta-layouts":"default","ast-page-background-enabled":"default","ast-page-background-meta":{"desktop":{"background-color":"","background-image":"","background-repeat":"repeat","background-position":"center center","background-size":"auto","background-attachment":"scroll","background-type":"","background-media":"","overlay-type":"","overlay-color":"","overlay-opacity":"","overlay-gradient":""},"tablet":{"background-color":"","background-image":"","background-repeat":"repeat","background-position":"center center","background-size":"auto","background-attachment":"scroll","background-type":"","background-media":"","overlay-type":"","overlay-color":"","overlay-opacity":"","overlay-gradient":""},"mobile":{"background-color":"","background-image":"","background-repeat":"repeat","background-position":"center center","background-size":"auto","background-attachment":"scroll","background-type":"","background-media":"","overlay-type":"","overlay-color":"","overlay-opacity":"","overlay-gradient":""}},"ast-content-background-meta":{"desktop":{"background-color":"var(--ast-global-color-5)","background-image":"","background-repeat":"repeat","background-position":"center center","background-size":"auto","background-attachment":"scroll","background-type":"","background-media":"","overlay-type":"","overlay-color":"","overlay-opacity":"","overlay-gradient":""},"tablet":{"background-color":"var(--ast-global-color-5)","background-image":"","background-repeat":"repeat","background-position":"center center","background-size":"auto","background-attachment":"scroll","background-type":"","background-media":"","overlay-type":"","overlay-color":"","overlay-opacity":"","overlay-gradient":""},"mobile":{"background-color":"var(--ast-global-color-5)","background-image":"","background-repeat":"repeat","background-position":"center center","background-size":"auto","background-attachment":"scroll","background-type":"","background-media":"","overlay-type":"","overlay-color":"","overlay-opacity":"","overlay-gradient":""}},"iawp_total_views":3},"product_brand":[],"product_cat":[222],"product_tag":[],"class_list":{"0":"post-17272","1":"product","2":"type-product","3":"status-publish","4":"has-post-thumbnail","6":"product_cat-usb-c-cables","7":"desktop-align-left","8":"tablet-align-left","9":"mobile-align-left","11":"first","12":"instock","13":"shipping-taxable","14":"purchasable","15":"product-type-simple"},"acf":[],"_links":{"self":[{"href":"https:\/\/www.fjpremium.com\/de\/wp-json\/wp\/v2\/product\/17272","targetHints":{"allow":["GET"]}}],"collection":[{"href":"https:\/\/www.fjpremium.com\/de\/wp-json\/wp\/v2\/product"}],"about":[{"href":"https:\/\/www.fjpremium.com\/de\/wp-json\/wp\/v2\/types\/product"}],"wp:featuredmedia":[{"embeddable":true,"href":"https:\/\/www.fjpremium.com\/de\/wp-json\/wp\/v2\/media\/17273"}],"wp:attachment":[{"href":"https:\/\/www.fjpremium.com\/de\/wp-json\/wp\/v2\/media?parent=17272"}],"wp:term":[{"taxonomy":"product_brand","embeddable":true,"href":"https:\/\/www.fjpremium.com\/de\/wp-json\/wp\/v2\/product_brand?post=17272"},{"taxonomy":"product_cat","embeddable":true,"href":"https:\/\/www.fjpremium.com\/de\/wp-json\/wp\/v2\/product_cat?post=17272"},{"taxonomy":"product_tag","embeddable":true,"href":"https:\/\/www.fjpremium.com\/de\/wp-json\/wp\/v2\/product_tag?post=17272"}],"curies":[{"name":"wp","href":"https:\/\/api.w.org\/{rel}","templated":true}]}}