{"id":17245,"date":"2021-03-10T15:21:13","date_gmt":"2021-03-10T07:21:13","guid":{"rendered":"https:\/\/www.fjpremium.com\/?post_type=product&#038;p=17245"},"modified":"2023-06-27T14:00:13","modified_gmt":"2023-06-27T06:00:13","slug":"usb-c-male-to-displayport-female-adapter-8k-ready-2","status":"publish","type":"product","link":"https:\/\/www.fjpremium.com\/de\/product\/usb-c-male-to-displayport-female-adapter-8k-ready-2\/","title":{"rendered":"USB 3.1 Typ C zu DisplayPort Adapter, 8K bereit"},"content":{"rendered":"<p>Unser Adapter wurde entwickelt, um jedes USB-C-f\u00e4hige Ger\u00e4t wie Smartphones, Tablets oder Computer mit HDTVs, Monitoren, Projektoren oder jedem anderen Anzeigeger\u00e4t mit DisplayPort-Eingang zu verbinden.<\/p>\n<p>Er unterst\u00fctzt eine \u00fcberragende 8K@60Hz-Aufl\u00f6sung und gew\u00e4hrleistet hochwertige Videobilder f\u00fcr ein erstklassiges Seherlebnis.<\/p>\n<p>Dieser Adapter nutzt die Audio-\/Video-Unterst\u00fctzung der integrierten USB-C-Anschl\u00fcsse, um eine satte, lebendige Anzeige auf Ihrem DisplayPort-f\u00e4higen HDTV oder Projektor zu erm\u00f6glichen.<\/p>\n<p>Mit seinem kompakten und leichten Design ist er perfekt f\u00fcr BYOD-Anwendungen im Bildungswesen oder in Unternehmen geeignet.<\/p>\n<p>Au\u00dferdem ist es ein Plug-and-Play-Ger\u00e4t, das keine zus\u00e4tzlichen Treiber ben\u00f6tigt und somit einfach und bequem ist.<\/p>\n<p>Seine Spezifikationen:<\/p>\n<ul>\n<li>Anschluss 1: USB Typ-C Stecker<\/li>\n<li>Anschluss 2: DisplayPort(DP)-Buchse<\/li>\n<li>Vergoldeter Kontakt, vergoldetes Geh\u00e4use<\/li>\n<li>Kabel-Leiter: Verzinntes Kupfer<\/li>\n<li>Isolierung: Gesch\u00e4umte PE-Haut\/HDPE<\/li>\n<li>Drahtst\u00e4rke: 32\/32\/26AWG<\/li>\n<li>Dreifach abgeschirmt: verdrilltes Paar aus Aluminiumfolie, Gesamtaluminiumfolie, Geflecht<\/li>\n<li>Geh\u00e4use: ABS-Schale<\/li>\n<li>Chipsatz: CYPD2119\/ENE363<\/li>\n<li>Mantel: PVC<\/li>\n<li>\u00c4u\u00dferer Durchmesser: 4,5\u00b10,2mm<\/li>\n<li>Einhaltung der Vorschriften: RoHS, REACH, CE<\/li>\n<\/ul>\n<p>Dar\u00fcber hinaus wird der hochwertige Typ-C-auf-DisplayPort-Adapter nach den h\u00f6chsten Industriestandards gebaut und kommt mit einer 2-Jahres-Garantie von Farsince, die seine Zuverl\u00e4ssigkeit und Leistung best\u00e4tigt. Insgesamt, kontaktieren Sie uns heute und investieren in sie.<\/p>","protected":false},"excerpt":{"rendered":"<p>Mit dem hochwertigen USB 3.1 Typ C auf DisplayPort-Adapter von Farsince machen Sie einen Sprung in Richtung bessere Display-Qualit\u00e4t und liefern eine hervorragende Bildqualit\u00e4t.<\/p>","protected":false},"featured_media":17254,"template":"","meta":{"_acf_changed":false,"_seopress_robots_primary_cat":"","_seopress_titles_title":"Best USB 3.1 Type C to DisplayPort Adapter - FARSINCE ","_seopress_titles_desc":"","_seopress_robots_index":"","site-sidebar-layout":"default","site-content-layout":"default","ast-site-content-layout":"default","site-content-style":"default","site-sidebar-style":"default","ast-global-header-display":"","ast-banner-title-visibility":"","ast-main-header-display":"","ast-hfb-above-header-display":"","ast-hfb-below-header-display":"","ast-hfb-mobile-header-display":"","site-post-title":"","ast-breadcrumbs-content":"","ast-featured-img":"","footer-sml-layout":"","ast-disable-related-posts":"","theme-transparent-header-meta":"default","adv-header-id-meta":"","stick-header-meta":"","header-above-stick-meta":"","header-main-stick-meta":"","header-below-stick-meta":"","astra-migrate-meta-layouts":"default","ast-page-background-enabled":"default","ast-page-background-meta":{"desktop":{"background-color":"","background-image":"","background-repeat":"repeat","background-position":"center center","background-size":"auto","background-attachment":"scroll","background-type":"","background-media":"","overlay-type":"","overlay-color":"","overlay-opacity":"","overlay-gradient":""},"tablet":{"background-color":"","background-image":"","background-repeat":"repeat","background-position":"center center","background-size":"auto","background-attachment":"scroll","background-type":"","background-media":"","overlay-type":"","overlay-color":"","overlay-opacity":"","overlay-gradient":""},"mobile":{"background-color":"","background-image":"","background-repeat":"repeat","background-position":"center center","background-size":"auto","background-attachment":"scroll","background-type":"","background-media":"","overlay-type":"","overlay-color":"","overlay-opacity":"","overlay-gradient":""}},"ast-content-background-meta":{"desktop":{"background-color":"var(--ast-global-color-5)","background-image":"","background-repeat":"repeat","background-position":"center center","background-size":"auto","background-attachment":"scroll","background-type":"","background-media":"","overlay-type":"","overlay-color":"","overlay-opacity":"","overlay-gradient":""},"tablet":{"background-color":"var(--ast-global-color-5)","background-image":"","background-repeat":"repeat","background-position":"center center","background-size":"auto","background-attachment":"scroll","background-type":"","background-media":"","overlay-type":"","overlay-color":"","overlay-opacity":"","overlay-gradient":""},"mobile":{"background-color":"var(--ast-global-color-5)","background-image":"","background-repeat":"repeat","background-position":"center center","background-size":"auto","background-attachment":"scroll","background-type":"","background-media":"","overlay-type":"","overlay-color":"","overlay-opacity":"","overlay-gradient":""}},"iawp_total_views":3},"product_brand":[],"product_cat":[222],"product_tag":[],"class_list":{"0":"post-17245","1":"product","2":"type-product","3":"status-publish","4":"has-post-thumbnail","6":"product_cat-usb-c-cables","7":"desktop-align-left","8":"tablet-align-left","9":"mobile-align-left","11":"first","12":"instock","13":"shipping-taxable","14":"purchasable","15":"product-type-simple"},"acf":[],"_links":{"self":[{"href":"https:\/\/www.fjpremium.com\/de\/wp-json\/wp\/v2\/product\/17245","targetHints":{"allow":["GET"]}}],"collection":[{"href":"https:\/\/www.fjpremium.com\/de\/wp-json\/wp\/v2\/product"}],"about":[{"href":"https:\/\/www.fjpremium.com\/de\/wp-json\/wp\/v2\/types\/product"}],"wp:featuredmedia":[{"embeddable":true,"href":"https:\/\/www.fjpremium.com\/de\/wp-json\/wp\/v2\/media\/17254"}],"wp:attachment":[{"href":"https:\/\/www.fjpremium.com\/de\/wp-json\/wp\/v2\/media?parent=17245"}],"wp:term":[{"taxonomy":"product_brand","embeddable":true,"href":"https:\/\/www.fjpremium.com\/de\/wp-json\/wp\/v2\/product_brand?post=17245"},{"taxonomy":"product_cat","embeddable":true,"href":"https:\/\/www.fjpremium.com\/de\/wp-json\/wp\/v2\/product_cat?post=17245"},{"taxonomy":"product_tag","embeddable":true,"href":"https:\/\/www.fjpremium.com\/de\/wp-json\/wp\/v2\/product_tag?post=17245"}],"curies":[{"name":"wp","href":"https:\/\/api.w.org\/{rel}","templated":true}]}}