{"id":17244,"date":"2021-03-10T15:21:12","date_gmt":"2021-03-10T07:21:12","guid":{"rendered":"https:\/\/www.fjpremium.com\/?post_type=product&#038;p=17244"},"modified":"2023-06-27T14:15:28","modified_gmt":"2023-06-27T06:15:28","slug":"usb-c-male-to-displayport-female-adapter-8k-ready","status":"publish","type":"product","link":"https:\/\/www.fjpremium.com\/de\/product\/usb-c-male-to-displayport-female-adapter-8k-ready\/","title":{"rendered":"USB-C Stecker auf DisplayPort Buchse 8K Adapter"},"content":{"rendered":"<p>Dieser Adapter wurde speziell f\u00fcr den Anschluss von USB-Typ-C-Ger\u00e4ten wie Smartphones, Tablets oder Computern an ein DisplayPort-f\u00e4higes HDTV-Ger\u00e4t, einen Monitor, Projektor oder andere Anzeigeger\u00e4te entwickelt.<\/p>\n<p>Er bietet volle Audio-\/Video-Unterst\u00fctzung und liefert ein au\u00dfergew\u00f6hnliches Signal an einen DisplayPort HDTV oder Projektor.<\/p>\n<p>Unser 8K-Adapter unterst\u00fctzt Aufl\u00f6sungen von bis zu 8K@60Hz und garantiert so ein hochwertiges visuelles Erlebnis.<\/p>\n<p>Das kompakte Design und die Plug-and-Play-Funktionalit\u00e4t machen es zu einem praktischen Zubeh\u00f6r f\u00fcr BYOD-Anwendungen in Bildungseinrichtungen und Unternehmen.<\/p>\n<p>Seine Spezifikation:<\/p>\n<ul>\n<li>Anschluss 1: USB Typ-C Stecker<\/li>\n<li>Anschluss 2: DisplayPort(DP)-Buchse<\/li>\n<li>Vergoldeter Kontakt, vergoldetes Geh\u00e4use<\/li>\n<li>Kabel-Leiter: Verzinntes Kupfer<\/li>\n<li>Isolierung: Gesch\u00e4umte PE-Haut\/HDPE<\/li>\n<li>Drahtst\u00e4rke: 32\/32\/26AWG<\/li>\n<li>Dreifach geschirmt: verdrilltes Paar Aluminiumfolie, Gesamtaluminiumfolie, Geflecht<\/li>\n<li>Geh\u00e4use: ABS-Schale<\/li>\n<li>Chipsatz: CYPD2119\/ENE363<\/li>\n<li>Mantel: PVC<\/li>\n<li>\u00c4u\u00dferer Durchmesser: 4,5\u00b10,2mm<\/li>\n<li>Einhaltung der Vorschriften: RoHS, REACH, CE<\/li>\n<\/ul>\n<p>Dar\u00fcber hinaus gew\u00e4hrleistet der Adapter die Kompatibilit\u00e4t mit dem reversiblen USB-Typ-C-Stecker, was eine problemlose Verbindung erm\u00f6glicht.<\/p>\n<p>Er entspricht den Industriestandards und wird mit einer 2-Jahres-Garantie geliefert, was ihn zu einer zuverl\u00e4ssigen L\u00f6sung f\u00fcr Ihre Verbindungsanforderungen macht.<\/p>\n<p>Wenden Sie sich also noch heute an uns und erzielen Sie mit unserem Produkt eine hervorragende Display-Leistung.<\/p>","protected":false},"excerpt":{"rendered":"<p>Entdecken Sie ultrahochaufl\u00f6sende Displays mit unserem 8K-Adapter (USB-C-Stecker auf DisplayPort-Buchse), der kompakt und benutzerfreundlich ist und \u00fcber eine garantierte Qualit\u00e4t mit 2 Jahren Garantie verf\u00fcgt.<\/p>","protected":false},"featured_media":17246,"template":"","meta":{"_acf_changed":false,"_seopress_robots_primary_cat":"","_seopress_titles_title":"USB-C Male to DisplayPort Female 8K Adapter - FARSINCE","_seopress_titles_desc":"Discover ultra-high resolution display with our USB-C male to DisplayPort female 8K adapter, which is compact, easy to use, and of assured quality.","_seopress_robots_index":"","site-sidebar-layout":"default","site-content-layout":"default","ast-site-content-layout":"default","site-content-style":"default","site-sidebar-style":"default","ast-global-header-display":"","ast-banner-title-visibility":"","ast-main-header-display":"","ast-hfb-above-header-display":"","ast-hfb-below-header-display":"","ast-hfb-mobile-header-display":"","site-post-title":"","ast-breadcrumbs-content":"","ast-featured-img":"","footer-sml-layout":"","ast-disable-related-posts":"","theme-transparent-header-meta":"default","adv-header-id-meta":"","stick-header-meta":"","header-above-stick-meta":"","header-main-stick-meta":"","header-below-stick-meta":"","astra-migrate-meta-layouts":"default","ast-page-background-enabled":"default","ast-page-background-meta":{"desktop":{"background-color":"","background-image":"","background-repeat":"repeat","background-position":"center center","background-size":"auto","background-attachment":"scroll","background-type":"","background-media":"","overlay-type":"","overlay-color":"","overlay-opacity":"","overlay-gradient":""},"tablet":{"background-color":"","background-image":"","background-repeat":"repeat","background-position":"center center","background-size":"auto","background-attachment":"scroll","background-type":"","background-media":"","overlay-type":"","overlay-color":"","overlay-opacity":"","overlay-gradient":""},"mobile":{"background-color":"","background-image":"","background-repeat":"repeat","background-position":"center center","background-size":"auto","background-attachment":"scroll","background-type":"","background-media":"","overlay-type":"","overlay-color":"","overlay-opacity":"","overlay-gradient":""}},"ast-content-background-meta":{"desktop":{"background-color":"var(--ast-global-color-5)","background-image":"","background-repeat":"repeat","background-position":"center center","background-size":"auto","background-attachment":"scroll","background-type":"","background-media":"","overlay-type":"","overlay-color":"","overlay-opacity":"","overlay-gradient":""},"tablet":{"background-color":"var(--ast-global-color-5)","background-image":"","background-repeat":"repeat","background-position":"center center","background-size":"auto","background-attachment":"scroll","background-type":"","background-media":"","overlay-type":"","overlay-color":"","overlay-opacity":"","overlay-gradient":""},"mobile":{"background-color":"var(--ast-global-color-5)","background-image":"","background-repeat":"repeat","background-position":"center center","background-size":"auto","background-attachment":"scroll","background-type":"","background-media":"","overlay-type":"","overlay-color":"","overlay-opacity":"","overlay-gradient":""}},"iawp_total_views":3},"product_brand":[],"product_cat":[222],"product_tag":[],"class_list":{"0":"post-17244","1":"product","2":"type-product","3":"status-publish","4":"has-post-thumbnail","6":"product_cat-usb-c-cables","7":"desktop-align-left","8":"tablet-align-left","9":"mobile-align-left","11":"first","12":"instock","13":"shipping-taxable","14":"purchasable","15":"product-type-simple"},"acf":[],"_links":{"self":[{"href":"https:\/\/www.fjpremium.com\/de\/wp-json\/wp\/v2\/product\/17244","targetHints":{"allow":["GET"]}}],"collection":[{"href":"https:\/\/www.fjpremium.com\/de\/wp-json\/wp\/v2\/product"}],"about":[{"href":"https:\/\/www.fjpremium.com\/de\/wp-json\/wp\/v2\/types\/product"}],"wp:featuredmedia":[{"embeddable":true,"href":"https:\/\/www.fjpremium.com\/de\/wp-json\/wp\/v2\/media\/17246"}],"wp:attachment":[{"href":"https:\/\/www.fjpremium.com\/de\/wp-json\/wp\/v2\/media?parent=17244"}],"wp:term":[{"taxonomy":"product_brand","embeddable":true,"href":"https:\/\/www.fjpremium.com\/de\/wp-json\/wp\/v2\/product_brand?post=17244"},{"taxonomy":"product_cat","embeddable":true,"href":"https:\/\/www.fjpremium.com\/de\/wp-json\/wp\/v2\/product_cat?post=17244"},{"taxonomy":"product_tag","embeddable":true,"href":"https:\/\/www.fjpremium.com\/de\/wp-json\/wp\/v2\/product_tag?post=17244"}],"curies":[{"name":"wp","href":"https:\/\/api.w.org\/{rel}","templated":true}]}}