{"id":17227,"date":"2021-03-10T15:14:11","date_gmt":"2021-03-10T07:14:11","guid":{"rendered":"https:\/\/www.fjpremium.com\/?post_type=product&#038;p=17227"},"modified":"2023-09-20T10:56:33","modified_gmt":"2023-09-20T02:56:33","slug":"usb-c-male-to-displayport-male-adapter-cable","status":"publish","type":"product","link":"https:\/\/www.fjpremium.com\/de\/product\/usb-c-male-to-displayport-male-adapter-cable\/","title":{"rendered":"Steckbares USB C auf DisplayPort Adapterkabel"},"content":{"rendered":"<p>Das Adapterkabel wurde entwickelt, um hochaufl\u00f6sende Bilder mit bis zu 8K@60Hz zu unterst\u00fctzen. Es ist die erste Wahl f\u00fcr den Anschluss von USB-Typ-C-f\u00e4higen Ger\u00e4ten wie Smartphones, Tablets oder Computern an DisplayPort-f\u00e4hige HDTVs, Monitore oder Projektoren.<\/p>\n<p>Er nutzt die inh\u00e4rente Audio-\/Video-Unterst\u00fctzung der USB Typ-C-Anschl\u00fcsse und liefert hochwertige Audio- und Videosignale an Ihren DisplayPort-f\u00e4higen Bildschirm.<\/p>\n<p>Dar\u00fcber hinaus bietet es eine beeindruckende Medieninteraktion, die gew\u00f6hnliche Videowiedergabe oder Pr\u00e4sentationen in detailreiche visuelle Erlebnisse verwandelt.<\/p>\n<p>Dieses kompakte und leichte USB-C-auf-DisplayPort-Adapterkabel ist ideal f\u00fcr BYOD-Szenarien und eignet sich sowohl f\u00fcr Bildungseinrichtungen als auch f\u00fcr Unternehmensumgebungen.<\/p>\n<p>Der symmetrische USB-Typ-C-Anschluss sorgt f\u00fcr zus\u00e4tzlichen Benutzerkomfort und erm\u00f6glicht ein einfaches Einstecken ohne Orientierungsprobleme. Und die Plug-and-Play-Funktion macht zus\u00e4tzliche Treiber \u00fcberfl\u00fcssig und sorgt f\u00fcr eine m\u00fchelose Einrichtung.<\/p>\n<p>Seine Spezifikationen:<\/p>\n<ul>\n<li>Anschluss 1: USB Typ-C Stecker<\/li>\n<li>Anschluss 2: DisplayPort(DP)-Stecker<\/li>\n<li>Kabel-Leiter: Verzinntes Kupfer<\/li>\n<li>Isolierung: Gesch\u00e4umte PE-Haut\/HDPE<\/li>\n<li>Drahtst\u00e4rke: 32\/32\/26AWG<\/li>\n<li>Dreifach abgeschirmt: verdrilltes Paar aus Aluminiumfolie, Gesamtaluminiumfolie, Geflecht<\/li>\n<li>Chipsatz: CYPD2119 oder ENE363<\/li>\n<li>\u00c4u\u00dferer Durchmesser: 4,5\u00b10,2mm<\/li>\n<li>Einhaltung der Vorschriften: RoHS, REACH, CE, UL<\/li>\n<\/ul>\n<p>Dar\u00fcber hinaus garantieren die zweij\u00e4hrige Garantie von Farsince und die strikte Einhaltung von Industriestandards die Zuverl\u00e4ssigkeit unserer Adapter.<\/p>\n<p>Der robuste PVC-Mantel und das ABS-Geh\u00e4use, die vergoldeten Anschl\u00fcsse und die qualit\u00e4tsgepr\u00fcften internen Komponenten versprechen eine dauerhafte und konstante Leistung.<\/p>\n<p>Kontaktieren Sie uns daher noch heute und bestellen Sie dieses USB C auf DisplayPort Adapterkabel.<\/p>","protected":false},"excerpt":{"rendered":"<p>Aktivieren Sie die 8K-Aufl\u00f6sung mit dem USB-C-auf-DisplayPort-Adapterkabel von Farsince; eine hohe Bildqualit\u00e4t ist gew\u00e4hrleistet, ohne dass zus\u00e4tzliche Treiber erforderlich sind.<\/p>","protected":false},"featured_media":17228,"template":"","meta":{"_acf_changed":false,"_seopress_robots_primary_cat":"","_seopress_titles_title":"Plugable USB C to DisplayPort Adapter Cable - FARSINCE","_seopress_titles_desc":"","_seopress_robots_index":"","site-sidebar-layout":"default","site-content-layout":"default","ast-site-content-layout":"default","site-content-style":"default","site-sidebar-style":"default","ast-global-header-display":"","ast-banner-title-visibility":"","ast-main-header-display":"","ast-hfb-above-header-display":"","ast-hfb-below-header-display":"","ast-hfb-mobile-header-display":"","site-post-title":"","ast-breadcrumbs-content":"","ast-featured-img":"","footer-sml-layout":"","ast-disable-related-posts":"","theme-transparent-header-meta":"default","adv-header-id-meta":"","stick-header-meta":"","header-above-stick-meta":"","header-main-stick-meta":"","header-below-stick-meta":"","astra-migrate-meta-layouts":"set","ast-page-background-enabled":"default","ast-page-background-meta":{"desktop":{"background-color":"","background-image":"","background-repeat":"repeat","background-position":"center center","background-size":"auto","background-attachment":"scroll","background-type":"","background-media":"","overlay-type":"","overlay-color":"","overlay-opacity":"","overlay-gradient":""},"tablet":{"background-color":"","background-image":"","background-repeat":"repeat","background-position":"center center","background-size":"auto","background-attachment":"scroll","background-type":"","background-media":"","overlay-type":"","overlay-color":"","overlay-opacity":"","overlay-gradient":""},"mobile":{"background-color":"","background-image":"","background-repeat":"repeat","background-position":"center center","background-size":"auto","background-attachment":"scroll","background-type":"","background-media":"","overlay-type":"","overlay-color":"","overlay-opacity":"","overlay-gradient":""}},"ast-content-background-meta":{"desktop":{"background-color":"var(--ast-global-color-5)","background-image":"","background-repeat":"repeat","background-position":"center center","background-size":"auto","background-attachment":"scroll","background-type":"","background-media":"","overlay-type":"","overlay-color":"","overlay-opacity":"","overlay-gradient":""},"tablet":{"background-color":"var(--ast-global-color-5)","background-image":"","background-repeat":"repeat","background-position":"center center","background-size":"auto","background-attachment":"scroll","background-type":"","background-media":"","overlay-type":"","overlay-color":"","overlay-opacity":"","overlay-gradient":""},"mobile":{"background-color":"var(--ast-global-color-5)","background-image":"","background-repeat":"repeat","background-position":"center center","background-size":"auto","background-attachment":"scroll","background-type":"","background-media":"","overlay-type":"","overlay-color":"","overlay-opacity":"","overlay-gradient":""}},"iawp_total_views":3},"product_brand":[],"product_cat":[222],"product_tag":[],"class_list":{"0":"post-17227","1":"product","2":"type-product","3":"status-publish","4":"has-post-thumbnail","6":"product_cat-usb-c-cables","7":"desktop-align-left","8":"tablet-align-left","9":"mobile-align-left","11":"first","12":"instock","13":"shipping-taxable","14":"purchasable","15":"product-type-simple"},"acf":[],"_links":{"self":[{"href":"https:\/\/www.fjpremium.com\/de\/wp-json\/wp\/v2\/product\/17227","targetHints":{"allow":["GET"]}}],"collection":[{"href":"https:\/\/www.fjpremium.com\/de\/wp-json\/wp\/v2\/product"}],"about":[{"href":"https:\/\/www.fjpremium.com\/de\/wp-json\/wp\/v2\/types\/product"}],"wp:featuredmedia":[{"embeddable":true,"href":"https:\/\/www.fjpremium.com\/de\/wp-json\/wp\/v2\/media\/17228"}],"wp:attachment":[{"href":"https:\/\/www.fjpremium.com\/de\/wp-json\/wp\/v2\/media?parent=17227"}],"wp:term":[{"taxonomy":"product_brand","embeddable":true,"href":"https:\/\/www.fjpremium.com\/de\/wp-json\/wp\/v2\/product_brand?post=17227"},{"taxonomy":"product_cat","embeddable":true,"href":"https:\/\/www.fjpremium.com\/de\/wp-json\/wp\/v2\/product_cat?post=17227"},{"taxonomy":"product_tag","embeddable":true,"href":"https:\/\/www.fjpremium.com\/de\/wp-json\/wp\/v2\/product_tag?post=17227"}],"curies":[{"name":"wp","href":"https:\/\/api.w.org\/{rel}","templated":true}]}}