{"id":17226,"date":"2021-03-10T15:14:10","date_gmt":"2021-03-10T07:14:10","guid":{"rendered":"https:\/\/www.fjpremium.com\/?post_type=product&#038;p=17226"},"modified":"2023-09-20T10:55:04","modified_gmt":"2023-09-20T02:55:04","slug":"usb-c-male-to-displayport-male-adapter-cable-2","status":"publish","type":"product","link":"https:\/\/www.fjpremium.com\/de\/product\/usb-c-male-to-displayport-male-adapter-cable-2\/","title":{"rendered":"Bestes USB C auf DisplayPort Adapterkabel"},"content":{"rendered":"<p>Das beste USB-C-auf-DisplayPort-Adapterkabel wurde entwickelt, um hervorragende Verbindungen von USB-C-f\u00e4higen Ger\u00e4ten wie Smartphones, Tablets oder Computern zu DisplayPort-kompatiblen Bildschirmen zu erm\u00f6glichen und zeichnet sich durch eine un\u00fcbertroffene Leistung aus.<\/p>\n<p>Er kanalisiert effizient die integrierte Audio-\/Video-Unterst\u00fctzung von USB-Typ-C-Anschl\u00fcssen und erzeugt eine hochwertige Signalausgabe f\u00fcr einen HDTV, Monitor oder Projektor.<\/p>\n<p>Au\u00dferdem unterst\u00fctzt er Aufl\u00f6sungen von bis zu 4K@60Hz oder 8K@60Hz und sorgt so f\u00fcr erstklassige Videoqualit\u00e4t auf Ihrem angeschlossenen Display.<\/p>\n<p>Die Benutzerfreundlichkeit wird durch den reversiblen, symmetrischen USB-Typ-C-Anschluss gew\u00e4hrleistet, der problemlose Verbindungen erm\u00f6glicht.<\/p>\n<p>Dank seiner kompakten und leichten Bauweise l\u00e4sst sich dieses Adapterkabel leicht mitnehmen.<\/p>\n<p>Und es sind keine zus\u00e4tzlichen Treiber erforderlich; die Plug-and-Play-Funktion gew\u00e4hrleistet eine schnelle und einfache Einrichtung.<\/p>\n<p>Seine Spezifikationen:<\/p>\n<ul>\n<li>Anschluss 1: USB Typ-C Stecker<\/li>\n<li>Anschluss 2: DisplayPort(DP)-Stecker<\/li>\n<li>Kabel-Leiter: Verzinntes Kupfer<\/li>\n<li>Isolierung: Gesch\u00e4umte PE-Haut\/HDPE<\/li>\n<li>Drahtst\u00e4rke: 32\/32\/26AWG<\/li>\n<li>Dreifach geschirmt: verdrilltes Paar Aluminiumfolie, Gesamtaluminiumfolie, Geflecht<\/li>\n<li>Geh\u00e4use: ABS-Schale<\/li>\n<li>Chipsatz: CYPD2119 oder ENE363<\/li>\n<li>\u00c4u\u00dferer Durchmesser: 4,5\u00b10,2mm<\/li>\n<\/ul>\n<p>Dar\u00fcber hinaus ist unser robustes Adapterkabel dank der zweij\u00e4hrigen Garantie von Farsince zuverl\u00e4ssig und bietet Ihnen ein sicheres Gef\u00fchl. Die Einhaltung der RoHS-, REACH-, CE- und UL-Normen ist ein Beweis f\u00fcr seine Qualit\u00e4t.<\/p>\n<p>Und seine vergoldeten Anschl\u00fcsse, ein haltbarer PVC-Mantel und ein gut isoliertes Kabel runden die hervorragenden Eigenschaften ab. Kontaktieren Sie uns daher noch heute und investieren Sie in unser bestes USB C auf DisplayPort Adapterkabel.<\/p>","protected":false},"excerpt":{"rendered":"<p>Erweitern Sie Ihre Konnektivit\u00e4tsl\u00f6sungen mit dem besten USB-C-auf-DisplayPort-Adapterkabel, ideal f\u00fcr Smartphones, Tablets oder Computer mit DisplayPort-kompatiblen Bildschirmen<\/p>","protected":false},"featured_media":17236,"template":"","meta":{"_acf_changed":false,"_seopress_robots_primary_cat":"","_seopress_titles_title":"Best USB C to DisplayPort Adapter Cable - FARSINCE","_seopress_titles_desc":"","_seopress_robots_index":"","site-sidebar-layout":"default","site-content-layout":"default","ast-site-content-layout":"default","site-content-style":"default","site-sidebar-style":"default","ast-global-header-display":"","ast-banner-title-visibility":"","ast-main-header-display":"","ast-hfb-above-header-display":"","ast-hfb-below-header-display":"","ast-hfb-mobile-header-display":"","site-post-title":"","ast-breadcrumbs-content":"","ast-featured-img":"","footer-sml-layout":"","ast-disable-related-posts":"","theme-transparent-header-meta":"default","adv-header-id-meta":"","stick-header-meta":"","header-above-stick-meta":"","header-main-stick-meta":"","header-below-stick-meta":"","astra-migrate-meta-layouts":"set","ast-page-background-enabled":"default","ast-page-background-meta":{"desktop":{"background-color":"","background-image":"","background-repeat":"repeat","background-position":"center center","background-size":"auto","background-attachment":"scroll","background-type":"","background-media":"","overlay-type":"","overlay-color":"","overlay-opacity":"","overlay-gradient":""},"tablet":{"background-color":"","background-image":"","background-repeat":"repeat","background-position":"center center","background-size":"auto","background-attachment":"scroll","background-type":"","background-media":"","overlay-type":"","overlay-color":"","overlay-opacity":"","overlay-gradient":""},"mobile":{"background-color":"","background-image":"","background-repeat":"repeat","background-position":"center center","background-size":"auto","background-attachment":"scroll","background-type":"","background-media":"","overlay-type":"","overlay-color":"","overlay-opacity":"","overlay-gradient":""}},"ast-content-background-meta":{"desktop":{"background-color":"var(--ast-global-color-5)","background-image":"","background-repeat":"repeat","background-position":"center center","background-size":"auto","background-attachment":"scroll","background-type":"","background-media":"","overlay-type":"","overlay-color":"","overlay-opacity":"","overlay-gradient":""},"tablet":{"background-color":"var(--ast-global-color-5)","background-image":"","background-repeat":"repeat","background-position":"center center","background-size":"auto","background-attachment":"scroll","background-type":"","background-media":"","overlay-type":"","overlay-color":"","overlay-opacity":"","overlay-gradient":""},"mobile":{"background-color":"var(--ast-global-color-5)","background-image":"","background-repeat":"repeat","background-position":"center center","background-size":"auto","background-attachment":"scroll","background-type":"","background-media":"","overlay-type":"","overlay-color":"","overlay-opacity":"","overlay-gradient":""}},"iawp_total_views":7},"product_brand":[],"product_cat":[222],"product_tag":[],"class_list":{"0":"post-17226","1":"product","2":"type-product","3":"status-publish","4":"has-post-thumbnail","6":"product_cat-usb-c-cables","7":"desktop-align-left","8":"tablet-align-left","9":"mobile-align-left","11":"first","12":"instock","13":"shipping-taxable","14":"purchasable","15":"product-type-simple"},"acf":[],"_links":{"self":[{"href":"https:\/\/www.fjpremium.com\/de\/wp-json\/wp\/v2\/product\/17226","targetHints":{"allow":["GET"]}}],"collection":[{"href":"https:\/\/www.fjpremium.com\/de\/wp-json\/wp\/v2\/product"}],"about":[{"href":"https:\/\/www.fjpremium.com\/de\/wp-json\/wp\/v2\/types\/product"}],"wp:featuredmedia":[{"embeddable":true,"href":"https:\/\/www.fjpremium.com\/de\/wp-json\/wp\/v2\/media\/17236"}],"wp:attachment":[{"href":"https:\/\/www.fjpremium.com\/de\/wp-json\/wp\/v2\/media?parent=17226"}],"wp:term":[{"taxonomy":"product_brand","embeddable":true,"href":"https:\/\/www.fjpremium.com\/de\/wp-json\/wp\/v2\/product_brand?post=17226"},{"taxonomy":"product_cat","embeddable":true,"href":"https:\/\/www.fjpremium.com\/de\/wp-json\/wp\/v2\/product_cat?post=17226"},{"taxonomy":"product_tag","embeddable":true,"href":"https:\/\/www.fjpremium.com\/de\/wp-json\/wp\/v2\/product_tag?post=17226"}],"curies":[{"name":"wp","href":"https:\/\/api.w.org\/{rel}","templated":true}]}}