{"id":17216,"date":"2021-03-10T15:11:38","date_gmt":"2021-03-10T07:11:38","guid":{"rendered":"https:\/\/www.fjpremium.com\/?post_type=product&#038;p=17216"},"modified":"2023-09-20T10:53:06","modified_gmt":"2023-09-20T02:53:06","slug":"usb-c-male-to-hdmi-male-adapter-cable-up-to-8k60hz-3","status":"publish","type":"product","link":"https:\/\/www.fjpremium.com\/de\/product\/usb-c-male-to-hdmi-male-adapter-cable-up-to-8k60hz-3\/","title":{"rendered":"Adapter USB Typ C auf HDMI Kabel, bis zu 8K@60Hz"},"content":{"rendered":"<p>Unser hochwertiges Adapterkabel wurde f\u00fcr den modernen Nutzer entwickelt und verbindet USB-C-f\u00e4hige Ger\u00e4te wie Smartphones, Tablets oder Computer ganz einfach mit HDMI-Displays wie HDTVs, Monitoren oder Projektoren.<\/p>\n<p>Er nutzt die integrierten Audio-\/Video-Funktionen der USB-Typ-C-Anschl\u00fcsse und liefert au\u00dfergew\u00f6hnliche Audio-\/Videosignale an HDMI-Ger\u00e4te. Und mit Unterst\u00fctzung f\u00fcr eine Aufl\u00f6sung von bis zu 8K (3840\u00d72160@60Hz) k\u00f6nnen Sie eine hervorragende Videoqualit\u00e4t auf Ihrem Display erwarten.<\/p>\n<p>Das USB-Typ-C-auf-HDMI-Kabel verf\u00fcgt \u00fcber einen reversiblen, symmetrischen USB-Typ-C-Stecker f\u00fcr nahtlose Konnektivit\u00e4t, w\u00e4hrend die vergoldeten Kontakte und das Geh\u00e4use f\u00fcr dauerhafte Leistung sorgen.<\/p>\n<p>Au\u00dferdem garantieren der verzinnte Kupferleiter und die dreifache Abschirmung eine ununterbrochene Signal\u00fcbertragung.<\/p>\n<p>Seine Spezifikationen:<\/p>\n<ul>\n<li>Anschluss 1: USB Typ-C Stecker<\/li>\n<li>Anschluss 2: HDMI 19 Pin Stecker<\/li>\n<li>Isolierung: Gesch\u00e4umte PE-Haut\/HDPE<\/li>\n<li>Drahtst\u00e4rke: 32\/32\/26AWG<\/li>\n<li>Geh\u00e4use: ABS\/Aluminium-Schale<\/li>\n<li>Chipsatz: RTD2171U oder AG9310 oder RTD2172U<\/li>\n<li>Mantel: PVC<\/li>\n<li>\u00c4u\u00dferer Durchmesser: 4,5\u00b10,2mm<\/li>\n<\/ul>\n<p>Dieses nach Industriestandards getestete und durch eine zweij\u00e4hrige Farsince-Garantie abgesicherte USB-Typ-C-auf-HDMI-Kabel wurde f\u00fcr Zuverl\u00e4ssigkeit, Langlebigkeit und die Einhaltung der RoHS-, REACH- und CE-Normen entwickelt.<\/p>\n<p>Kurzum, kontaktieren Sie uns noch heute und investieren Sie in das Kabel.<\/p>","protected":false},"excerpt":{"rendered":"<p>Entdecken Sie die Spitze der High-Definition-Konnektivit\u00e4t mit dem Farsince USB-Typ-C-auf-HDMI-Kabel, perfekt f\u00fcr den Anschluss von Smartphones, Tablets oder anderen Ger\u00e4ten.<\/p>","protected":false},"featured_media":17217,"template":"","meta":{"_acf_changed":false,"_seopress_robots_primary_cat":"","_seopress_titles_title":"Adapter USB Type C to HDMI Cable, up to 8K@60Hz - FARSINCE","_seopress_titles_desc":"","_seopress_robots_index":"","site-sidebar-layout":"default","site-content-layout":"default","ast-site-content-layout":"default","site-content-style":"default","site-sidebar-style":"default","ast-global-header-display":"","ast-banner-title-visibility":"","ast-main-header-display":"","ast-hfb-above-header-display":"","ast-hfb-below-header-display":"","ast-hfb-mobile-header-display":"","site-post-title":"","ast-breadcrumbs-content":"","ast-featured-img":"","footer-sml-layout":"","ast-disable-related-posts":"","theme-transparent-header-meta":"default","adv-header-id-meta":"","stick-header-meta":"","header-above-stick-meta":"","header-main-stick-meta":"","header-below-stick-meta":"","astra-migrate-meta-layouts":"set","ast-page-background-enabled":"default","ast-page-background-meta":{"desktop":{"background-color":"","background-image":"","background-repeat":"repeat","background-position":"center center","background-size":"auto","background-attachment":"scroll","background-type":"","background-media":"","overlay-type":"","overlay-color":"","overlay-opacity":"","overlay-gradient":""},"tablet":{"background-color":"","background-image":"","background-repeat":"repeat","background-position":"center center","background-size":"auto","background-attachment":"scroll","background-type":"","background-media":"","overlay-type":"","overlay-color":"","overlay-opacity":"","overlay-gradient":""},"mobile":{"background-color":"","background-image":"","background-repeat":"repeat","background-position":"center center","background-size":"auto","background-attachment":"scroll","background-type":"","background-media":"","overlay-type":"","overlay-color":"","overlay-opacity":"","overlay-gradient":""}},"ast-content-background-meta":{"desktop":{"background-color":"var(--ast-global-color-5)","background-image":"","background-repeat":"repeat","background-position":"center center","background-size":"auto","background-attachment":"scroll","background-type":"","background-media":"","overlay-type":"","overlay-color":"","overlay-opacity":"","overlay-gradient":""},"tablet":{"background-color":"var(--ast-global-color-5)","background-image":"","background-repeat":"repeat","background-position":"center center","background-size":"auto","background-attachment":"scroll","background-type":"","background-media":"","overlay-type":"","overlay-color":"","overlay-opacity":"","overlay-gradient":""},"mobile":{"background-color":"var(--ast-global-color-5)","background-image":"","background-repeat":"repeat","background-position":"center center","background-size":"auto","background-attachment":"scroll","background-type":"","background-media":"","overlay-type":"","overlay-color":"","overlay-opacity":"","overlay-gradient":""}},"iawp_total_views":6},"product_brand":[],"product_cat":[222],"product_tag":[],"class_list":{"0":"post-17216","1":"product","2":"type-product","3":"status-publish","4":"has-post-thumbnail","6":"product_cat-usb-c-cables","7":"desktop-align-left","8":"tablet-align-left","9":"mobile-align-left","11":"first","12":"instock","13":"shipping-taxable","14":"purchasable","15":"product-type-simple"},"acf":[],"_links":{"self":[{"href":"https:\/\/www.fjpremium.com\/de\/wp-json\/wp\/v2\/product\/17216","targetHints":{"allow":["GET"]}}],"collection":[{"href":"https:\/\/www.fjpremium.com\/de\/wp-json\/wp\/v2\/product"}],"about":[{"href":"https:\/\/www.fjpremium.com\/de\/wp-json\/wp\/v2\/types\/product"}],"wp:featuredmedia":[{"embeddable":true,"href":"https:\/\/www.fjpremium.com\/de\/wp-json\/wp\/v2\/media\/17217"}],"wp:attachment":[{"href":"https:\/\/www.fjpremium.com\/de\/wp-json\/wp\/v2\/media?parent=17216"}],"wp:term":[{"taxonomy":"product_brand","embeddable":true,"href":"https:\/\/www.fjpremium.com\/de\/wp-json\/wp\/v2\/product_brand?post=17216"},{"taxonomy":"product_cat","embeddable":true,"href":"https:\/\/www.fjpremium.com\/de\/wp-json\/wp\/v2\/product_cat?post=17216"},{"taxonomy":"product_tag","embeddable":true,"href":"https:\/\/www.fjpremium.com\/de\/wp-json\/wp\/v2\/product_tag?post=17216"}],"curies":[{"name":"wp","href":"https:\/\/api.w.org\/{rel}","templated":true}]}}