{"id":17191,"date":"2021-03-10T15:05:46","date_gmt":"2021-03-10T07:05:46","guid":{"rendered":"https:\/\/www.fjpremium.com\/?post_type=product&#038;p=17191"},"modified":"2023-09-20T10:54:18","modified_gmt":"2023-09-20T02:54:18","slug":"usb-c-male-to-hdmi-female-adapter4k-ready","status":"publish","type":"product","link":"https:\/\/www.fjpremium.com\/de\/product\/usb-c-male-to-hdmi-female-adapter4k-ready\/","title":{"rendered":"USB C auf 4K HDMI Adapter"},"content":{"rendered":"<p>Unser erstklassiger Adapter verbindet USB-C-f\u00e4hige Ger\u00e4te wie Smartphones, Tablets oder Computer effizient mit HDMI-f\u00e4higen Bildschirmen wie HDTVs, Monitoren oder Projektoren.<\/p>\n<p>Er nutzt die Audio-\/Videof\u00e4higkeiten von USB Typ-C-Anschl\u00fcssen und liefert ein beeindruckendes Audio-\/Videosignal an HDMI-f\u00e4hige Bildschirme.<\/p>\n<p>Mit Unterst\u00fctzung f\u00fcr eine Aufl\u00f6sung von bis zu 4K (3840\u00d72160 @ 60Hz) garantiert er au\u00dferdem eine hervorragende Videoqualit\u00e4t auf dem von Ihnen gew\u00e4hlten Display.<\/p>\n<p>Die Kompaktheit des Adapters erg\u00e4nzt BYOD-Anwendungen im Bildungs- und Unternehmensbereich, w\u00e4hrend sein geringes Gewicht die Tragbarkeit verbessert.<\/p>\n<p>Der symmetrische, reversible USB-Typ-C-Anschluss sorgt f\u00fcr eine problemlose Nutzung, und dank der Plug-and-Play-Funktion sind keine zus\u00e4tzlichen Treiber erforderlich.<\/p>\n<p>Seine Spezifikationen:<\/p>\n<ul>\n<li>Anschluss 1: USB Typ-C Stecker<\/li>\n<li>Anschluss 2: HDMI 19 Pin Buchse<\/li>\n<li>Kabel-Leiter: Verzinntes Kupfer<\/li>\n<li>Isolierung: Gesch\u00e4umte PE-Haut\/HDPE<\/li>\n<li>Drahtst\u00e4rke: 32\/32\/26AWG<\/li>\n<li>Chipset: RTD2171U\/RTD2172U\/AG9310\/LT8711EH<\/li>\n<li>\u00c4u\u00dferer Durchmesser: 4,5\u00b10,2mm<\/li>\n<\/ul>\n<p>Dar\u00fcber hinaus wird dieser USB-C-auf-4K-HDMI-Adapter durch eine zweij\u00e4hrige Farsince-Garantie unterst\u00fctzt und entspricht den Industriestandards sowie den RoHS-, REACH- und CE-Normen.<\/p>\n<p>Au\u00dferdem verf\u00fcgt er \u00fcber vergoldete Anschl\u00fcsse, eine dreifache Abschirmung, eine PVC-Ummantelung und ein ABS-Geh\u00e4use, was alles auf seine erstklassige Qualit\u00e4t und Haltbarkeit hindeutet. Kontaktieren Sie uns daher noch heute und bestellen Sie unseren USB C auf 4K HDMI Adapter.<\/p>","protected":false},"excerpt":{"rendered":"<p>Holen Sie das Beste aus Ihren Ger\u00e4ten heraus - mit dem hochwertigen USB-C-auf-4K-HDMI-Adapter von Farsince, der perfekt f\u00fcr die Verbindung von Ger\u00e4ten mit USB-C-Anschluss geeignet ist.<\/p>","protected":false},"featured_media":17192,"template":"","meta":{"_acf_changed":false,"_seopress_robots_primary_cat":"","_seopress_titles_title":"Best USB C to 4K HDMI Adapter - FARSINCE","_seopress_titles_desc":"","_seopress_robots_index":"","site-sidebar-layout":"default","site-content-layout":"default","ast-site-content-layout":"default","site-content-style":"default","site-sidebar-style":"default","ast-global-header-display":"","ast-banner-title-visibility":"","ast-main-header-display":"","ast-hfb-above-header-display":"","ast-hfb-below-header-display":"","ast-hfb-mobile-header-display":"","site-post-title":"","ast-breadcrumbs-content":"","ast-featured-img":"","footer-sml-layout":"","ast-disable-related-posts":"","theme-transparent-header-meta":"default","adv-header-id-meta":"","stick-header-meta":"","header-above-stick-meta":"","header-main-stick-meta":"","header-below-stick-meta":"","astra-migrate-meta-layouts":"set","ast-page-background-enabled":"default","ast-page-background-meta":{"desktop":{"background-color":"","background-image":"","background-repeat":"repeat","background-position":"center center","background-size":"auto","background-attachment":"scroll","background-type":"","background-media":"","overlay-type":"","overlay-color":"","overlay-opacity":"","overlay-gradient":""},"tablet":{"background-color":"","background-image":"","background-repeat":"repeat","background-position":"center center","background-size":"auto","background-attachment":"scroll","background-type":"","background-media":"","overlay-type":"","overlay-color":"","overlay-opacity":"","overlay-gradient":""},"mobile":{"background-color":"","background-image":"","background-repeat":"repeat","background-position":"center center","background-size":"auto","background-attachment":"scroll","background-type":"","background-media":"","overlay-type":"","overlay-color":"","overlay-opacity":"","overlay-gradient":""}},"ast-content-background-meta":{"desktop":{"background-color":"var(--ast-global-color-5)","background-image":"","background-repeat":"repeat","background-position":"center center","background-size":"auto","background-attachment":"scroll","background-type":"","background-media":"","overlay-type":"","overlay-color":"","overlay-opacity":"","overlay-gradient":""},"tablet":{"background-color":"var(--ast-global-color-5)","background-image":"","background-repeat":"repeat","background-position":"center center","background-size":"auto","background-attachment":"scroll","background-type":"","background-media":"","overlay-type":"","overlay-color":"","overlay-opacity":"","overlay-gradient":""},"mobile":{"background-color":"var(--ast-global-color-5)","background-image":"","background-repeat":"repeat","background-position":"center center","background-size":"auto","background-attachment":"scroll","background-type":"","background-media":"","overlay-type":"","overlay-color":"","overlay-opacity":"","overlay-gradient":""}},"iawp_total_views":7},"product_brand":[],"product_cat":[222],"product_tag":[],"class_list":{"0":"post-17191","1":"product","2":"type-product","3":"status-publish","4":"has-post-thumbnail","6":"product_cat-usb-c-cables","7":"desktop-align-left","8":"tablet-align-left","9":"mobile-align-left","11":"first","12":"instock","13":"shipping-taxable","14":"purchasable","15":"product-type-simple"},"acf":[],"_links":{"self":[{"href":"https:\/\/www.fjpremium.com\/de\/wp-json\/wp\/v2\/product\/17191","targetHints":{"allow":["GET"]}}],"collection":[{"href":"https:\/\/www.fjpremium.com\/de\/wp-json\/wp\/v2\/product"}],"about":[{"href":"https:\/\/www.fjpremium.com\/de\/wp-json\/wp\/v2\/types\/product"}],"wp:featuredmedia":[{"embeddable":true,"href":"https:\/\/www.fjpremium.com\/de\/wp-json\/wp\/v2\/media\/17192"}],"wp:attachment":[{"href":"https:\/\/www.fjpremium.com\/de\/wp-json\/wp\/v2\/media?parent=17191"}],"wp:term":[{"taxonomy":"product_brand","embeddable":true,"href":"https:\/\/www.fjpremium.com\/de\/wp-json\/wp\/v2\/product_brand?post=17191"},{"taxonomy":"product_cat","embeddable":true,"href":"https:\/\/www.fjpremium.com\/de\/wp-json\/wp\/v2\/product_cat?post=17191"},{"taxonomy":"product_tag","embeddable":true,"href":"https:\/\/www.fjpremium.com\/de\/wp-json\/wp\/v2\/product_tag?post=17191"}],"curies":[{"name":"wp","href":"https:\/\/api.w.org\/{rel}","templated":true}]}}