{"id":17189,"date":"2021-03-10T15:05:24","date_gmt":"2021-03-10T07:05:24","guid":{"rendered":"https:\/\/www.fjpremium.com\/?post_type=product&#038;p=17189"},"modified":"2023-09-20T10:50:40","modified_gmt":"2023-09-20T02:50:40","slug":"usb-c-male-to-hdmi-female-adapter4k-ready-3","status":"publish","type":"product","link":"https:\/\/www.fjpremium.com\/de\/product\/usb-c-male-to-hdmi-female-adapter4k-ready-3\/","title":{"rendered":"HDMI-Buchse auf USB-Stecker-Adapter, 4K-f\u00e4hig"},"content":{"rendered":"<p>Mit unserem kompakten, leichten Adapter k\u00f6nnen Sie ein Smartphone, Tablet, einen Computer oder ein anderes USB-Typ-C-Ger\u00e4t an einen HDMI-f\u00e4higen Bildschirm anschlie\u00dfen.<\/p>\n<p>Ob HDTV, Monitor oder Projektor, er unterst\u00fctzt eine atemberaubende 4K-Aufl\u00f6sung bei 60 Hz f\u00fcr ein beeindruckendes Seherlebnis.<\/p>\n<p>Er verf\u00fcgt \u00fcber einen reversiblen, symmetrischen USB-Typ-C-Anschluss, der das R\u00e4tselraten \u00fcberfl\u00fcssig macht und Ihre Verbindungen schneller und einfacher macht.<\/p>\n<p>Au\u00dferdem ist er Plug-and-Play-f\u00e4hig, so dass keine zus\u00e4tzlichen Treiber erforderlich sind.<\/p>\n<p>Die robuste Bauweise dieses HDMI-Buchse-zu-USB-Stecker-Adapters umfasst ein vergoldetes Geh\u00e4use und einen vergoldeten Kontakt f\u00fcr eine optimale Signal\u00fcbertragung, einen verzinnten Kupferleiter und eine dreifache Abschirmung mit Twisted-Pair-Aluminiumfolie, Gesamtaluminiumfolie und Geflecht f\u00fcr maximale Signalintegrit\u00e4t.<\/p>\n<p>Er ist in einem robusten ABS-Geh\u00e4use untergebracht und enth\u00e4lt einen RTD2171U\/RTD2172U\/AG9310\/LT8711EH-Chipsatz mit einem PVC-Mantel f\u00fcr zus\u00e4tzlichen Schutz.<\/p>\n<p>Seine Spezifikationen:<\/p>\n<ul>\n<li>Anschluss 1: USB Typ-C Stecker<\/li>\n<li>Anschluss 2: HDMI 19 Pin Buchse<\/li>\n<li>Isolierung: Gesch\u00e4umte PE-Haut\/HDPE<\/li>\n<li>Drahtst\u00e4rke: 32\/32\/26AWG<\/li>\n<li>\u00c4u\u00dferer Durchmesser: 4,5\u00b10,2mm<\/li>\n<\/ul>\n<p>Au\u00dferdem entspricht er den RoHS-, REACH- und CE-Normen und wird mit einer 2-j\u00e4hrigen Garantie von Farsince geliefert. Daher kontaktieren Sie uns heute und bestellen Sie unsere HDMI-Buchse auf USB-Stecker-Adapter.<\/p>","protected":false},"excerpt":{"rendered":"<p>Erleben Sie 4K-Qualit\u00e4t auf Ihrem HDMI-Display mit dem Farsince HDMI-Buchse-auf-USB-Stecker-Adapter, Plug-and-Play, langlebig und kompakt, perfekt f\u00fcr BYOD-Anwendungen in Unternehmens- oder Bildungsumgebungen.<\/p>","protected":false},"featured_media":17208,"template":"","meta":{"_acf_changed":false,"_seopress_robots_primary_cat":"","_seopress_titles_title":"HDMI Female to USB Male Adapter,4K ready - FARSINCE","_seopress_titles_desc":"Experience 4K quality on HDMI display with the Farsince HDMI female to USB male adapter, perfect for BYOD applications in corporate or educational environments.","_seopress_robots_index":"","site-sidebar-layout":"default","site-content-layout":"default","ast-site-content-layout":"default","site-content-style":"default","site-sidebar-style":"default","ast-global-header-display":"","ast-banner-title-visibility":"","ast-main-header-display":"","ast-hfb-above-header-display":"","ast-hfb-below-header-display":"","ast-hfb-mobile-header-display":"","site-post-title":"","ast-breadcrumbs-content":"","ast-featured-img":"","footer-sml-layout":"","ast-disable-related-posts":"","theme-transparent-header-meta":"default","adv-header-id-meta":"","stick-header-meta":"","header-above-stick-meta":"","header-main-stick-meta":"","header-below-stick-meta":"","astra-migrate-meta-layouts":"set","ast-page-background-enabled":"default","ast-page-background-meta":{"desktop":{"background-color":"","background-image":"","background-repeat":"repeat","background-position":"center center","background-size":"auto","background-attachment":"scroll","background-type":"","background-media":"","overlay-type":"","overlay-color":"","overlay-opacity":"","overlay-gradient":""},"tablet":{"background-color":"","background-image":"","background-repeat":"repeat","background-position":"center center","background-size":"auto","background-attachment":"scroll","background-type":"","background-media":"","overlay-type":"","overlay-color":"","overlay-opacity":"","overlay-gradient":""},"mobile":{"background-color":"","background-image":"","background-repeat":"repeat","background-position":"center center","background-size":"auto","background-attachment":"scroll","background-type":"","background-media":"","overlay-type":"","overlay-color":"","overlay-opacity":"","overlay-gradient":""}},"ast-content-background-meta":{"desktop":{"background-color":"var(--ast-global-color-5)","background-image":"","background-repeat":"repeat","background-position":"center center","background-size":"auto","background-attachment":"scroll","background-type":"","background-media":"","overlay-type":"","overlay-color":"","overlay-opacity":"","overlay-gradient":""},"tablet":{"background-color":"var(--ast-global-color-5)","background-image":"","background-repeat":"repeat","background-position":"center center","background-size":"auto","background-attachment":"scroll","background-type":"","background-media":"","overlay-type":"","overlay-color":"","overlay-opacity":"","overlay-gradient":""},"mobile":{"background-color":"var(--ast-global-color-5)","background-image":"","background-repeat":"repeat","background-position":"center center","background-size":"auto","background-attachment":"scroll","background-type":"","background-media":"","overlay-type":"","overlay-color":"","overlay-opacity":"","overlay-gradient":""}},"iawp_total_views":8},"product_brand":[],"product_cat":[222],"product_tag":[],"class_list":{"0":"post-17189","1":"product","2":"type-product","3":"status-publish","4":"has-post-thumbnail","6":"product_cat-usb-c-cables","7":"desktop-align-left","8":"tablet-align-left","9":"mobile-align-left","11":"first","12":"instock","13":"shipping-taxable","14":"purchasable","15":"product-type-simple"},"acf":[],"_links":{"self":[{"href":"https:\/\/www.fjpremium.com\/de\/wp-json\/wp\/v2\/product\/17189","targetHints":{"allow":["GET"]}}],"collection":[{"href":"https:\/\/www.fjpremium.com\/de\/wp-json\/wp\/v2\/product"}],"about":[{"href":"https:\/\/www.fjpremium.com\/de\/wp-json\/wp\/v2\/types\/product"}],"wp:featuredmedia":[{"embeddable":true,"href":"https:\/\/www.fjpremium.com\/de\/wp-json\/wp\/v2\/media\/17208"}],"wp:attachment":[{"href":"https:\/\/www.fjpremium.com\/de\/wp-json\/wp\/v2\/media?parent=17189"}],"wp:term":[{"taxonomy":"product_brand","embeddable":true,"href":"https:\/\/www.fjpremium.com\/de\/wp-json\/wp\/v2\/product_brand?post=17189"},{"taxonomy":"product_cat","embeddable":true,"href":"https:\/\/www.fjpremium.com\/de\/wp-json\/wp\/v2\/product_cat?post=17189"},{"taxonomy":"product_tag","embeddable":true,"href":"https:\/\/www.fjpremium.com\/de\/wp-json\/wp\/v2\/product_tag?post=17189"}],"curies":[{"name":"wp","href":"https:\/\/api.w.org\/{rel}","templated":true}]}}